{"id":2,"date":"2020-02-22T01:41:23","date_gmt":"2020-02-22T01:41:23","guid":{"rendered":"https:\/\/visiones.uniandes.edu.co\/vdelahoz\/?page_id=2"},"modified":"2020-02-22T11:17:44","modified_gmt":"2020-02-22T11:17:44","slug":"sobreelproyecto","status":"publish","type":"page","link":"https:\/\/visiones.uniandes.edu.co\/vdelahoz\/","title":{"rendered":"Curadur\u00eda Art\u00edstica y Patrimonio Cultural Mueble"},"content":{"rendered":"\n<h5 class=\"has-text-align-center wp-block-heading\"> El impacto de la curadur\u00eda sobre los imaginarios sobre la identidad en tiempos del pos conflicto, a trav\u00e9s del caso de la exposici\u00f3n &#8220;R\u00edos y Silencios&#8221; en el Museo de Arte Moderno de Bogot\u00e1.<\/h5>\n\n\n\n<figure class=\"wp-block-image size-large\"><img loading=\"lazy\" decoding=\"async\" width=\"560\" height=\"315\" src=\"https:\/\/visiones.uniandes.edu.co\/vdelahoz\/wp-content\/uploads\/sites\/16\/2020\/02\/Green-Crop-Photo-Blog-Banner-4.jpg\" alt=\"\" class=\"wp-image-67\" srcset=\"https:\/\/visiones.uniandes.edu.co\/vdelahoz\/wp-content\/uploads\/sites\/16\/2020\/02\/Green-Crop-Photo-Blog-Banner-4.jpg 560w, https:\/\/visiones.uniandes.edu.co\/vdelahoz\/wp-content\/uploads\/sites\/16\/2020\/02\/Green-Crop-Photo-Blog-Banner-4-300x169.jpg 300w\" sizes=\"auto, (max-width: 560px) 100vw, 560px\" \/><\/figure>\n\n\n\n<div class=\"wp-block-columns is-layout-flex wp-container-core-columns-is-layout-9d6595d7 wp-block-columns-is-layout-flex\">\n<div class=\"wp-block-column is-layout-flow wp-block-column-is-layout-flow\" style=\"flex-basis:33.33%\">\n<h2 class=\"wp-block-heading\">Caso de estudio<\/h2>\n<\/div>\n\n\n\n<div class=\"wp-block-column is-layout-flow wp-block-column-is-layout-flow\" style=\"flex-basis:66.66%\">\n<h4 class=\"wp-block-heading\">R\u00edos y Silencios en el MAMBo.<\/h4>\n\n\n\n<p> Como parte del acercamiento hacia la relaci\u00f3n entre curadur\u00eda art\u00edstica  y patrimonio cultural mueble, el caso alrededor del cual gira el proyecto es la exposici\u00f3n &#8220;R\u00edos y Silencios&#8221; que, entre 2017 y 2018 se present\u00f3 en el Museo de Arte Moderno de Bogot\u00e1. El hecho de centrarse en este caso nace de su particular capacidad de unir un fen\u00f3meno curatorial no tradicional, con un espacio no habituado a este tipo de discursos. En este sentido el impacto de la curadur\u00eda de esta exposici\u00f3n en sus m\u00faltiples dimensiones (acto curatorial, opiniones, memorias, el momento en s\u00ed de la exposici\u00f3n) se convierte en el centro de este proyecto. <\/p>\n<\/div>\n<\/div>\n","protected":false},"excerpt":{"rendered":"<p>El impacto de la curadur\u00eda sobre los imaginarios sobre la identidad en tiempos del pos conflicto, a trav\u00e9s del caso de la exposici\u00f3n &#8220;R\u00edos y Silencios&#8221; en el Museo de Arte Moderno de Bogot\u00e1.<\/p>\n","protected":false},"author":16,"featured_media":0,"parent":0,"menu_order":0,"comment_status":"closed","ping_status":"closed","template":"","meta":{"_themeisle_gutenberg_block_has_review":false,"footnotes":""},"class_list":["post-2","page","type-page","status-publish","hentry"],"_links":{"self":[{"href":"https:\/\/visiones.uniandes.edu.co\/vdelahoz\/wp-json\/wp\/v2\/pages\/2","targetHints":{"allow":["GET"]}}],"collection":[{"href":"https:\/\/visiones.uniandes.edu.co\/vdelahoz\/wp-json\/wp\/v2\/pages"}],"about":[{"href":"https:\/\/visiones.uniandes.edu.co\/vdelahoz\/wp-json\/wp\/v2\/types\/page"}],"author":[{"embeddable":true,"href":"https:\/\/visiones.uniandes.edu.co\/vdelahoz\/wp-json\/wp\/v2\/users\/16"}],"replies":[{"embeddable":true,"href":"https:\/\/visiones.uniandes.edu.co\/vdelahoz\/wp-json\/wp\/v2\/comments?post=2"}],"version-history":[{"count":10,"href":"https:\/\/visiones.uniandes.edu.co\/vdelahoz\/wp-json\/wp\/v2\/pages\/2\/revisions"}],"predecessor-version":[{"id":151,"href":"https:\/\/visiones.uniandes.edu.co\/vdelahoz\/wp-json\/wp\/v2\/pages\/2\/revisions\/151"}],"wp:attachment":[{"href":"https:\/\/visiones.uniandes.edu.co\/vdelahoz\/wp-json\/wp\/v2\/media?parent=2"}],"curies":[{"name":"wp","href":"https:\/\/api.w.org\/{rel}","templated":true}]}}