{"id":2,"date":"2020-02-15T11:55:04","date_gmt":"2020-02-15T11:55:04","guid":{"rendered":"https:\/\/visiones.uniandes.edu.co\/tgomezs\/?page_id=2"},"modified":"2020-02-22T18:45:37","modified_gmt":"2020-02-22T18:45:37","slug":"sobre-el-curso-de-visiones","status":"publish","type":"page","link":"https:\/\/visiones.uniandes.edu.co\/tgomezs\/","title":{"rendered":"Improvisaci\u00f3n musical: barroco y jazz"},"content":{"rendered":"\n<p>\u00bfQu\u00e9 puede tener en com\u00fan la m\u00fasica del periodo barroco y del jazz? \u00bfQu\u00e9 tiene en com\u00fan una m\u00fasica europea del siglo XVII y XVII con una del siglo XX que se gest\u00f3 en Estados Unidos? \u00bfPuede tener algo en com\u00fan una fuga de Bach con el Concierto de Colonia de Keith Jarret?<\/p>\n\n\n\n<p>Aparentemente la m\u00fasica del barroco y el jazz son muy distantes, tanto en tiempo como en estilo, repertorio, notaci\u00f3n e incluso en los factores sociales que los influenciaron. Y, fundamentalmente, si escuchamos una obra del barroco y una de jazz, nos daremos cuenta que son distintas; suenan de manera diferente. <\/p>\n\n\n\n<p>Sin embargo, en medio de tantas diferencias podemos encontrar un elemento en com\u00fan: la improvisaci\u00f3n musical. En la pr\u00e1ctica de la m\u00fasica del barroco y del jazz la improvisaci\u00f3n musical jug\u00f3 un papel muy importante, pues el int\u00e9rprete, por distintas razontes, ten\u00eda una gran libertad para interpretar las piezas musicales. <\/p>\n\n\n\n<p>Soy Tatiana G\u00f3mez S\u00e1nchez, estudiante de la Maestr\u00eda en M\u00fasica con \u00e9nfasis en Musicolog\u00eda de la Universidad de Los Andes. En esta p\u00e1gina publicar\u00e9 los avances de mi proyecto de investigaci\u00f3n,  que busca establecer a partir de la improvisaci\u00f3n musical una relaci\u00f3n entre la m\u00fasica del periodo barroco y del jazz; m\u00fasicas que a simple vista parecen muy distantes pero que gracias a la improvisaci\u00f3n resultan muy cercanas.<\/p>\n\n\n\n<figure class=\"wp-block-gallery columns-2 is-cropped wp-block-gallery-1 is-layout-flex wp-block-gallery-is-layout-flex\"><ul class=\"blocks-gallery-grid\"><li class=\"blocks-gallery-item\"><figure><img loading=\"lazy\" decoding=\"async\" width=\"471\" height=\"272\" src=\"https:\/\/visiones.uniandes.edu.co\/tgomezs\/wp-content\/uploads\/sites\/18\/2020\/02\/Baroque-concerto-1.jpg\" alt=\"\" data-id=\"21\" data-link=\"https:\/\/visiones.uniandes.edu.co\/tgomezs\/sobre-el-curso-de-visiones\/baroque-concerto-1\/\" class=\"wp-image-21\" srcset=\"https:\/\/visiones.uniandes.edu.co\/tgomezs\/wp-content\/uploads\/sites\/18\/2020\/02\/Baroque-concerto-1.jpg 471w, https:\/\/visiones.uniandes.edu.co\/tgomezs\/wp-content\/uploads\/sites\/18\/2020\/02\/Baroque-concerto-1-300x173.jpg 300w\" sizes=\"auto, (max-width: 471px) 100vw, 471px\" \/><\/figure><\/li><li class=\"blocks-gallery-item\"><figure><img loading=\"lazy\" decoding=\"async\" width=\"925\" height=\"720\" src=\"https:\/\/visiones.uniandes.edu.co\/tgomezs\/wp-content\/uploads\/sites\/18\/2020\/02\/jazz-63212_960_720.jpg\" alt=\"\" data-id=\"22\" data-full-url=\"https:\/\/visiones.uniandes.edu.co\/tgomezs\/wp-content\/uploads\/sites\/18\/2020\/02\/jazz-63212_960_720.jpg\" data-link=\"https:\/\/visiones.uniandes.edu.co\/tgomezs\/sobre-el-curso-de-visiones\/jazz-63212_960_720\/\" class=\"wp-image-22\" srcset=\"https:\/\/visiones.uniandes.edu.co\/tgomezs\/wp-content\/uploads\/sites\/18\/2020\/02\/jazz-63212_960_720.jpg 925w, https:\/\/visiones.uniandes.edu.co\/tgomezs\/wp-content\/uploads\/sites\/18\/2020\/02\/jazz-63212_960_720-300x234.jpg 300w, https:\/\/visiones.uniandes.edu.co\/tgomezs\/wp-content\/uploads\/sites\/18\/2020\/02\/jazz-63212_960_720-768x598.jpg 768w\" sizes=\"auto, (max-width: 925px) 100vw, 925px\" \/><\/figure><\/li><\/ul><\/figure>\n","protected":false},"excerpt":{"rendered":"<p>\u00bfQu\u00e9 puede tener en com\u00fan la m\u00fasica del periodo barroco y del jazz? \u00bfQu\u00e9 tiene en com\u00fan una m\u00fasica europea del siglo XVII y XVII con una del siglo XX que se gest\u00f3 en Estados Unidos? \u00bfPuede tener algo en com\u00fan una fuga de Bach con el Concierto de Colonia de Keith Jarret? Aparentemente la [&hellip;]<\/p>\n","protected":false},"author":18,"featured_media":0,"parent":0,"menu_order":0,"comment_status":"closed","ping_status":"open","template":"","meta":{"_themeisle_gutenberg_block_has_review":false,"footnotes":""},"class_list":["post-2","page","type-page","status-publish","hentry"],"_links":{"self":[{"href":"https:\/\/visiones.uniandes.edu.co\/tgomezs\/wp-json\/wp\/v2\/pages\/2","targetHints":{"allow":["GET"]}}],"collection":[{"href":"https:\/\/visiones.uniandes.edu.co\/tgomezs\/wp-json\/wp\/v2\/pages"}],"about":[{"href":"https:\/\/visiones.uniandes.edu.co\/tgomezs\/wp-json\/wp\/v2\/types\/page"}],"author":[{"embeddable":true,"href":"https:\/\/visiones.uniandes.edu.co\/tgomezs\/wp-json\/wp\/v2\/users\/18"}],"replies":[{"embeddable":true,"href":"https:\/\/visiones.uniandes.edu.co\/tgomezs\/wp-json\/wp\/v2\/comments?post=2"}],"version-history":[{"count":8,"href":"https:\/\/visiones.uniandes.edu.co\/tgomezs\/wp-json\/wp\/v2\/pages\/2\/revisions"}],"predecessor-version":[{"id":23,"href":"https:\/\/visiones.uniandes.edu.co\/tgomezs\/wp-json\/wp\/v2\/pages\/2\/revisions\/23"}],"wp:attachment":[{"href":"https:\/\/visiones.uniandes.edu.co\/tgomezs\/wp-json\/wp\/v2\/media?parent=2"}],"curies":[{"name":"wp","href":"https:\/\/api.w.org\/{rel}","templated":true}]}}