{"id":94,"date":"2021-03-17T01:58:14","date_gmt":"2021-03-17T01:58:14","guid":{"rendered":"https:\/\/visiones.uniandes.edu.co\/rruizv\/?page_id=94"},"modified":"2021-05-22T01:56:15","modified_gmt":"2021-05-22T01:56:15","slug":"corpus-bibliografico","status":"publish","type":"page","link":"https:\/\/visiones.uniandes.edu.co\/rruizv\/corpus-bibliografico\/","title":{"rendered":"Corpus bibliogr\u00e1fico"},"content":{"rendered":"\n<p><span class=\"has-inline-color has-black-color\">La bibliograf\u00eda central del trabajo la he dividido en dos grandes \u00e1mbitos de la filosof\u00eda y la literatura antigua.<\/span><\/p>\n\n\n\n<p><strong><span class=\"has-inline-color has-black-color\">Eje griego:<\/span><\/strong><\/p>\n\n\n\n<p><span class=\"has-inline-color has-black-color\">1.<em> Il\u00edada<\/em> y <em>Odisea<\/em>. Homero. (Tanto la guerra como la desventura encarnan las emociones delimitadas). A esto sumamos obras de car\u00e1cter mitol\u00f3gico detallan aspectos m\u00edticos sobre las emociones vinculadas a la angustia como el Terror.<\/span><\/p>\n\n\n\n<figure class=\"wp-block-image size-large\"><img loading=\"lazy\" decoding=\"async\" width=\"1024\" height=\"472\" src=\"https:\/\/visiones.uniandes.edu.co\/rruizv\/wp-content\/uploads\/sites\/90\/2021\/04\/2.-Homero.-Odisea.-1024x472.jpg\" alt=\"\" class=\"wp-image-123\" srcset=\"https:\/\/visiones.uniandes.edu.co\/rruizv\/wp-content\/uploads\/sites\/90\/2021\/04\/2.-Homero.-Odisea.-1024x472.jpg 1024w, https:\/\/visiones.uniandes.edu.co\/rruizv\/wp-content\/uploads\/sites\/90\/2021\/04\/2.-Homero.-Odisea.-300x138.jpg 300w, https:\/\/visiones.uniandes.edu.co\/rruizv\/wp-content\/uploads\/sites\/90\/2021\/04\/2.-Homero.-Odisea.-768x354.jpg 768w, https:\/\/visiones.uniandes.edu.co\/rruizv\/wp-content\/uploads\/sites\/90\/2021\/04\/2.-Homero.-Odisea.-1536x708.jpg 1536w, https:\/\/visiones.uniandes.edu.co\/rruizv\/wp-content\/uploads\/sites\/90\/2021\/04\/2.-Homero.-Odisea.-2048x944.jpg 2048w, https:\/\/visiones.uniandes.edu.co\/rruizv\/wp-content\/uploads\/sites\/90\/2021\/04\/2.-Homero.-Odisea.-1568x723.jpg 1568w\" sizes=\"auto, (max-width: 1024px) 100vw, 1024px\" \/><figcaption><span class=\"has-inline-color has-black-color\">Homero. Odisea. Alianza Editorial.<\/span><\/figcaption><\/figure>\n\n\n\n<p><span class=\"has-inline-color has-black-color\">2.<em> Fragmentos presocr\u00e1ticos<\/em>. (Elementos que definen gran parte de las reflexiones posteriores sobre las ideas del vac\u00edo y la muerte desde la filosof\u00eda). He subido un documento sobre estos textos en <em>Sharepoint<\/em>. [T\u00edtulo: Sobre los presocr\u00e1ticos]. Interesante conexi\u00f3n entre la idea de lo <em>vac\u00edo<\/em> y lo <em>lleno<\/em> con el corpus hipocr\u00e1tico, la melancol\u00eda y con la idea tripartita del ser en Plat\u00f3n en donde lo vac\u00edo y lo lleno se traslada a un \u00e1mbito moral en tanto las funciones de las partes del ser. Adem\u00e1s, sobre el punto del equilibrio de fuerzas y la armon\u00eda.<\/span><\/p>\n\n\n\n<p><span class=\"has-inline-color has-black-color\">3.<em> Tratados<\/em>. Hip\u00f3crates. <em>Enfermedades<\/em>. Galeno. (Estudio de concepciones org\u00e1nicas de las emociones estudiadas). He subido un documento a <em>Sharepoint<\/em> sobre las varias obras de Hip\u00f3crates. Sobre Galeno se precisar\u00e1 la obra <em>Sobre la localizaci\u00f3n de las enfermedades<\/em>.<\/span><\/p>\n\n\n\n<div class=\"wp-block-image\"><figure class=\"aligncenter size-large is-resized\"><img loading=\"lazy\" decoding=\"async\" src=\"https:\/\/visiones.uniandes.edu.co\/rruizv\/wp-content\/uploads\/sites\/90\/2021\/04\/6.-Hipocrates-Tratados.-472x1024.jpg\" alt=\"\" class=\"wp-image-124\" width=\"197\" height=\"428\" srcset=\"https:\/\/visiones.uniandes.edu.co\/rruizv\/wp-content\/uploads\/sites\/90\/2021\/04\/6.-Hipocrates-Tratados.-472x1024.jpg 472w, https:\/\/visiones.uniandes.edu.co\/rruizv\/wp-content\/uploads\/sites\/90\/2021\/04\/6.-Hipocrates-Tratados.-138x300.jpg 138w, https:\/\/visiones.uniandes.edu.co\/rruizv\/wp-content\/uploads\/sites\/90\/2021\/04\/6.-Hipocrates-Tratados.-768x1666.jpg 768w, https:\/\/visiones.uniandes.edu.co\/rruizv\/wp-content\/uploads\/sites\/90\/2021\/04\/6.-Hipocrates-Tratados.-708x1536.jpg 708w, https:\/\/visiones.uniandes.edu.co\/rruizv\/wp-content\/uploads\/sites\/90\/2021\/04\/6.-Hipocrates-Tratados.-944x2048.jpg 944w, https:\/\/visiones.uniandes.edu.co\/rruizv\/wp-content\/uploads\/sites\/90\/2021\/04\/6.-Hipocrates-Tratados.-1568x3401.jpg 1568w, https:\/\/visiones.uniandes.edu.co\/rruizv\/wp-content\/uploads\/sites\/90\/2021\/04\/6.-Hipocrates-Tratados.-scaled.jpg 1180w\" sizes=\"auto, (max-width: 197px) 100vw, 197px\" \/><figcaption><span class=\"has-inline-color has-black-color\">Hip\u00f3crates. Trtados. Ed. Gredos.<\/span><\/figcaption><\/figure><\/div>\n\n\n\n<p><span class=\"has-inline-color has-black-color\">4. <em>Tragedias<\/em> de Esquilo, S\u00f3focles y Eur\u00edpides. (Las tragedias, desde lo expl\u00edcitamente externo y mitol\u00f3gico (Esquilo), hasta la idea del destino y lo inevitable (S\u00f3focles), y la angustia de la muerte y el vac\u00edo interno (Eur\u00edpides) son los puntos en que se har\u00e1 \u00e9nfasis). <\/span><\/p>\n\n\n\n<figure class=\"wp-block-image size-large\"><img loading=\"lazy\" decoding=\"async\" width=\"960\" height=\"960\" src=\"https:\/\/visiones.uniandes.edu.co\/rruizv\/wp-content\/uploads\/sites\/90\/2021\/04\/WhatsApp-Image-2021-04-27-at-20.14.03-edited.jpeg\" alt=\"\" class=\"wp-image-126\" srcset=\"https:\/\/visiones.uniandes.edu.co\/rruizv\/wp-content\/uploads\/sites\/90\/2021\/04\/WhatsApp-Image-2021-04-27-at-20.14.03-edited.jpeg 960w, https:\/\/visiones.uniandes.edu.co\/rruizv\/wp-content\/uploads\/sites\/90\/2021\/04\/WhatsApp-Image-2021-04-27-at-20.14.03-edited-300x300.jpeg 300w, https:\/\/visiones.uniandes.edu.co\/rruizv\/wp-content\/uploads\/sites\/90\/2021\/04\/WhatsApp-Image-2021-04-27-at-20.14.03-edited-150x150.jpeg 150w, https:\/\/visiones.uniandes.edu.co\/rruizv\/wp-content\/uploads\/sites\/90\/2021\/04\/WhatsApp-Image-2021-04-27-at-20.14.03-edited-768x768.jpeg 768w\" sizes=\"auto, (max-width: 960px) 100vw, 960px\" \/><figcaption>Esquilo, S\u00f3focles y Eur\u00edpides. Obras completas. Ed. C\u00e1tedra.<\/figcaption><\/figure>\n\n\n\n<p><span class=\"has-inline-color has-black-color\">5<em>. Men\u00f3n. Teetetes. Banquete. Fed\u00f3n. Rep\u00fablica. Timeo. Sofista<\/em>. Plat\u00f3n. (Posturas filos\u00f3ficas frente a las ideas de la muerte; la teor\u00eda tripartita del ser, la metaf\u00edsica de las emociones y la b\u00fasqueda constante de principios y formulaciones sobre el tema). Aqu\u00ed es importante anotar el retrato de S\u00f3crates que tambi\u00e9n figura en Jenofonte, adem\u00e1s de algunas de sus obras como la <em>An\u00e1basis<\/em>, donde los hechos hist\u00f3ricos y las condiciones clim\u00e1ticas tienen un papel fundamental en su visi\u00f3n emotiva sobre los personajes.<\/span><\/p>\n\n\n\n<p><span class=\"has-inline-color has-black-color\">6.<em> F\u00edsica<\/em>. <em>Metaf\u00edsica<\/em>. <em>Problema XXX<\/em>. Arist\u00f3teles. (Sistematizaci\u00f3n y an\u00e1lisis sobre las ideas del horror al vac\u00edo y la melancol\u00eda. Interesa ver el punto de vista naturalista y el establecimiento de un paradigma de investigaci\u00f3n sobre estas emociones. Aqu\u00ed es interesante revisar tambi\u00e9n la <em>Historia natural<\/em> de Plinio el Viejo).<\/span><\/p>\n\n\n\n<figure class=\"wp-block-image size-large\"><img loading=\"lazy\" decoding=\"async\" width=\"960\" height=\"960\" src=\"https:\/\/visiones.uniandes.edu.co\/rruizv\/wp-content\/uploads\/sites\/90\/2021\/04\/WhatsApp-Image-2021-04-27-at-20.18.23-edited.jpeg\" alt=\"\" class=\"wp-image-128\" srcset=\"https:\/\/visiones.uniandes.edu.co\/rruizv\/wp-content\/uploads\/sites\/90\/2021\/04\/WhatsApp-Image-2021-04-27-at-20.18.23-edited.jpeg 960w, https:\/\/visiones.uniandes.edu.co\/rruizv\/wp-content\/uploads\/sites\/90\/2021\/04\/WhatsApp-Image-2021-04-27-at-20.18.23-edited-300x300.jpeg 300w, https:\/\/visiones.uniandes.edu.co\/rruizv\/wp-content\/uploads\/sites\/90\/2021\/04\/WhatsApp-Image-2021-04-27-at-20.18.23-edited-150x150.jpeg 150w, https:\/\/visiones.uniandes.edu.co\/rruizv\/wp-content\/uploads\/sites\/90\/2021\/04\/WhatsApp-Image-2021-04-27-at-20.18.23-edited-768x768.jpeg 768w\" sizes=\"auto, (max-width: 960px) 100vw, 960px\" \/><figcaption><span class=\"has-inline-color has-black-color\">Arist\u00f3teles. Metaf\u00edsica. Ed. Gredos.<\/span><\/figcaption><\/figure>\n\n\n\n<p><span class=\"has-inline-color has-black-color\">7. <em>Fragmentos<\/em>. Epicuro. (Nuevas interpretaciones sobre la naturaleza humana y preponderancia de reflexiones sobre la humanidad y las emociones del ser respecto a la exteriorizaci\u00f3n de la emotividad). Seg\u00fan la recomendaci\u00f3n de la profesora, que desde luego profundizar\u00e9, habr\u00eda una interesante relaci\u00f3n entre emociones y vac\u00edo en el ser, al entender que en el fondo de aquellas hay un deseo vac\u00edo o vano. Todo esto es fundamental respecto al desarrollo de la teor\u00eda atomista que encontramos en:<\/span><\/p>\n\n\n\n<p><strong>Eje romano:<\/strong><\/p>\n\n\n\n<p><span class=\"has-inline-color has-black-color\">1.<em> Sobre la naturaleza<\/em>. Lucrecio. (Para el desarrollo de la idea del vac\u00edo y la constituci\u00f3n misma de la naturaleza del mundo). Aqu\u00ed entramos en el segundo eje o momento del an\u00e1lisis de lo inaprensible en la filosof\u00eda antigua romana. Al realizar estas conexiones, iniciamos esta segunda parte, como la primera, con obras literarias centrales para el posterior an\u00e1lisis filos\u00f3fico:<\/span><\/p>\n\n\n\n<p><span class=\"has-inline-color has-black-color\">2.<em> Eneida. Buc\u00f3licas. Ge\u00f3rgicas<\/em>. Virgilio. (Equiparo estos escritos a la <em>Iliada<\/em> y a la <em>Odisea<\/em> para el prop\u00f3sito investigativo). Sobre <em>Buc\u00f3licas<\/em> y <em>Ge\u00f3rgicas<\/em>, quiero decir que lecturas recientes han vuelto mi mirada sobre ellas respecto a ideas como la melancol\u00eda, la nostalgia y el desasosiego. Lo mismo puedo formular sobre las <em>Tristes<\/em> y <em>P\u00f3nticas<\/em> de Ovidio.<\/span><\/p>\n\n\n\n<p><span class=\"has-inline-color has-black-color\">3<em>. Odas. Epodos. S\u00e1tiras. Ep\u00edstolas. Arte po\u00e9tica<\/em>. Horacio. (Visiones de las emociones en el contexto romano, tambi\u00e9n el tema de la muerte en las odas.). Junto a Cicer\u00f3n y S\u00e9neca, debo admitir que solo conozco en t\u00e9rminos generales los temas y la filosof\u00eda (especialmente de los dos \u00faltimos). No obstante, revisando los temas y los \u00edndices comprendo que ser\u00edan de mucha ayuda para la reflexi\u00f3n propuesta.<\/span><\/p>\n\n\n\n<p><span class=\"has-inline-color has-black-color\">4.<em> Eneadas<\/em>. Plotino. (Obra que tomar\u00e9 como un punto de conclusi\u00f3n de la filosof\u00eda neoplat\u00f3nica respecto a las emociones estudiadas. Esto, desde luego, queda sujeto al avance de la investigaci\u00f3n).<\/span><\/p>\n\n\n\n<p class=\"has-text-align-center\"><strong><span class=\"has-inline-color has-black-color\">Corpus secundario<\/span><\/strong><\/p>\n\n\n\n<p><span class=\"has-inline-color has-black-color\">Askay, R. y Farquhar, J. (2006). Unity and Separation: Freud and Greek Philosophy. En <em>Apprehending the Inaccessible. Freudian Psychoanalysis and Existential Phenomenology<\/em>. Northwestern University Press. 54-71.<\/span><\/p>\n\n\n\n<p><span class=\"has-inline-color has-black-color\">Gual, C. (2002). <em>Epicuro<\/em>. Alianza Editorial. (Lo considero de importancia por cuanto ofrece una visi\u00f3n completa y sintetizada de los fragmentos y de an\u00e1lisis sobre este fil\u00f3sofo).<\/span><\/p>\n\n\n\n<p><span class=\"has-inline-color has-black-color\">J\u00e1mblico<em>. Sobre los misterios egipcios<\/em>. <em>Vida pitag\u00f3rica. Protr\u00e9ptico<\/em>. (Testimonio central sobre las ideas pitag\u00f3ricas sobre el vac\u00edo y concepciones sobre la muerte y lo desconocido al ser humano).<\/span><\/p>\n\n\n\n<p><span class=\"has-inline-color has-black-color\">Klibansky, R., Panofsky, E. y Saxl, F. (1991). <em>Saturno y la melancol\u00eda<\/em>. Alianza Editorial. (Como investigaci\u00f3n de fuentes es central. Me ha ayudado y seguir\u00e1 haci\u00e9ndolo, debido a su extensi\u00f3n, durante gran parte del trabajo).<\/span><\/p>\n\n\n\n<p><span class=\"has-inline-color has-black-color\">Robinson, J. (2005). <em>Deeper Than Reason. Emotion and its Role in Literature, Music, and Art<\/em>. Clarendon Press. Oxford. (Ha clarificado todo un espectro de an\u00e1lisis respecto a las emociones, principalmente sobre lo que son y c\u00f3mo operan. He subido un documento en <em>Sharepoint<\/em>. [T\u00edtulo: Sobre Jenefer Robinson: Deeper than Reason).<\/span><\/p>\n\n\n\n<p><span class=\"has-inline-color has-black-color\">Megino, C. (2002). El origen de la idea del vac\u00edo en Grecia. <em>\u00c9ndoxa: series filos\u00f3ficas<\/em> 16, pp. 313-332.<\/span><\/p>\n\n\n\n<p><span class=\"has-inline-color has-black-color\">Toohey, P. (2007). <em>Melancholy, Love, and Time. Boundaries of the Self in Ancient Literature<\/em>. The University of Michigan Press.<\/span><\/p>\n\n\n\n<p><span class=\"has-inline-color has-black-color\">Sobre mitolog\u00eda: <em>Teogon\u00eda<\/em> de Hes\u00edodo; <em>Metamorfosis<\/em> de Ovidio y <em>Biblioteca<\/em> de Apolodoro.<\/span><\/p>\n\n\n\n<div class=\"wp-block-image\"><figure class=\"aligncenter size-large\"><img loading=\"lazy\" decoding=\"async\" width=\"512\" height=\"384\" src=\"https:\/\/visiones.uniandes.edu.co\/rruizv\/wp-content\/uploads\/sites\/90\/2021\/04\/Twin-Peaks.png\" alt=\"\" class=\"wp-image-171\" srcset=\"https:\/\/visiones.uniandes.edu.co\/rruizv\/wp-content\/uploads\/sites\/90\/2021\/04\/Twin-Peaks.png 512w, https:\/\/visiones.uniandes.edu.co\/rruizv\/wp-content\/uploads\/sites\/90\/2021\/04\/Twin-Peaks-300x225.png 300w\" sizes=\"auto, (max-width: 512px) 100vw, 512px\" \/><figcaption><span class=\"has-inline-color has-black-color\">Twen Peaks. David Lynch y Mark Frost.<\/span><\/figcaption><\/figure><\/div>\n","protected":false},"excerpt":{"rendered":"<p>La bibliograf\u00eda central del trabajo la he dividido en dos grandes \u00e1mbitos de la filosof\u00eda y la literatura antigua. Eje griego: 1. Il\u00edada y Odisea. Homero. (Tanto la guerra como<span class=\"more-button\"><a href=\"https:\/\/visiones.uniandes.edu.co\/rruizv\/corpus-bibliografico\/\" class=\"more-link\">Continue reading<span class=\"screen-reader-text\">Corpus bibliogr\u00e1fico<\/span><\/a><\/span><\/p>\n","protected":false},"author":90,"featured_media":0,"parent":0,"menu_order":0,"comment_status":"closed","ping_status":"closed","template":"","meta":{"_themeisle_gutenberg_block_has_review":false,"footnotes":""},"class_list":["post-94","page","type-page","status-publish","hentry"],"_links":{"self":[{"href":"https:\/\/visiones.uniandes.edu.co\/rruizv\/wp-json\/wp\/v2\/pages\/94","targetHints":{"allow":["GET"]}}],"collection":[{"href":"https:\/\/visiones.uniandes.edu.co\/rruizv\/wp-json\/wp\/v2\/pages"}],"about":[{"href":"https:\/\/visiones.uniandes.edu.co\/rruizv\/wp-json\/wp\/v2\/types\/page"}],"author":[{"embeddable":true,"href":"https:\/\/visiones.uniandes.edu.co\/rruizv\/wp-json\/wp\/v2\/users\/90"}],"replies":[{"embeddable":true,"href":"https:\/\/visiones.uniandes.edu.co\/rruizv\/wp-json\/wp\/v2\/comments?post=94"}],"version-history":[{"count":8,"href":"https:\/\/visiones.uniandes.edu.co\/rruizv\/wp-json\/wp\/v2\/pages\/94\/revisions"}],"predecessor-version":[{"id":258,"href":"https:\/\/visiones.uniandes.edu.co\/rruizv\/wp-json\/wp\/v2\/pages\/94\/revisions\/258"}],"wp:attachment":[{"href":"https:\/\/visiones.uniandes.edu.co\/rruizv\/wp-json\/wp\/v2\/media?parent=94"}],"curies":[{"name":"wp","href":"https:\/\/api.w.org\/{rel}","templated":true}]}}