{"id":89,"date":"2021-03-17T01:49:50","date_gmt":"2021-03-17T01:49:50","guid":{"rendered":"https:\/\/visiones.uniandes.edu.co\/rruizv\/?page_id=89"},"modified":"2021-05-20T23:52:06","modified_gmt":"2021-05-20T23:52:06","slug":"galeria","status":"publish","type":"page","link":"https:\/\/visiones.uniandes.edu.co\/rruizv\/galeria\/","title":{"rendered":"La reuni\u00f3n de las obras perdidas"},"content":{"rendered":"\n<figure class=\"wp-block-image size-large\"><img loading=\"lazy\" decoding=\"async\" width=\"933\" height=\"700\" src=\"https:\/\/visiones.uniandes.edu.co\/rruizv\/wp-content\/uploads\/sites\/90\/2021\/03\/Amanecer-de-otono-1910.-Jakub-Schikaneder.jpg\" alt=\"\" class=\"wp-image-19\" srcset=\"https:\/\/visiones.uniandes.edu.co\/rruizv\/wp-content\/uploads\/sites\/90\/2021\/03\/Amanecer-de-otono-1910.-Jakub-Schikaneder.jpg 933w, https:\/\/visiones.uniandes.edu.co\/rruizv\/wp-content\/uploads\/sites\/90\/2021\/03\/Amanecer-de-otono-1910.-Jakub-Schikaneder-300x225.jpg 300w, https:\/\/visiones.uniandes.edu.co\/rruizv\/wp-content\/uploads\/sites\/90\/2021\/03\/Amanecer-de-otono-1910.-Jakub-Schikaneder-768x576.jpg 768w\" sizes=\"auto, (max-width: 933px) 100vw, 933px\" \/><figcaption><span class=\"has-inline-color has-black-color\">Amanecer de oto\u00f1o, 1910. Jakub Schikaneder<\/span><\/figcaption><\/figure>\n\n\n\n<div class=\"wp-block-image\"><figure class=\"aligncenter size-large\"><img loading=\"lazy\" decoding=\"async\" width=\"587\" height=\"700\" src=\"https:\/\/visiones.uniandes.edu.co\/rruizv\/wp-content\/uploads\/sites\/90\/2021\/03\/Cortesana-melancolica-ca.-1750.-Desconocido.jpg\" alt=\"\" class=\"wp-image-20\" srcset=\"https:\/\/visiones.uniandes.edu.co\/rruizv\/wp-content\/uploads\/sites\/90\/2021\/03\/Cortesana-melancolica-ca.-1750.-Desconocido.jpg 587w, https:\/\/visiones.uniandes.edu.co\/rruizv\/wp-content\/uploads\/sites\/90\/2021\/03\/Cortesana-melancolica-ca.-1750.-Desconocido-252x300.jpg 252w\" sizes=\"auto, (max-width: 587px) 100vw, 587px\" \/><figcaption><span class=\"has-inline-color has-black-color\">Cortesana melanc\u00f3lica, ca. 1750. Desconocido<\/span><\/figcaption><\/figure><\/div>\n\n\n\n<div class=\"wp-block-image\"><figure class=\"aligncenter size-large\"><img loading=\"lazy\" decoding=\"async\" width=\"859\" height=\"700\" src=\"https:\/\/visiones.uniandes.edu.co\/rruizv\/wp-content\/uploads\/sites\/90\/2021\/05\/El-incomprendido-ca.-1903-1904-Andre-Victor-Edouard-Devambez..jpg\" alt=\"\" class=\"wp-image-185\" srcset=\"https:\/\/visiones.uniandes.edu.co\/rruizv\/wp-content\/uploads\/sites\/90\/2021\/05\/El-incomprendido-ca.-1903-1904-Andre-Victor-Edouard-Devambez..jpg 859w, https:\/\/visiones.uniandes.edu.co\/rruizv\/wp-content\/uploads\/sites\/90\/2021\/05\/El-incomprendido-ca.-1903-1904-Andre-Victor-Edouard-Devambez.-300x244.jpg 300w, https:\/\/visiones.uniandes.edu.co\/rruizv\/wp-content\/uploads\/sites\/90\/2021\/05\/El-incomprendido-ca.-1903-1904-Andre-Victor-Edouard-Devambez.-768x626.jpg 768w\" sizes=\"auto, (max-width: 859px) 100vw, 859px\" \/><figcaption><span class=\"has-inline-color has-black-color\">El incomprendido, ca. 1903-1904. Andr\u00e9 Victor Edouard Devambez.<\/span><\/figcaption><\/figure><\/div>\n\n\n\n<div class=\"wp-block-image\"><figure class=\"aligncenter size-large\"><img loading=\"lazy\" decoding=\"async\" width=\"566\" height=\"700\" src=\"https:\/\/visiones.uniandes.edu.co\/rruizv\/wp-content\/uploads\/sites\/90\/2021\/03\/Dulce-melancolia-1756.-Joseph-Marie-Vien.jpg\" alt=\"\" class=\"wp-image-21\" srcset=\"https:\/\/visiones.uniandes.edu.co\/rruizv\/wp-content\/uploads\/sites\/90\/2021\/03\/Dulce-melancolia-1756.-Joseph-Marie-Vien.jpg 566w, https:\/\/visiones.uniandes.edu.co\/rruizv\/wp-content\/uploads\/sites\/90\/2021\/03\/Dulce-melancolia-1756.-Joseph-Marie-Vien-243x300.jpg 243w\" sizes=\"auto, (max-width: 566px) 100vw, 566px\" \/><figcaption><span class=\"has-inline-color has-black-color\">Dulce melancol\u00eda, 1756. Joseph Marie Vien<\/span><\/figcaption><\/figure><\/div>\n\n\n\n<div class=\"wp-block-image\"><figure class=\"aligncenter size-large\"><img loading=\"lazy\" decoding=\"async\" width=\"859\" height=\"700\" src=\"https:\/\/visiones.uniandes.edu.co\/rruizv\/wp-content\/uploads\/sites\/90\/2021\/05\/El-pobre-pescador-1881.-Pierre-Puvis-de-Chavannes..jpg\" alt=\"\" class=\"wp-image-187\" srcset=\"https:\/\/visiones.uniandes.edu.co\/rruizv\/wp-content\/uploads\/sites\/90\/2021\/05\/El-pobre-pescador-1881.-Pierre-Puvis-de-Chavannes..jpg 859w, https:\/\/visiones.uniandes.edu.co\/rruizv\/wp-content\/uploads\/sites\/90\/2021\/05\/El-pobre-pescador-1881.-Pierre-Puvis-de-Chavannes.-300x244.jpg 300w, https:\/\/visiones.uniandes.edu.co\/rruizv\/wp-content\/uploads\/sites\/90\/2021\/05\/El-pobre-pescador-1881.-Pierre-Puvis-de-Chavannes.-768x626.jpg 768w\" sizes=\"auto, (max-width: 859px) 100vw, 859px\" \/><figcaption><span class=\"has-inline-color has-black-color\">El pobre pescador, 1881. Pierre Puvis de Chavannes.<\/span><\/figcaption><\/figure><\/div>\n\n\n\n<div class=\"wp-block-image\"><figure class=\"aligncenter size-large\"><img loading=\"lazy\" decoding=\"async\" width=\"481\" height=\"700\" src=\"https:\/\/visiones.uniandes.edu.co\/rruizv\/wp-content\/uploads\/sites\/90\/2021\/03\/Dulce-melancolia-1875.-George-John-Pinwell.jpg\" alt=\"\" class=\"wp-image-22\" srcset=\"https:\/\/visiones.uniandes.edu.co\/rruizv\/wp-content\/uploads\/sites\/90\/2021\/03\/Dulce-melancolia-1875.-George-John-Pinwell.jpg 481w, https:\/\/visiones.uniandes.edu.co\/rruizv\/wp-content\/uploads\/sites\/90\/2021\/03\/Dulce-melancolia-1875.-George-John-Pinwell-206x300.jpg 206w\" sizes=\"auto, (max-width: 481px) 100vw, 481px\" \/><figcaption><span class=\"has-inline-color has-black-color\">Dulce melancol\u00eda, 1875. George John Pinwell<\/span><\/figcaption><\/figure><\/div>\n\n\n\n<div class=\"wp-block-image\"><figure class=\"aligncenter size-large\"><img loading=\"lazy\" decoding=\"async\" width=\"432\" height=\"700\" src=\"https:\/\/visiones.uniandes.edu.co\/rruizv\/wp-content\/uploads\/sites\/90\/2021\/03\/Este-joven-Principe-se-nublo-con-una-profunda-melancolia-Harold-Copping.jpg\" alt=\"\" class=\"wp-image-23\" srcset=\"https:\/\/visiones.uniandes.edu.co\/rruizv\/wp-content\/uploads\/sites\/90\/2021\/03\/Este-joven-Principe-se-nublo-con-una-profunda-melancolia-Harold-Copping.jpg 432w, https:\/\/visiones.uniandes.edu.co\/rruizv\/wp-content\/uploads\/sites\/90\/2021\/03\/Este-joven-Principe-se-nublo-con-una-profunda-melancolia-Harold-Copping-185x300.jpg 185w\" sizes=\"auto, (max-width: 432px) 100vw, 432px\" \/><figcaption><span class=\"has-inline-color has-black-color\">Este joven Pr\u00edncipe se nubl\u00f3 con una profunda melancol\u00eda, Harold Copping<\/span><\/figcaption><\/figure><\/div>\n\n\n\n<div class=\"wp-block-image\"><figure class=\"aligncenter size-large\"><img loading=\"lazy\" decoding=\"async\" width=\"576\" height=\"700\" src=\"https:\/\/visiones.uniandes.edu.co\/rruizv\/wp-content\/uploads\/sites\/90\/2021\/03\/Eva-bretona-o-melancolia-1891.-Paul-Srusier.jpg\" alt=\"\" class=\"wp-image-24\" srcset=\"https:\/\/visiones.uniandes.edu.co\/rruizv\/wp-content\/uploads\/sites\/90\/2021\/03\/Eva-bretona-o-melancolia-1891.-Paul-Srusier.jpg 576w, https:\/\/visiones.uniandes.edu.co\/rruizv\/wp-content\/uploads\/sites\/90\/2021\/03\/Eva-bretona-o-melancolia-1891.-Paul-Srusier-247x300.jpg 247w\" sizes=\"auto, (max-width: 576px) 100vw, 576px\" \/><figcaption><span class=\"has-inline-color has-black-color\">Eva bretona o melancol\u00eda, 1891. Paul Srusier<\/span><\/figcaption><\/figure><\/div>\n\n\n\n<div class=\"wp-block-image\"><figure class=\"aligncenter size-large\"><img loading=\"lazy\" decoding=\"async\" width=\"410\" height=\"600\" src=\"https:\/\/visiones.uniandes.edu.co\/rruizv\/wp-content\/uploads\/sites\/90\/2021\/03\/La-melancolia-del-amor-1866.-Constant-Mayer.jpg\" alt=\"\" class=\"wp-image-25\" srcset=\"https:\/\/visiones.uniandes.edu.co\/rruizv\/wp-content\/uploads\/sites\/90\/2021\/03\/La-melancolia-del-amor-1866.-Constant-Mayer.jpg 410w, https:\/\/visiones.uniandes.edu.co\/rruizv\/wp-content\/uploads\/sites\/90\/2021\/03\/La-melancolia-del-amor-1866.-Constant-Mayer-205x300.jpg 205w\" sizes=\"auto, (max-width: 410px) 100vw, 410px\" \/><figcaption><span class=\"has-inline-color has-black-color\">La melancol\u00eda del amor, 1866. Constant Mayer<\/span><\/figcaption><\/figure><\/div>\n\n\n\n<div class=\"wp-block-image\"><figure class=\"aligncenter size-large\"><img loading=\"lazy\" decoding=\"async\" width=\"545\" height=\"700\" src=\"https:\/\/visiones.uniandes.edu.co\/rruizv\/wp-content\/uploads\/sites\/90\/2021\/03\/Melancholie-ca.-1880-1999.-Jozef-Israels.jpg\" alt=\"\" class=\"wp-image-26\" srcset=\"https:\/\/visiones.uniandes.edu.co\/rruizv\/wp-content\/uploads\/sites\/90\/2021\/03\/Melancholie-ca.-1880-1999.-Jozef-Israels.jpg 545w, https:\/\/visiones.uniandes.edu.co\/rruizv\/wp-content\/uploads\/sites\/90\/2021\/03\/Melancholie-ca.-1880-1999.-Jozef-Israels-234x300.jpg 234w\" sizes=\"auto, (max-width: 545px) 100vw, 545px\" \/><figcaption><span class=\"has-inline-color has-black-color\">Melancholie, ca. 1880-1999. Jozef Israels<\/span><\/figcaption><\/figure><\/div>\n\n\n\n<div class=\"wp-block-image\"><figure class=\"aligncenter size-large\"><img loading=\"lazy\" decoding=\"async\" width=\"539\" height=\"700\" src=\"https:\/\/visiones.uniandes.edu.co\/rruizv\/wp-content\/uploads\/sites\/90\/2021\/03\/Melancolia-I-1514.-Albrecht-Durer..jpg\" alt=\"\" class=\"wp-image-27\" srcset=\"https:\/\/visiones.uniandes.edu.co\/rruizv\/wp-content\/uploads\/sites\/90\/2021\/03\/Melancolia-I-1514.-Albrecht-Durer..jpg 539w, https:\/\/visiones.uniandes.edu.co\/rruizv\/wp-content\/uploads\/sites\/90\/2021\/03\/Melancolia-I-1514.-Albrecht-Durer.-231x300.jpg 231w\" sizes=\"auto, (max-width: 539px) 100vw, 539px\" \/><figcaption><span class=\"has-inline-color has-black-color\">Melancholia 1, 1514. Alberto Durero<\/span><\/figcaption><\/figure><\/div>\n\n\n\n<div class=\"wp-block-image\"><figure class=\"aligncenter size-large\"><img loading=\"lazy\" decoding=\"async\" width=\"488\" height=\"700\" src=\"https:\/\/visiones.uniandes.edu.co\/rruizv\/wp-content\/uploads\/sites\/90\/2021\/05\/Ensueno-1897.-Joan-Brull.jpg\" alt=\"\" class=\"wp-image-188\" srcset=\"https:\/\/visiones.uniandes.edu.co\/rruizv\/wp-content\/uploads\/sites\/90\/2021\/05\/Ensueno-1897.-Joan-Brull.jpg 488w, https:\/\/visiones.uniandes.edu.co\/rruizv\/wp-content\/uploads\/sites\/90\/2021\/05\/Ensueno-1897.-Joan-Brull-209x300.jpg 209w\" sizes=\"auto, (max-width: 488px) 100vw, 488px\" \/><figcaption><span class=\"has-inline-color has-black-color\">Ensue\u00f1o, 1897. Joan Brull<\/span><\/figcaption><\/figure><\/div>\n\n\n\n<div class=\"wp-block-image\"><figure class=\"aligncenter size-large\"><img loading=\"lazy\" decoding=\"async\" width=\"600\" height=\"420\" src=\"https:\/\/visiones.uniandes.edu.co\/rruizv\/wp-content\/uploads\/sites\/90\/2021\/03\/Melancolia-1532.-Lucas-Cranach.jpg\" alt=\"\" class=\"wp-image-28\" srcset=\"https:\/\/visiones.uniandes.edu.co\/rruizv\/wp-content\/uploads\/sites\/90\/2021\/03\/Melancolia-1532.-Lucas-Cranach.jpg 600w, https:\/\/visiones.uniandes.edu.co\/rruizv\/wp-content\/uploads\/sites\/90\/2021\/03\/Melancolia-1532.-Lucas-Cranach-300x210.jpg 300w\" sizes=\"auto, (max-width: 600px) 100vw, 600px\" \/><figcaption><span class=\"has-inline-color has-black-color\">Melancol\u00eda, 1532. Lucas Cranach<\/span><\/figcaption><\/figure><\/div>\n\n\n\n<div class=\"wp-block-image\"><figure class=\"aligncenter size-large\"><img loading=\"lazy\" decoding=\"async\" width=\"462\" height=\"700\" src=\"https:\/\/visiones.uniandes.edu.co\/rruizv\/wp-content\/uploads\/sites\/90\/2021\/03\/Melancolia-1560.-Franz-Isaac-Brun.jpg\" alt=\"\" class=\"wp-image-29\" srcset=\"https:\/\/visiones.uniandes.edu.co\/rruizv\/wp-content\/uploads\/sites\/90\/2021\/03\/Melancolia-1560.-Franz-Isaac-Brun.jpg 462w, https:\/\/visiones.uniandes.edu.co\/rruizv\/wp-content\/uploads\/sites\/90\/2021\/03\/Melancolia-1560.-Franz-Isaac-Brun-198x300.jpg 198w\" sizes=\"auto, (max-width: 462px) 100vw, 462px\" \/><figcaption><span class=\"has-inline-color has-black-color\">Melancolia, 1560. Franz Isaac Brun<\/span><\/figcaption><\/figure><\/div>\n\n\n\n<div class=\"wp-block-image\"><figure class=\"aligncenter size-large\"><img loading=\"lazy\" decoding=\"async\" width=\"520\" height=\"700\" src=\"https:\/\/visiones.uniandes.edu.co\/rruizv\/wp-content\/uploads\/sites\/90\/2021\/03\/Melancolia-1620.-Domenico-Fetti.jpg\" alt=\"\" class=\"wp-image-30\" srcset=\"https:\/\/visiones.uniandes.edu.co\/rruizv\/wp-content\/uploads\/sites\/90\/2021\/03\/Melancolia-1620.-Domenico-Fetti.jpg 520w, https:\/\/visiones.uniandes.edu.co\/rruizv\/wp-content\/uploads\/sites\/90\/2021\/03\/Melancolia-1620.-Domenico-Fetti-223x300.jpg 223w\" sizes=\"auto, (max-width: 520px) 100vw, 520px\" \/><figcaption><span class=\"has-inline-color has-black-color\">Melancol\u00eda, 1620. Domenico Fetti<\/span><\/figcaption><\/figure><\/div>\n\n\n\n<div class=\"wp-block-image\"><figure class=\"aligncenter size-large\"><img loading=\"lazy\" decoding=\"async\" width=\"363\" height=\"600\" src=\"https:\/\/visiones.uniandes.edu.co\/rruizv\/wp-content\/uploads\/sites\/90\/2021\/05\/Il-Penseroso-1799.-George-Romney.jpg\" alt=\"\" class=\"wp-image-189\" srcset=\"https:\/\/visiones.uniandes.edu.co\/rruizv\/wp-content\/uploads\/sites\/90\/2021\/05\/Il-Penseroso-1799.-George-Romney.jpg 363w, https:\/\/visiones.uniandes.edu.co\/rruizv\/wp-content\/uploads\/sites\/90\/2021\/05\/Il-Penseroso-1799.-George-Romney-182x300.jpg 182w\" sizes=\"auto, (max-width: 363px) 100vw, 363px\" \/><figcaption><span class=\"has-inline-color has-black-color\">Il Penseroso, 1799. George Romney<\/span><\/figcaption><\/figure><\/div>\n\n\n\n<div class=\"wp-block-image\"><figure class=\"aligncenter size-large\"><img loading=\"lazy\" decoding=\"async\" width=\"700\" height=\"551\" src=\"https:\/\/visiones.uniandes.edu.co\/rruizv\/wp-content\/uploads\/sites\/90\/2021\/03\/Melancolia-1785.-Louis-Jean-Francois-I-Lagrenee.jpg\" alt=\"\" class=\"wp-image-31\" srcset=\"https:\/\/visiones.uniandes.edu.co\/rruizv\/wp-content\/uploads\/sites\/90\/2021\/03\/Melancolia-1785.-Louis-Jean-Francois-I-Lagrenee.jpg 700w, https:\/\/visiones.uniandes.edu.co\/rruizv\/wp-content\/uploads\/sites\/90\/2021\/03\/Melancolia-1785.-Louis-Jean-Francois-I-Lagrenee-300x236.jpg 300w\" sizes=\"auto, (max-width: 700px) 100vw, 700px\" \/><figcaption><span class=\"has-inline-color has-black-color\">Melancol\u00eda, 1785. Louis Jean Francois I Lagrenee<\/span><\/figcaption><\/figure><\/div>\n\n\n\n<div class=\"wp-block-image\"><figure class=\"aligncenter size-large\"><img loading=\"lazy\" decoding=\"async\" width=\"700\" height=\"555\" src=\"https:\/\/visiones.uniandes.edu.co\/rruizv\/wp-content\/uploads\/sites\/90\/2021\/03\/Melancolia-1801.-Constance-Marie-Charpentier.jpg\" alt=\"\" class=\"wp-image-32\" srcset=\"https:\/\/visiones.uniandes.edu.co\/rruizv\/wp-content\/uploads\/sites\/90\/2021\/03\/Melancolia-1801.-Constance-Marie-Charpentier.jpg 700w, https:\/\/visiones.uniandes.edu.co\/rruizv\/wp-content\/uploads\/sites\/90\/2021\/03\/Melancolia-1801.-Constance-Marie-Charpentier-300x238.jpg 300w\" sizes=\"auto, (max-width: 700px) 100vw, 700px\" \/><figcaption><span class=\"has-inline-color has-black-color\">Melancol\u00eda, 1801. Constance Marie Charpentier<\/span><\/figcaption><\/figure><\/div>\n\n\n\n<div class=\"wp-block-image\"><figure class=\"aligncenter size-large\"><img loading=\"lazy\" decoding=\"async\" width=\"522\" height=\"700\" src=\"https:\/\/visiones.uniandes.edu.co\/rruizv\/wp-content\/uploads\/sites\/90\/2021\/03\/Melancolia-1816.-William-Blake.jpg\" alt=\"\" class=\"wp-image-33\" srcset=\"https:\/\/visiones.uniandes.edu.co\/rruizv\/wp-content\/uploads\/sites\/90\/2021\/03\/Melancolia-1816.-William-Blake.jpg 522w, https:\/\/visiones.uniandes.edu.co\/rruizv\/wp-content\/uploads\/sites\/90\/2021\/03\/Melancolia-1816.-William-Blake-224x300.jpg 224w\" sizes=\"auto, (max-width: 522px) 100vw, 522px\" \/><figcaption><span class=\"has-inline-color has-black-color\">Melancol\u00eda, 1816. William Blake<\/span><\/figcaption><\/figure><\/div>\n\n\n\n<div class=\"wp-block-image\"><figure class=\"aligncenter size-large\"><img loading=\"lazy\" decoding=\"async\" width=\"898\" height=\"700\" src=\"https:\/\/visiones.uniandes.edu.co\/rruizv\/wp-content\/uploads\/sites\/90\/2021\/03\/Melancolia-1860.-Edgar-Degas.jpg\" alt=\"\" class=\"wp-image-34\" srcset=\"https:\/\/visiones.uniandes.edu.co\/rruizv\/wp-content\/uploads\/sites\/90\/2021\/03\/Melancolia-1860.-Edgar-Degas.jpg 898w, https:\/\/visiones.uniandes.edu.co\/rruizv\/wp-content\/uploads\/sites\/90\/2021\/03\/Melancolia-1860.-Edgar-Degas-300x234.jpg 300w, https:\/\/visiones.uniandes.edu.co\/rruizv\/wp-content\/uploads\/sites\/90\/2021\/03\/Melancolia-1860.-Edgar-Degas-768x599.jpg 768w\" sizes=\"auto, (max-width: 898px) 100vw, 898px\" \/><figcaption><span class=\"has-inline-color has-black-color\">Melancol\u00eda, 1860. Edgar Degas<\/span><\/figcaption><\/figure><\/div>\n\n\n\n<div class=\"wp-block-image\"><figure class=\"aligncenter size-large\"><img loading=\"lazy\" decoding=\"async\" width=\"494\" height=\"700\" src=\"https:\/\/visiones.uniandes.edu.co\/rruizv\/wp-content\/uploads\/sites\/90\/2021\/03\/Melancolia-1900.-Arnold-Buecklin.jpg\" alt=\"\" class=\"wp-image-35\" srcset=\"https:\/\/visiones.uniandes.edu.co\/rruizv\/wp-content\/uploads\/sites\/90\/2021\/03\/Melancolia-1900.-Arnold-Buecklin.jpg 494w, https:\/\/visiones.uniandes.edu.co\/rruizv\/wp-content\/uploads\/sites\/90\/2021\/03\/Melancolia-1900.-Arnold-Buecklin-212x300.jpg 212w\" sizes=\"auto, (max-width: 494px) 100vw, 494px\" \/><figcaption><span class=\"has-inline-color has-black-color\">Melancol\u00eda, 1900. Arnold Buecklin<\/span><\/figcaption><\/figure><\/div>\n\n\n\n<div class=\"wp-block-image\"><figure class=\"aligncenter size-large\"><img loading=\"lazy\" decoding=\"async\" width=\"527\" height=\"700\" src=\"https:\/\/visiones.uniandes.edu.co\/rruizv\/wp-content\/uploads\/sites\/90\/2021\/03\/Melancolia-1925.-Tadeusz-Pruszkowski.jpg\" alt=\"\" class=\"wp-image-36\" srcset=\"https:\/\/visiones.uniandes.edu.co\/rruizv\/wp-content\/uploads\/sites\/90\/2021\/03\/Melancolia-1925.-Tadeusz-Pruszkowski.jpg 527w, https:\/\/visiones.uniandes.edu.co\/rruizv\/wp-content\/uploads\/sites\/90\/2021\/03\/Melancolia-1925.-Tadeusz-Pruszkowski-226x300.jpg 226w\" sizes=\"auto, (max-width: 527px) 100vw, 527px\" \/><figcaption><span class=\"has-inline-color has-black-color\">Melancol\u00eda, 1925. Tadeusz Pruszkowski<\/span><\/figcaption><\/figure><\/div>\n\n\n\n<div class=\"wp-block-image\"><figure class=\"aligncenter size-large\"><img loading=\"lazy\" decoding=\"async\" width=\"564\" height=\"700\" src=\"https:\/\/visiones.uniandes.edu.co\/rruizv\/wp-content\/uploads\/sites\/90\/2021\/03\/Melancolia-ca.-1640-1670.-Jacob-or-Jacques-van-Loo.jpg\" alt=\"\" class=\"wp-image-37\" srcset=\"https:\/\/visiones.uniandes.edu.co\/rruizv\/wp-content\/uploads\/sites\/90\/2021\/03\/Melancolia-ca.-1640-1670.-Jacob-or-Jacques-van-Loo.jpg 564w, https:\/\/visiones.uniandes.edu.co\/rruizv\/wp-content\/uploads\/sites\/90\/2021\/03\/Melancolia-ca.-1640-1670.-Jacob-or-Jacques-van-Loo-242x300.jpg 242w\" sizes=\"auto, (max-width: 564px) 100vw, 564px\" \/><figcaption><span class=\"has-inline-color has-black-color\">Melancol\u00eda, ca. 1640-1670. Jacob or Jacques van Loo<\/span><\/figcaption><\/figure><\/div>\n\n\n\n<div class=\"wp-block-image\"><figure class=\"aligncenter size-large\"><img loading=\"lazy\" decoding=\"async\" width=\"973\" height=\"700\" src=\"https:\/\/visiones.uniandes.edu.co\/rruizv\/wp-content\/uploads\/sites\/90\/2021\/03\/Melancolia-ca.-1660-1665.-Giovanni-Benedetto-Castiglione.jpg\" alt=\"\" class=\"wp-image-38\" srcset=\"https:\/\/visiones.uniandes.edu.co\/rruizv\/wp-content\/uploads\/sites\/90\/2021\/03\/Melancolia-ca.-1660-1665.-Giovanni-Benedetto-Castiglione.jpg 973w, https:\/\/visiones.uniandes.edu.co\/rruizv\/wp-content\/uploads\/sites\/90\/2021\/03\/Melancolia-ca.-1660-1665.-Giovanni-Benedetto-Castiglione-300x216.jpg 300w, https:\/\/visiones.uniandes.edu.co\/rruizv\/wp-content\/uploads\/sites\/90\/2021\/03\/Melancolia-ca.-1660-1665.-Giovanni-Benedetto-Castiglione-768x553.jpg 768w\" sizes=\"auto, (max-width: 973px) 100vw, 973px\" \/><figcaption><span class=\"has-inline-color has-black-color\">Melancolia, ca. 1660-1665. Giovanni Benedetto Castiglione<\/span><\/figcaption><\/figure><\/div>\n\n\n\n<div class=\"wp-block-image\"><figure class=\"aligncenter size-large\"><img loading=\"lazy\" decoding=\"async\" width=\"542\" height=\"700\" src=\"https:\/\/visiones.uniandes.edu.co\/rruizv\/wp-content\/uploads\/sites\/90\/2021\/03\/Melancolia-ca.-1868.-Odilon-Redon.jpg\" alt=\"\" class=\"wp-image-39\" srcset=\"https:\/\/visiones.uniandes.edu.co\/rruizv\/wp-content\/uploads\/sites\/90\/2021\/03\/Melancolia-ca.-1868.-Odilon-Redon.jpg 542w, https:\/\/visiones.uniandes.edu.co\/rruizv\/wp-content\/uploads\/sites\/90\/2021\/03\/Melancolia-ca.-1868.-Odilon-Redon-232x300.jpg 232w\" sizes=\"auto, (max-width: 542px) 100vw, 542px\" \/><figcaption><span class=\"has-inline-color has-black-color\">Melancol\u00eda, ca. 1868. Odilon Redon<\/span><\/figcaption><\/figure><\/div>\n\n\n\n<div class=\"wp-block-image\"><figure class=\"aligncenter size-large\"><img loading=\"lazy\" decoding=\"async\" width=\"615\" height=\"700\" src=\"https:\/\/visiones.uniandes.edu.co\/rruizv\/wp-content\/uploads\/sites\/90\/2021\/03\/Melancolia-siglo-XVI.-Desconocido.jpg\" alt=\"\" class=\"wp-image-40\" srcset=\"https:\/\/visiones.uniandes.edu.co\/rruizv\/wp-content\/uploads\/sites\/90\/2021\/03\/Melancolia-siglo-XVI.-Desconocido.jpg 615w, https:\/\/visiones.uniandes.edu.co\/rruizv\/wp-content\/uploads\/sites\/90\/2021\/03\/Melancolia-siglo-XVI.-Desconocido-264x300.jpg 264w\" sizes=\"auto, (max-width: 615px) 100vw, 615px\" \/><figcaption><span class=\"has-inline-color has-black-color\">Melancol\u00eda, siglo XVI. Desconocido<\/span><\/figcaption><\/figure><\/div>\n\n\n\n<div class=\"wp-block-image\"><figure class=\"aligncenter size-large\"><img loading=\"lazy\" decoding=\"async\" width=\"478\" height=\"700\" src=\"https:\/\/visiones.uniandes.edu.co\/rruizv\/wp-content\/uploads\/sites\/90\/2021\/03\/Melancolia.-Nicolas-Francois-Chifflart.jpg\" alt=\"\" class=\"wp-image-41\" srcset=\"https:\/\/visiones.uniandes.edu.co\/rruizv\/wp-content\/uploads\/sites\/90\/2021\/03\/Melancolia.-Nicolas-Francois-Chifflart.jpg 478w, https:\/\/visiones.uniandes.edu.co\/rruizv\/wp-content\/uploads\/sites\/90\/2021\/03\/Melancolia.-Nicolas-Francois-Chifflart-205x300.jpg 205w\" sizes=\"auto, (max-width: 478px) 100vw, 478px\" \/><figcaption><span class=\"has-inline-color has-black-color\">Melancol\u00eda. Nicolas Fran\u00e7ois Chifflart<\/span><\/figcaption><\/figure><\/div>\n\n\n\n<div class=\"wp-block-image\"><figure class=\"aligncenter size-large\"><img loading=\"lazy\" decoding=\"async\" width=\"396\" height=\"700\" src=\"https:\/\/visiones.uniandes.edu.co\/rruizv\/wp-content\/uploads\/sites\/90\/2021\/03\/Melencholia-ca.-1645-1646.-Giovanni-Benedetto-Castiglione.jpg\" alt=\"\" class=\"wp-image-42\" srcset=\"https:\/\/visiones.uniandes.edu.co\/rruizv\/wp-content\/uploads\/sites\/90\/2021\/03\/Melencholia-ca.-1645-1646.-Giovanni-Benedetto-Castiglione.jpg 396w, https:\/\/visiones.uniandes.edu.co\/rruizv\/wp-content\/uploads\/sites\/90\/2021\/03\/Melencholia-ca.-1645-1646.-Giovanni-Benedetto-Castiglione-170x300.jpg 170w\" sizes=\"auto, (max-width: 396px) 100vw, 396px\" \/><figcaption><span class=\"has-inline-color has-black-color\">Melencholia, ca. 1645-1646. Giovanni Benedetto Castiglione<\/span><\/figcaption><\/figure><\/div>\n\n\n\n<div class=\"wp-block-image\"><figure class=\"aligncenter size-large\"><img loading=\"lazy\" decoding=\"async\" width=\"451\" height=\"600\" src=\"https:\/\/visiones.uniandes.edu.co\/rruizv\/wp-content\/uploads\/sites\/90\/2021\/03\/Mujer-con-rosa-1908.-Pierre-Bonnard.jpg\" alt=\"\" class=\"wp-image-43\" srcset=\"https:\/\/visiones.uniandes.edu.co\/rruizv\/wp-content\/uploads\/sites\/90\/2021\/03\/Mujer-con-rosa-1908.-Pierre-Bonnard.jpg 451w, https:\/\/visiones.uniandes.edu.co\/rruizv\/wp-content\/uploads\/sites\/90\/2021\/03\/Mujer-con-rosa-1908.-Pierre-Bonnard-226x300.jpg 226w\" sizes=\"auto, (max-width: 451px) 100vw, 451px\" \/><figcaption><span class=\"has-inline-color has-black-color\">Mujer con rosa, 1908. Pierre Bonnard<\/span><\/figcaption><\/figure><\/div>\n\n\n\n<figure class=\"wp-block-image size-large\"><img loading=\"lazy\" decoding=\"async\" width=\"1000\" height=\"575\" src=\"https:\/\/visiones.uniandes.edu.co\/rruizv\/wp-content\/uploads\/sites\/90\/2021\/05\/Ilusiones-perdidas.-La-noche-1843.-Charles-Gleyre.jpg\" alt=\"\" class=\"wp-image-190\" srcset=\"https:\/\/visiones.uniandes.edu.co\/rruizv\/wp-content\/uploads\/sites\/90\/2021\/05\/Ilusiones-perdidas.-La-noche-1843.-Charles-Gleyre.jpg 1000w, https:\/\/visiones.uniandes.edu.co\/rruizv\/wp-content\/uploads\/sites\/90\/2021\/05\/Ilusiones-perdidas.-La-noche-1843.-Charles-Gleyre-300x173.jpg 300w, https:\/\/visiones.uniandes.edu.co\/rruizv\/wp-content\/uploads\/sites\/90\/2021\/05\/Ilusiones-perdidas.-La-noche-1843.-Charles-Gleyre-768x442.jpg 768w\" sizes=\"auto, (max-width: 1000px) 100vw, 1000px\" \/><figcaption><span class=\"has-inline-color has-black-color\">Ilusiones perdidas. La noche, 1843. Charles Gleyre<\/span><\/figcaption><\/figure>\n\n\n\n<div class=\"wp-block-image\"><figure class=\"aligncenter size-large\"><img loading=\"lazy\" decoding=\"async\" width=\"545\" height=\"700\" src=\"https:\/\/visiones.uniandes.edu.co\/rruizv\/wp-content\/uploads\/sites\/90\/2021\/05\/La-caida-de-Ixion-1588.-Cornelis-Cornelisz-van-Haarlem.jpg\" alt=\"\" class=\"wp-image-191\" srcset=\"https:\/\/visiones.uniandes.edu.co\/rruizv\/wp-content\/uploads\/sites\/90\/2021\/05\/La-caida-de-Ixion-1588.-Cornelis-Cornelisz-van-Haarlem.jpg 545w, https:\/\/visiones.uniandes.edu.co\/rruizv\/wp-content\/uploads\/sites\/90\/2021\/05\/La-caida-de-Ixion-1588.-Cornelis-Cornelisz-van-Haarlem-234x300.jpg 234w\" sizes=\"auto, (max-width: 545px) 100vw, 545px\" \/><figcaption><span class=\"has-inline-color has-black-color\">La ca\u00edda de Ixion, 1588. Cornelis Cornelisz van Haarlem.<\/span><\/figcaption><\/figure><\/div>\n\n\n\n<p><\/p>\n","protected":false},"excerpt":{"rendered":"","protected":false},"author":90,"featured_media":0,"parent":0,"menu_order":0,"comment_status":"closed","ping_status":"closed","template":"","meta":{"_themeisle_gutenberg_block_has_review":false,"footnotes":""},"class_list":["post-89","page","type-page","status-publish","hentry"],"_links":{"self":[{"href":"https:\/\/visiones.uniandes.edu.co\/rruizv\/wp-json\/wp\/v2\/pages\/89","targetHints":{"allow":["GET"]}}],"collection":[{"href":"https:\/\/visiones.uniandes.edu.co\/rruizv\/wp-json\/wp\/v2\/pages"}],"about":[{"href":"https:\/\/visiones.uniandes.edu.co\/rruizv\/wp-json\/wp\/v2\/types\/page"}],"author":[{"embeddable":true,"href":"https:\/\/visiones.uniandes.edu.co\/rruizv\/wp-json\/wp\/v2\/users\/90"}],"replies":[{"embeddable":true,"href":"https:\/\/visiones.uniandes.edu.co\/rruizv\/wp-json\/wp\/v2\/comments?post=89"}],"version-history":[{"count":8,"href":"https:\/\/visiones.uniandes.edu.co\/rruizv\/wp-json\/wp\/v2\/pages\/89\/revisions"}],"predecessor-version":[{"id":251,"href":"https:\/\/visiones.uniandes.edu.co\/rruizv\/wp-json\/wp\/v2\/pages\/89\/revisions\/251"}],"wp:attachment":[{"href":"https:\/\/visiones.uniandes.edu.co\/rruizv\/wp-json\/wp\/v2\/media?parent=89"}],"curies":[{"name":"wp","href":"https:\/\/api.w.org\/{rel}","templated":true}]}}