{"id":2,"date":"2020-02-15T11:49:45","date_gmt":"2020-02-15T11:49:45","guid":{"rendered":"https:\/\/visiones.uniandes.edu.co\/pmorao\/?page_id=2"},"modified":"2020-02-25T01:09:24","modified_gmt":"2020-02-25T01:09:24","slug":"otropalacio","status":"publish","type":"page","link":"https:\/\/visiones.uniandes.edu.co\/pmorao\/","title":{"rendered":"OTRO PALACIO"},"content":{"rendered":"\n<p>Archivo documental y fotogr\u00e1fico del Palacio de Justicia destruido el 9 de abril de 1948 en Bogot\u00e1 <\/p>\n\n\n\n<figure class=\"wp-block-image size-large is-resized\"><img loading=\"lazy\" decoding=\"async\" src=\"https:\/\/visiones.uniandes.edu.co\/pmorao\/wp-content\/uploads\/sites\/4\/2020\/02\/planos.jpg\" alt=\"\" class=\"wp-image-8\" width=\"583\" height=\"292\" srcset=\"https:\/\/visiones.uniandes.edu.co\/pmorao\/wp-content\/uploads\/sites\/4\/2020\/02\/planos.jpg 317w, https:\/\/visiones.uniandes.edu.co\/pmorao\/wp-content\/uploads\/sites\/4\/2020\/02\/planos-300x150.jpg 300w\" sizes=\"auto, (max-width: 583px) 100vw, 583px\" \/><\/figure>\n\n\n\n<figure class=\"wp-block-image size-large\"><img loading=\"lazy\" decoding=\"async\" width=\"510\" height=\"512\" src=\"https:\/\/visiones.uniandes.edu.co\/pmorao\/wp-content\/uploads\/sites\/4\/2020\/02\/entrada.png\" alt=\"\" class=\"wp-image-9\" srcset=\"https:\/\/visiones.uniandes.edu.co\/pmorao\/wp-content\/uploads\/sites\/4\/2020\/02\/entrada.png 510w, https:\/\/visiones.uniandes.edu.co\/pmorao\/wp-content\/uploads\/sites\/4\/2020\/02\/entrada-300x300.png 300w, https:\/\/visiones.uniandes.edu.co\/pmorao\/wp-content\/uploads\/sites\/4\/2020\/02\/entrada-150x150.png 150w\" sizes=\"auto, (max-width: 510px) 100vw, 510px\" \/><\/figure>\n\n\n\n<figure class=\"wp-block-image size-large\"><img loading=\"lazy\" decoding=\"async\" width=\"428\" height=\"607\" src=\"https:\/\/visiones.uniandes.edu.co\/pmorao\/wp-content\/uploads\/sites\/4\/2020\/02\/Captura-de-pantalla-2020-02-24-a-las-7.03.36-p.-m..png\" alt=\"\" class=\"wp-image-17\" srcset=\"https:\/\/visiones.uniandes.edu.co\/pmorao\/wp-content\/uploads\/sites\/4\/2020\/02\/Captura-de-pantalla-2020-02-24-a-las-7.03.36-p.-m..png 428w, https:\/\/visiones.uniandes.edu.co\/pmorao\/wp-content\/uploads\/sites\/4\/2020\/02\/Captura-de-pantalla-2020-02-24-a-las-7.03.36-p.-m.-212x300.png 212w\" sizes=\"auto, (max-width: 428px) 100vw, 428px\" \/><\/figure>\n\n\n\n<figure class=\"wp-block-image size-large\"><img loading=\"lazy\" decoding=\"async\" width=\"825\" height=\"550\" src=\"https:\/\/visiones.uniandes.edu.co\/pmorao\/wp-content\/uploads\/sites\/4\/2020\/02\/primer-palacio-de-justicia.jpg\" alt=\"\" class=\"wp-image-19\" srcset=\"https:\/\/visiones.uniandes.edu.co\/pmorao\/wp-content\/uploads\/sites\/4\/2020\/02\/primer-palacio-de-justicia.jpg 825w, https:\/\/visiones.uniandes.edu.co\/pmorao\/wp-content\/uploads\/sites\/4\/2020\/02\/primer-palacio-de-justicia-300x200.jpg 300w, https:\/\/visiones.uniandes.edu.co\/pmorao\/wp-content\/uploads\/sites\/4\/2020\/02\/primer-palacio-de-justicia-768x512.jpg 768w\" sizes=\"auto, (max-width: 825px) 100vw, 825px\" \/><figcaption>Foto: Ramiro Bernal. Fotos Antiguas de Bogot\u00e1 (FAB)- Facebook<\/figcaption><\/figure>\n\n\n\n<figure class=\"wp-block-image size-large\"><img loading=\"lazy\" decoding=\"async\" width=\"564\" height=\"726\" src=\"https:\/\/visiones.uniandes.edu.co\/pmorao\/wp-content\/uploads\/sites\/4\/2020\/02\/DaWAghIW0AAoWu9.jpg\" alt=\"\" class=\"wp-image-20\" srcset=\"https:\/\/visiones.uniandes.edu.co\/pmorao\/wp-content\/uploads\/sites\/4\/2020\/02\/DaWAghIW0AAoWu9.jpg 564w, https:\/\/visiones.uniandes.edu.co\/pmorao\/wp-content\/uploads\/sites\/4\/2020\/02\/DaWAghIW0AAoWu9-233x300.jpg 233w\" sizes=\"auto, (max-width: 564px) 100vw, 564px\" \/><\/figure>\n\n\n\n<blockquote class=\"wp-block-quote is-layout-flow wp-block-quote-is-layout-flow\"><p><a href=\"https:\/\/www.ambitojuridico.com\/noticias\/informe\/educacion-y-cultura\/las-damas-que-custodian-la-justicia\">https:\/\/www.ambitojuridico.com\/noticias\/informe\/educacion-y-cultura\/las-damas-que-custodian-la-justicia<\/a><\/p><\/blockquote>\n\n\n\n<figure class=\"wp-block-embed-youtube wp-block-embed is-type-video is-provider-youtube wp-embed-aspect-16-9 wp-has-aspect-ratio\"><div class=\"wp-block-embed__wrapper\">\nhttps:\/\/www.youtube.com\/watch?v=npZHShcP1o8\n<\/div><\/figure>\n\n\n\n<figure class=\"wp-block-image size-large\"><img loading=\"lazy\" decoding=\"async\" width=\"1024\" height=\"763\" src=\"https:\/\/visiones.uniandes.edu.co\/pmorao\/wp-content\/uploads\/sites\/4\/2020\/02\/montaje-1024x763.jpg\" alt=\"\" class=\"wp-image-26\" srcset=\"https:\/\/visiones.uniandes.edu.co\/pmorao\/wp-content\/uploads\/sites\/4\/2020\/02\/montaje-1024x763.jpg 1024w, https:\/\/visiones.uniandes.edu.co\/pmorao\/wp-content\/uploads\/sites\/4\/2020\/02\/montaje-300x224.jpg 300w, https:\/\/visiones.uniandes.edu.co\/pmorao\/wp-content\/uploads\/sites\/4\/2020\/02\/montaje-768x573.jpg 768w, https:\/\/visiones.uniandes.edu.co\/pmorao\/wp-content\/uploads\/sites\/4\/2020\/02\/montaje-1536x1145.jpg 1536w, https:\/\/visiones.uniandes.edu.co\/pmorao\/wp-content\/uploads\/sites\/4\/2020\/02\/montaje-2048x1527.jpg 2048w, https:\/\/visiones.uniandes.edu.co\/pmorao\/wp-content\/uploads\/sites\/4\/2020\/02\/montaje-1200x895.jpg 1200w, https:\/\/visiones.uniandes.edu.co\/pmorao\/wp-content\/uploads\/sites\/4\/2020\/02\/montaje-1980x1476.jpg 1980w\" sizes=\"auto, (max-width: 1024px) 100vw, 1024px\" \/><figcaption>ejercicio de montaje (libro: decretos extraordinarios expedidos despu\u00e9s del 9 de abril de 1948<\/figcaption><\/figure>\n\n\n\n<figure class=\"wp-block-image size-large\"><img loading=\"lazy\" decoding=\"async\" width=\"716\" height=\"477\" src=\"https:\/\/visiones.uniandes.edu.co\/pmorao\/wp-content\/uploads\/sites\/4\/2020\/02\/fotos-vieja-de-las-estatuas_2161091_20190126175649.jpg\" alt=\"\" class=\"wp-image-29\" srcset=\"https:\/\/visiones.uniandes.edu.co\/pmorao\/wp-content\/uploads\/sites\/4\/2020\/02\/fotos-vieja-de-las-estatuas_2161091_20190126175649.jpg 716w, https:\/\/visiones.uniandes.edu.co\/pmorao\/wp-content\/uploads\/sites\/4\/2020\/02\/fotos-vieja-de-las-estatuas_2161091_20190126175649-300x200.jpg 300w\" sizes=\"auto, (max-width: 716px) 100vw, 716px\" \/><figcaption><a href=\"https:\/\/www.vanguardia.com\/area-metropolitana\/bucaramanga\/asi-ha-sido-el-recorrido-de-las-damas-que-custodian-el-palacio-de-justicia-de-bucaramanga-JN384957\">https:\/\/www.vanguardia.com\/area-metropolitana\/bucaramanga\/asi-ha-sido-el-recorrido-de-las-damas-que-custodian-el-palacio-de-justicia-de-bucaramanga-JN384957<\/a><\/figcaption><\/figure>\n\n\n\n<p><\/p>\n\n\n\n<p>La quema de edificaciones en el centro de la ciudad, a ra\u00edz de la muerte de Jorge Eli\u00e9cer Gait\u00e1n, en 1948, priv\u00f3 a los bogotanos de ver una de las obras m\u00e1s significativas del arquitecto antioque\u00f1o Pablo de la Cruz: el Palacio de Justicia.<\/p>\n\n\n\n<p>La obra fue construida en un reducido terreno de la esquina nororiental de la calle 11 con carrera 5a. De la Cruz proyect\u00f3 el edificio en un estilo neocl\u00e1sico con una estricta modulaci\u00f3n de las fachadas en piedra y dise\u00f1\u00f3 el acceso principal con dos cari\u00e1tides que simbolizaban la Justicia.<\/p>\n\n\n\n<p>El 9 de abril de 1948, el Palacio de Justicia fue una de las primeras edificaciones incediadas por la turba. All\u00ed se guardaban los expedientes judiciales del pa\u00eds.<\/p>\n\n\n\n<p>Este pensador naci\u00f3 en Medell\u00edn en 1894. Estudi\u00f3 ingenier\u00eda en la Universidad de Antioquia y realiz\u00f3 estudios de arquitectura en la Universidad Cat\u00f3lica de Chile. Al terminar, se radic\u00f3 en Bogot\u00e1 y en 1919 fue nombrado Ingeniero Jefe del Ministerio de Obras P\u00fablicas en reemplazo de Gast\u00f3n Lelarge (ya rese\u00f1ado en esta serie).<\/p>\n\n\n\n<p>Su primer proyecto en el Ministerio fue el Colegio San Luis, en Zipaquir\u00e1. En 1927, dise\u00f1\u00f3 el Instituto Pedag\u00f3gico Nacional, ubicado en la avenida Chile y que fue demolido tiempo despu\u00e9s.<\/p>\n\n\n\n<p>Cuando la casa inglesa Ulen contrat\u00f3 con el municipio de Bogot\u00e1 la construcci\u00f3n de la Plaza Central de Mercado en la manzana comprendida entre las carreras 10a. y 11, con las calles 10a. y 11, encarg\u00f3 a Pablo de la Cruz del montaje de las estructuras met\u00e1licas con aire &#8216;art nouveau&#8217;. Por esa misma \u00e9poca, el Gobierno le encarg\u00f3 el dise\u00f1o y construcci\u00f3n del pabell\u00f3n de Colombia en la Exposici\u00f3n Internacional Golden Gate en San Francisco (Estados Unidos).<\/p>\n\n\n\n<p>Como arquitecto independiente dise\u00f1\u00f3 numerosas quintas en Chapinero, de car\u00e1cter ecl\u00e9ctico, como la Quinta Villa Adelaida, construida para su amigo y compa\u00f1ero del Club Rotario de Bogot\u00e1, Agust\u00edn Nieto Caballero. De la Cruz perteneci\u00f3 a la Sociedad Colombiana de Arquitectos, a la Academia Nacional de Bellas Artes de Colombia y al Instituto de Ingenieros y Arquitectos de M\u00e9xico<\/p>\n\n\n\n<p>REDACCION EL TIEMPO\u00a005 de noviembre 2010 , 09:08 p.m.<\/p>\n\n\n\n<p>Fuente: &#8216;Diccionarios de arquitectos de Colombia&#8217; del arquitecto Eduardo Angulo<\/p>\n\n\n\n<figure class=\"wp-block-image size-large\"><img loading=\"lazy\" decoding=\"async\" width=\"552\" height=\"406\" src=\"https:\/\/visiones.uniandes.edu.co\/pmorao\/wp-content\/uploads\/sites\/4\/2020\/02\/Captura-de-pantalla-2020-02-24-a-las-8.07.19-p.-m..png\" alt=\"\" class=\"wp-image-32\" srcset=\"https:\/\/visiones.uniandes.edu.co\/pmorao\/wp-content\/uploads\/sites\/4\/2020\/02\/Captura-de-pantalla-2020-02-24-a-las-8.07.19-p.-m..png 552w, https:\/\/visiones.uniandes.edu.co\/pmorao\/wp-content\/uploads\/sites\/4\/2020\/02\/Captura-de-pantalla-2020-02-24-a-las-8.07.19-p.-m.-300x221.png 300w\" sizes=\"auto, (max-width: 552px) 100vw, 552px\" \/><figcaption><a href=\"http:\/\/guilletovar.blogspot.com\/2014\/07\/urbanidad-y-urbanistas-10-tras-las.html\">http:\/\/guilletovar.blogspot.com\/2014\/07\/urbanidad-y-urbanistas-10-tras-las.html<\/a><\/figcaption><\/figure>\n","protected":false},"excerpt":{"rendered":"<p>Archivo documental y fotogr\u00e1fico del Palacio de Justicia destruido el 9 de abril de 1948 en Bogot\u00e1 https:\/\/www.ambitojuridico.com\/noticias\/informe\/educacion-y-cultura\/las-damas-que-custodian-la-justicia La quema de edificaciones en el centro de la ciudad, a ra\u00edz de la muerte de Jorge Eli\u00e9cer Gait\u00e1n, en 1948, priv\u00f3 a los bogotanos de ver una de las obras m\u00e1s significativas del arquitecto antioque\u00f1o Pablo [&hellip;]<\/p>\n","protected":false},"author":4,"featured_media":0,"parent":0,"menu_order":0,"comment_status":"closed","ping_status":"open","template":"","meta":{"_themeisle_gutenberg_block_has_review":false,"footnotes":""},"class_list":["post-2","page","type-page","status-publish","hentry"],"_links":{"self":[{"href":"https:\/\/visiones.uniandes.edu.co\/pmorao\/wp-json\/wp\/v2\/pages\/2","targetHints":{"allow":["GET"]}}],"collection":[{"href":"https:\/\/visiones.uniandes.edu.co\/pmorao\/wp-json\/wp\/v2\/pages"}],"about":[{"href":"https:\/\/visiones.uniandes.edu.co\/pmorao\/wp-json\/wp\/v2\/types\/page"}],"author":[{"embeddable":true,"href":"https:\/\/visiones.uniandes.edu.co\/pmorao\/wp-json\/wp\/v2\/users\/4"}],"replies":[{"embeddable":true,"href":"https:\/\/visiones.uniandes.edu.co\/pmorao\/wp-json\/wp\/v2\/comments?post=2"}],"version-history":[{"count":13,"href":"https:\/\/visiones.uniandes.edu.co\/pmorao\/wp-json\/wp\/v2\/pages\/2\/revisions"}],"predecessor-version":[{"id":33,"href":"https:\/\/visiones.uniandes.edu.co\/pmorao\/wp-json\/wp\/v2\/pages\/2\/revisions\/33"}],"wp:attachment":[{"href":"https:\/\/visiones.uniandes.edu.co\/pmorao\/wp-json\/wp\/v2\/media?parent=2"}],"curies":[{"name":"wp","href":"https:\/\/api.w.org\/{rel}","templated":true}]}}