{"id":2,"date":"2020-02-15T11:52:54","date_gmt":"2020-02-15T11:52:54","guid":{"rendered":"https:\/\/visiones.uniandes.edu.co\/mfigueroaa\/?page_id=2"},"modified":"2020-02-15T16:37:42","modified_gmt":"2020-02-15T16:37:42","slug":"sample-page","status":"publish","type":"page","link":"https:\/\/visiones.uniandes.edu.co\/mfigueroaa\/sample-page\/","title":{"rendered":"Pintura expandida en Colombia  de 1990 a hoy"},"content":{"rendered":"\n<p>En mi proyecto voy a desarrollar una definici\u00f3n de pintura expandida. En mi b\u00fasqueda he encontrado que no hay una definici\u00f3n espec\u00edfica de pintura expandida&#8230;<\/p>\n\n\n\n<p>El t\u00e9rmino &#8220;expandido&#8221; surge de un texto de Rosalind Krauss que refiere a la escultura. <\/p>\n\n\n\n<p>Hoy muchos curadores usan expandido  como un virus para todas las disciplinas de las artes pl\u00e1sticas  como &#8220;dibujo expandido&#8221;, &#8220;fotograf\u00eda expandida&#8221;, &#8220;grabado expandido&#8221;&#8230;<\/p>\n\n\n\n<figure class=\"wp-block-image size-large\"><img loading=\"lazy\" decoding=\"async\" width=\"600\" height=\"450\" src=\"https:\/\/visiones.uniandes.edu.co\/mfigueroaa\/wp-content\/uploads\/sites\/12\/2020\/02\/6y4hr7.jpg\" alt=\"\" class=\"wp-image-6\" srcset=\"https:\/\/visiones.uniandes.edu.co\/mfigueroaa\/wp-content\/uploads\/sites\/12\/2020\/02\/6y4hr7.jpg 600w, https:\/\/visiones.uniandes.edu.co\/mfigueroaa\/wp-content\/uploads\/sites\/12\/2020\/02\/6y4hr7-300x225.jpg 300w\" sizes=\"auto, (max-width: 600px) 100vw, 600px\" \/><\/figure>\n\n\n\n<p>Art\u00edculos<\/p>\n\n\n\n<blockquote class=\"wp-block-quote is-layout-flow wp-block-quote-is-layout-flow\"><p><a href=\"https:\/\/ceronresumido.com\/Colombia-y-sus-modernidades-Artisticas\">https:\/\/ceronresumido.com\/Colombia-y-sus-modernidades-Artisticas<\/a><\/p><\/blockquote>\n\n\n\n<p>Artistas<\/p>\n\n\n\n<p>DELCY MORELOS<\/p>\n\n\n\n<figure class=\"wp-block-image size-large\"><img loading=\"lazy\" decoding=\"async\" width=\"600\" height=\"400\" src=\"https:\/\/visiones.uniandes.edu.co\/mfigueroaa\/wp-content\/uploads\/sites\/12\/2020\/02\/csm_19_delcy_morelos_1a20c13d8b.jpg\" alt=\"\" class=\"wp-image-8\" srcset=\"https:\/\/visiones.uniandes.edu.co\/mfigueroaa\/wp-content\/uploads\/sites\/12\/2020\/02\/csm_19_delcy_morelos_1a20c13d8b.jpg 600w, https:\/\/visiones.uniandes.edu.co\/mfigueroaa\/wp-content\/uploads\/sites\/12\/2020\/02\/csm_19_delcy_morelos_1a20c13d8b-300x200.jpg 300w\" sizes=\"auto, (max-width: 600px) 100vw, 600px\" \/><\/figure>\n","protected":false},"excerpt":{"rendered":"<p>En mi proyecto voy a desarrollar una definici\u00f3n de pintura expandida. En mi b\u00fasqueda he encontrado que no hay una definici\u00f3n espec\u00edfica de pintura expandida&#8230; El t\u00e9rmino &#8220;expandido&#8221; surge de un texto de Rosalind Krauss que refiere a la escultura. Hoy muchos curadores usan expandido como un virus para todas las disciplinas de las artes [&hellip;]<\/p>\n","protected":false},"author":12,"featured_media":0,"parent":0,"menu_order":0,"comment_status":"closed","ping_status":"open","template":"","meta":{"_themeisle_gutenberg_block_has_review":false,"footnotes":""},"class_list":["post-2","page","type-page","status-publish","hentry"],"_links":{"self":[{"href":"https:\/\/visiones.uniandes.edu.co\/mfigueroaa\/wp-json\/wp\/v2\/pages\/2","targetHints":{"allow":["GET"]}}],"collection":[{"href":"https:\/\/visiones.uniandes.edu.co\/mfigueroaa\/wp-json\/wp\/v2\/pages"}],"about":[{"href":"https:\/\/visiones.uniandes.edu.co\/mfigueroaa\/wp-json\/wp\/v2\/types\/page"}],"author":[{"embeddable":true,"href":"https:\/\/visiones.uniandes.edu.co\/mfigueroaa\/wp-json\/wp\/v2\/users\/12"}],"replies":[{"embeddable":true,"href":"https:\/\/visiones.uniandes.edu.co\/mfigueroaa\/wp-json\/wp\/v2\/comments?post=2"}],"version-history":[{"count":3,"href":"https:\/\/visiones.uniandes.edu.co\/mfigueroaa\/wp-json\/wp\/v2\/pages\/2\/revisions"}],"predecessor-version":[{"id":10,"href":"https:\/\/visiones.uniandes.edu.co\/mfigueroaa\/wp-json\/wp\/v2\/pages\/2\/revisions\/10"}],"wp:attachment":[{"href":"https:\/\/visiones.uniandes.edu.co\/mfigueroaa\/wp-json\/wp\/v2\/media?parent=2"}],"curies":[{"name":"wp","href":"https:\/\/api.w.org\/{rel}","templated":true}]}}