{"id":14,"date":"2020-09-08T16:34:21","date_gmt":"2020-09-08T16:34:21","guid":{"rendered":"https:\/\/visiones.uniandes.edu.co\/lparis\/?page_id=14"},"modified":"2020-09-14T19:41:42","modified_gmt":"2020-09-14T19:41:42","slug":"lecturas","status":"publish","type":"page","link":"https:\/\/visiones.uniandes.edu.co\/lparis\/lecturas\/","title":{"rendered":"Lecturas y Referentes"},"content":{"rendered":"\n<p>En este espacio se encuentran todas las lecturas que he realizado para la investigaci\u00f3n. En cada entrada se encuentra el libro o documento y se ir\u00e1n actualizando constantemente con citas, pensamientos e ideas que emerjan de su lectura. Asimismo, aqu\u00ed est\u00e1n proyectos, instituciones, programas, entre otros, que son referentes y tienen relaci\u00f3n con los diversos temas relacionados a la investigaci\u00f3n.<\/p>\n\n\n\n<div class=\"wp-block-buttons is-layout-flex wp-block-buttons-is-layout-flex\">\n<div class=\"wp-block-button\"><a class=\"wp-block-button__link\" href=\"https:\/\/visiones.uniandes.edu.co\/lparis\/category\/sonido\/\">Sonido<\/a><\/div>\n\n\n\n<div class=\"wp-block-button\"><a class=\"wp-block-button__link\" href=\"https:\/\/visiones.uniandes.edu.co\/lparis\/category\/archivo\/\">Archivo<\/a><\/div>\n\n\n\n<div class=\"wp-block-button\"><a class=\"wp-block-button__link\" href=\"https:\/\/visiones.uniandes.edu.co\/lparis\/category\/humanidades-digitales\/\">Humanidades digitales<\/a><\/div>\n\n\n\n<div class=\"wp-block-button\"><a class=\"wp-block-button__link\" href=\"https:\/\/visiones.uniandes.edu.co\/lparis\/category\/patrimonio\/\">patrimonio cultural<\/a><\/div>\n\n\n\n<div class=\"wp-block-button\"><a class=\"wp-block-button__link\" href=\"https:\/\/visiones.uniandes.edu.co\/lparis\/category\/referentes\/\">Referentes<\/a><\/div>\n<\/div>\n\n\n\n<p><\/p>\n","protected":false},"excerpt":{"rendered":"<p>En este espacio se encuentran todas las lecturas que he realizado para la investigaci\u00f3n. En cada entrada se encuentra el libro o documento y se ir\u00e1n actualizando constantemente con citas, pensamientos e ideas que emerjan de su lectura. Asimismo, aqu\u00ed est\u00e1n proyectos, instituciones, programas, entre otros, que son referentes y tienen relaci\u00f3n con los diversos [&hellip;]<\/p>\n","protected":false},"author":28,"featured_media":0,"parent":0,"menu_order":0,"comment_status":"closed","ping_status":"closed","template":"templates\/template-full-width.php","meta":{"_themeisle_gutenberg_block_has_review":false,"footnotes":""},"class_list":["post-14","page","type-page","status-publish","hentry"],"_links":{"self":[{"href":"https:\/\/visiones.uniandes.edu.co\/lparis\/wp-json\/wp\/v2\/pages\/14","targetHints":{"allow":["GET"]}}],"collection":[{"href":"https:\/\/visiones.uniandes.edu.co\/lparis\/wp-json\/wp\/v2\/pages"}],"about":[{"href":"https:\/\/visiones.uniandes.edu.co\/lparis\/wp-json\/wp\/v2\/types\/page"}],"author":[{"embeddable":true,"href":"https:\/\/visiones.uniandes.edu.co\/lparis\/wp-json\/wp\/v2\/users\/28"}],"replies":[{"embeddable":true,"href":"https:\/\/visiones.uniandes.edu.co\/lparis\/wp-json\/wp\/v2\/comments?post=14"}],"version-history":[{"count":7,"href":"https:\/\/visiones.uniandes.edu.co\/lparis\/wp-json\/wp\/v2\/pages\/14\/revisions"}],"predecessor-version":[{"id":196,"href":"https:\/\/visiones.uniandes.edu.co\/lparis\/wp-json\/wp\/v2\/pages\/14\/revisions\/196"}],"wp:attachment":[{"href":"https:\/\/visiones.uniandes.edu.co\/lparis\/wp-json\/wp\/v2\/media?parent=14"}],"curies":[{"name":"wp","href":"https:\/\/api.w.org\/{rel}","templated":true}]}}