{"id":10,"date":"2020-09-08T16:30:27","date_gmt":"2020-09-08T16:30:27","guid":{"rendered":"https:\/\/visiones.uniandes.edu.co\/lparis\/?page_id=10"},"modified":"2020-09-14T19:43:22","modified_gmt":"2020-09-14T19:43:22","slug":"investigacion","status":"publish","type":"page","link":"https:\/\/visiones.uniandes.edu.co\/lparis\/","title":{"rendered":"Investigaci\u00f3n"},"content":{"rendered":"\n<p class=\"has-text-align-center .h1 { color: purple; } has-primary-color has-background-background-color has-text-color has-background has-large-font-size\">Sonido, archivo, humanidades digitales, patrimonio cultural<\/p>\n\n\n\n<p><\/p>\n\n\n\n<p>Me apasiona el mundo del sonido. Desde mi estudio de pregrado, me he cuestionado la funci\u00f3n de los editores desde su principio m\u00e1s b\u00e1sico como curadores de contenido. M\u00e1s all\u00e1 de las ilimitadas funciones que podemos tener, el mundo digital nos invita como nicho a pensar nuevas o diferentes formas de comunicar; posibilidades infinitas de mejorar las experiencias de los lectores y de transformar el mundo de la lectura. Por esto llegu\u00e9 al mundo del sonido, como una de muchas posibilidades de explorar el mundo y contar historias no solo desde lo oral y la voz, sino de informaci\u00f3n cotidiana y constante que suena a nuestro alrededor y que no tendemos a percibir en un primer momento como fuente de conocimiento.<\/p>\n\n\n\n<p>Me interesa mucho poder trabajar por primera vez en investigaci\u00f3n y la combinaci\u00f3n entre la teor\u00eda y la pr\u00e1ctica. Es un reto entrar al mundo de las metodolog\u00edas y de la teor\u00eda y creo que es momento de hacerlo. Por otra parte, creo fielmente en la importancia del uso de los datos para espacios de creaci\u00f3n y de manipulaci\u00f3n de la informaci\u00f3n para entenderlos. Mi proyecto previo estaba enfocado a la posibilidad de narrar el territorio a partir de sus sonidos, sin embargo hoy me encuentro que no tengo material suficiente para un objeto de estudio puntual, sino un archivo de  grabaciones de diferentes regiones del pa\u00eds sin un contenido espec\u00edfico. A pesar de esto, creo mucho en la riqueza de este material y es una de mis anclas \u2013aunque esto no signifique que sea un absoluto\u2013 para definir mi investigaci\u00f3n. Si bien a\u00fan no s\u00e9 cu\u00e1l es la ruta, me gusta mucho pensar en la posibilidad de trabajar la importancia del archivo sonoro en la herencia cultural y memoria de Colombia y la importancia de su uso y\/o divulgaci\u00f3n. Creo que combinar la importancia del archivo y la investigaci\u00f3n sobre la riqueza sonora de un pa\u00eds como Colombia puede ser un camino muy interesante de explorar y de visibilizar.&nbsp;<\/p>\n\n\n\n<p>Entro a este espacio con la mente abierta y con material que puede ser de gran ayuda para evidenciar este tema.<\/p>\n\n\n\n<h2 class=\"has-text-align-center wp-block-heading\">L\u00ednea del tiempo<\/h2>\n\n\n\n<div class=\"wp-block-image\"><figure class=\"aligncenter size-large\"><img loading=\"lazy\" decoding=\"async\" width=\"1024\" height=\"760\" src=\"https:\/\/visiones.uniandes.edu.co\/lparis\/wp-content\/uploads\/sites\/28\/2020\/09\/img_6023-2.jpg\" alt=\"\" class=\"wp-image-69\" srcset=\"https:\/\/visiones.uniandes.edu.co\/lparis\/wp-content\/uploads\/sites\/28\/2020\/09\/img_6023-2.jpg 1024w, https:\/\/visiones.uniandes.edu.co\/lparis\/wp-content\/uploads\/sites\/28\/2020\/09\/img_6023-2-300x223.jpg 300w, https:\/\/visiones.uniandes.edu.co\/lparis\/wp-content\/uploads\/sites\/28\/2020\/09\/img_6023-2-768x570.jpg 768w\" sizes=\"auto, (max-width: 1024px) 100vw, 1024px\" \/><figcaption>Documentaci\u00f3n de trabajo de campo. Barrio La Rosal\u00eda, v\u00eda a Minca, Santa Marta. Diciembre de 2017. <\/figcaption><\/figure><\/div>\n\n\n\n<p>La curiosidad y pasi\u00f3n por este tema empez\u00f3 en el 2017, cuando empec\u00e9 a crear mi proyecto de investigaci\u00f3n para mi pregrado en comunicaci\u00f3n social. Aqu\u00ed se puede encontrar el proceso por a\u00f1os: <a href=\"#2017\" data-type=\"internal\" data-id=\"#2017\">2017<\/a> \/\/ <a href=\"#2018\" data-type=\"internal\" data-id=\"#2018\">2018<\/a> \/\/ <a href=\"#2019\">2019<\/a> \/\/ <a href=\"#2020\">2020<\/a><\/p>\n\n\n\n<h2 class=\"has-accent-color has-text-color wp-block-heading\" id=\"2017\"><br>2017<\/h2>\n\n\n\n<h3 class=\"wp-block-heading\">Tesis de pregrado<\/h3>\n\n\n\n<h5 class=\"wp-block-heading\">Planteamientos iniciales<\/h5>\n\n\n\n<p>El primer acercamiento a este tema fue mi tesis de pregrado <em><strong>&#8220;Relatos de un pa\u00eds sonoro: narraciones auditivas del territorio colombiano&#8221;<\/strong><\/em> para la titulaci\u00f3n como comunicadora social de la Universidad Javeriana. Se puede consultar <a href=\"https:\/\/repository.javeriana.edu.co\/handle\/10554\/39694\" target=\"_blank\" rel=\"noreferrer noopener\">aqu\u00ed<\/a>.<\/p>\n\n\n\n<p>El objetivo inicial de dicho proyecto fue: <\/p>\n\n\n\n<p>&#8220;Construir un producto editorial sobre los territorios colombianos a partir de la lectura de sus sonidos, con el fin de reafirmar el valor de la sonoridad como objeto de lectura.&#8221;<\/p>\n\n\n\n<p>Donde lo editorial fue comprendido como: <\/p>\n\n\n\n<p>[&#8230;] &#8220;el campo de realizaci\u00f3n y producci\u00f3n de diversas narrativas, mientras que la lectura ser\u00e1 entendida como una pr\u00e1ctica para generar cultura, donde los formatos y soportes no son condicionales para su existencia. La diversidad de tipos de lectores y narrativas son una respuesta a la necesidad de crear contenidos creativos usando elementos diferentes e innovadores.&#8221; (Par\u00eds, 2018)<\/p>\n\n\n\n<h2 class=\"has-accent-color has-text-color wp-block-heading\" id=\"2018\"><br>2018<\/h2>\n\n\n\n<h3 class=\"wp-block-heading\">Trabajo de campo<\/h3>\n\n\n\n<h5 class=\"wp-block-heading\">Bit\u00e1coras de viaje<\/h5>\n\n\n\n<p>Con base en metodolog\u00edas y experiencias realizadas por la Universidad ICESI en territorios del Valle del Cauca, los participantes de esta investigaci\u00f3n, estudiantes de la Pontificia Universidad Javeriana de diversas carreras de pregrado como Ciencia Pol\u00edtica, Artes Visuales, Comunicaci\u00f3n Social, Antropolog\u00eda, Ecolog\u00eda, Ingenier\u00eda Electr\u00f3nica, Dise\u00f1o Industrial y Psicolog\u00eda, tuvieron un espacio de conversaci\u00f3n en torno a qu\u00e9 significa escuchar, modo de escucha y la apropiaci\u00f3n del sonido en el territorio. A trav\u00e9s de conversaciones, discusiones y ejercicios, se cre\u00f3 el diario de campo espec\u00edfico para este trabajo de grado.<\/p>\n\n\n\n<div class=\"wp-block-columns is-layout-flex wp-container-core-columns-is-layout-9d6595d7 wp-block-columns-is-layout-flex\">\n<div class=\"wp-block-column is-layout-flow wp-block-column-is-layout-flow\">\n<figure class=\"wp-block-image size-large\"><img decoding=\"async\" src=\"https:\/\/visiones.uniandes.edu.co\/lparis\/wp-content\/uploads\/sites\/28\/2020\/09\/1.png\" alt=\"\" class=\"wp-image-87\" width=\"NaN\" height=\"NaN\" srcset=\"https:\/\/visiones.uniandes.edu.co\/lparis\/wp-content\/uploads\/sites\/28\/2020\/09\/1.png 698w, https:\/\/visiones.uniandes.edu.co\/lparis\/wp-content\/uploads\/sites\/28\/2020\/09\/1-300x163.png 300w\" sizes=\"(max-width: 698px) 100vw, 698px\" \/><figcaption>Bit\u00e1cora de viaje: ejercicio de reconocimiento del territorio<\/figcaption><\/figure>\n<\/div>\n\n\n\n<div class=\"wp-block-column is-layout-flow wp-block-column-is-layout-flow\">\n<figure class=\"wp-block-image size-large\"><img loading=\"lazy\" decoding=\"async\" width=\"722\" height=\"456\" src=\"https:\/\/visiones.uniandes.edu.co\/lparis\/wp-content\/uploads\/sites\/28\/2020\/09\/2.png\" alt=\"\" class=\"wp-image-90\" srcset=\"https:\/\/visiones.uniandes.edu.co\/lparis\/wp-content\/uploads\/sites\/28\/2020\/09\/2.png 722w, https:\/\/visiones.uniandes.edu.co\/lparis\/wp-content\/uploads\/sites\/28\/2020\/09\/2-300x189.png 300w\" sizes=\"auto, (max-width: 722px) 100vw, 722px\" \/><figcaption>Bit\u00e1cora de viaje: ejercicios de escucha<\/figcaption><\/figure>\n<\/div>\n<\/div>\n\n\n\n<h3 class=\"wp-block-heading\">Producto <\/h3>\n\n\n\n<p>Como el formato de tesis era monograf\u00eda de producto, propuse como proyecto final un <em>mock-up<\/em> de una aplicaci\u00f3n para generar un archivo sonoro de Colombia. <\/p>\n\n\n\n<h5 class=\"wp-block-heading\">Colombia Polif\u00f3nica<\/h5>\n\n\n\n<p>Colombia Polif\u00f3nica fue un proyecto de narraci\u00f3n auditiva enfocado al reconocimiento del territorio colombiano a trav\u00e9s de sus sonidos. El proyecto buscaba sensibilizar a la poblaci\u00f3n ante el territorio y nuevas formas de leerlo y entenderlo. Este producto se present\u00f3 como una de las m\u00faltiples posibilidades de utilizar y crear lectura sonora a partir de la informaci\u00f3n recolectada, reconociendo la infinita creatividad para utilizarlos de formas diferentes y con otros fines coherentes al objetivo principal del trabajo.<\/p>\n\n\n\n<div class=\"wp-block-columns is-layout-flex wp-container-core-columns-is-layout-9d6595d7 wp-block-columns-is-layout-flex\">\n<div class=\"wp-block-column is-layout-flow wp-block-column-is-layout-flow\">\n<figure class=\"wp-block-image size-large\"><img loading=\"lazy\" decoding=\"async\" width=\"1024\" height=\"594\" src=\"https:\/\/visiones.uniandes.edu.co\/lparis\/wp-content\/uploads\/sites\/28\/2020\/09\/Screen-Shot-2020-09-08-at-3.02.16-PM-1024x594.png\" alt=\"\" class=\"wp-image-94\" srcset=\"https:\/\/visiones.uniandes.edu.co\/lparis\/wp-content\/uploads\/sites\/28\/2020\/09\/Screen-Shot-2020-09-08-at-3.02.16-PM-1024x594.png 1024w, https:\/\/visiones.uniandes.edu.co\/lparis\/wp-content\/uploads\/sites\/28\/2020\/09\/Screen-Shot-2020-09-08-at-3.02.16-PM-300x174.png 300w, https:\/\/visiones.uniandes.edu.co\/lparis\/wp-content\/uploads\/sites\/28\/2020\/09\/Screen-Shot-2020-09-08-at-3.02.16-PM-768x446.png 768w, https:\/\/visiones.uniandes.edu.co\/lparis\/wp-content\/uploads\/sites\/28\/2020\/09\/Screen-Shot-2020-09-08-at-3.02.16-PM-1536x891.png 1536w, https:\/\/visiones.uniandes.edu.co\/lparis\/wp-content\/uploads\/sites\/28\/2020\/09\/Screen-Shot-2020-09-08-at-3.02.16-PM-2048x1188.png 2048w, https:\/\/visiones.uniandes.edu.co\/lparis\/wp-content\/uploads\/sites\/28\/2020\/09\/Screen-Shot-2020-09-08-at-3.02.16-PM-1200x696.png 1200w, https:\/\/visiones.uniandes.edu.co\/lparis\/wp-content\/uploads\/sites\/28\/2020\/09\/Screen-Shot-2020-09-08-at-3.02.16-PM-1980x1149.png 1980w\" sizes=\"auto, (max-width: 1024px) 100vw, 1024px\" \/><figcaption>Dise\u00f1o del prototipo<\/figcaption><\/figure>\n<\/div>\n\n\n\n<div class=\"wp-block-column is-layout-flow wp-block-column-is-layout-flow\">\n<figure class=\"wp-block-image size-large\"><img loading=\"lazy\" decoding=\"async\" width=\"1024\" height=\"466\" src=\"https:\/\/visiones.uniandes.edu.co\/lparis\/wp-content\/uploads\/sites\/28\/2020\/09\/Screen-Shot-2020-09-08-at-3.02.24-PM-1024x466.png\" alt=\"\" class=\"wp-image-95\" srcset=\"https:\/\/visiones.uniandes.edu.co\/lparis\/wp-content\/uploads\/sites\/28\/2020\/09\/Screen-Shot-2020-09-08-at-3.02.24-PM-1024x466.png 1024w, https:\/\/visiones.uniandes.edu.co\/lparis\/wp-content\/uploads\/sites\/28\/2020\/09\/Screen-Shot-2020-09-08-at-3.02.24-PM-300x137.png 300w, https:\/\/visiones.uniandes.edu.co\/lparis\/wp-content\/uploads\/sites\/28\/2020\/09\/Screen-Shot-2020-09-08-at-3.02.24-PM-768x350.png 768w, https:\/\/visiones.uniandes.edu.co\/lparis\/wp-content\/uploads\/sites\/28\/2020\/09\/Screen-Shot-2020-09-08-at-3.02.24-PM-1536x699.png 1536w, https:\/\/visiones.uniandes.edu.co\/lparis\/wp-content\/uploads\/sites\/28\/2020\/09\/Screen-Shot-2020-09-08-at-3.02.24-PM-2048x933.png 2048w, https:\/\/visiones.uniandes.edu.co\/lparis\/wp-content\/uploads\/sites\/28\/2020\/09\/Screen-Shot-2020-09-08-at-3.02.24-PM-1200x546.png 1200w, https:\/\/visiones.uniandes.edu.co\/lparis\/wp-content\/uploads\/sites\/28\/2020\/09\/Screen-Shot-2020-09-08-at-3.02.24-PM-1980x902.png 1980w\" sizes=\"auto, (max-width: 1024px) 100vw, 1024px\" \/><figcaption><br>Muestras del mock-up<\/figcaption><\/figure>\n<\/div>\n<\/div>\n\n\n\n<figure class=\"wp-block-embed-vimeo aligncenter wp-block-embed is-type-video is-provider-vimeo wp-embed-aspect-16-9 wp-has-aspect-ratio\"><div class=\"wp-block-embed__wrapper\">\n<iframe loading=\"lazy\" title=\"Colombia Polif\u00f3nica\" src=\"https:\/\/player.vimeo.com\/video\/311573878?dnt=1&amp;app_id=122963\" width=\"580\" height=\"326\" frameborder=\"0\" allow=\"autoplay; fullscreen; picture-in-picture; clipboard-write\"><\/iframe>\n<\/div><figcaption>Presentaci\u00f3n de algunas grabaciones del archivo sonoro creado. 2018.<\/figcaption><\/figure>\n\n\n\n<p class=\"has-text-align-left\"> <\/p>\n\n\n\n<h2 class=\"has-accent-color has-text-color wp-block-heading\" id=\"2019\"><br>2019<\/h2>\n\n\n\n<p>En el 2019 el proyecto no se desarroll\u00f3, salvo la grabaci\u00f3n de algunos registros en diferentes oportunidades.<\/p>\n\n\n\n<p><\/p>\n\n\n\n<h2 class=\"has-accent-color has-text-color wp-block-heading\" id=\"2020\"><br>2020<\/h2>\n\n\n\n<p>En el 2020 entro a la Maestr\u00eda en Humanidades Digitales de la Universidad de los Andes. Decid\u00ed presentar este proyecto con las ganas de retomarlo desde miradas mucho m\u00e1s cr\u00edticas y fundamentadas. Hoy me encuentro manteniendo elementos de a\u00f1os anteriores pero con la mirada enfocada en nuevos horizontes. <\/p>\n\n\n\n<p>Tengo la claridad de que voy a dejar de lado la funci\u00f3n del editor en esta investigaci\u00f3n, para concentrarme en la importancia del archivo sonoro en la herencia cultural del pa\u00eds. Hasta ahora, un mes despu\u00e9s del inicio de clases, estoy en exploraci\u00f3n de conceptos clave como sonido, patrimonio cultural, humanidades digitales y archivo, para comprender hacia d\u00f3nde puedo dirigir mi investigaci\u00f3n. <\/p>\n\n\n\n<p>En la subpesta\u00f1a de esta p\u00e1gina, llamada &#8220;Avances&#8221; , podr\u00e1n encontrar los avances sobre el tema de la tesis.  En <a rel=\"noreferrer noopener\" href=\"https:\/\/visiones.uniandes.edu.co\/lparis\/lecturas\/\" target=\"_blank\">Lecturas y referentes,<\/a> podr\u00e1n encontrar las fuentes secundarias que hacen parte de mi bibliograf\u00eda y notas personales de estas. Referentes son todos aquellos proyectos, instituciones y personajes que nutren mi investigaci\u00f3n, y por \u00faltimo el Blog, donde encontrar\u00e1n todas las entradas que realice a lo largo de este mundo. <\/p>\n","protected":false},"excerpt":{"rendered":"<p>Sonido, archivo, humanidades digitales, patrimonio cultural Me apasiona el mundo del sonido. Desde mi estudio de pregrado, me he cuestionado la funci\u00f3n de los editores desde su principio m\u00e1s b\u00e1sico como curadores de contenido. M\u00e1s all\u00e1 de las ilimitadas funciones que podemos tener, el mundo digital nos invita como nicho a pensar nuevas o diferentes [&hellip;]<\/p>\n","protected":false},"author":28,"featured_media":0,"parent":0,"menu_order":0,"comment_status":"open","ping_status":"closed","template":"templates\/template-full-width.php","meta":{"_themeisle_gutenberg_block_has_review":false,"footnotes":""},"class_list":["post-10","page","type-page","status-publish","hentry"],"_links":{"self":[{"href":"https:\/\/visiones.uniandes.edu.co\/lparis\/wp-json\/wp\/v2\/pages\/10","targetHints":{"allow":["GET"]}}],"collection":[{"href":"https:\/\/visiones.uniandes.edu.co\/lparis\/wp-json\/wp\/v2\/pages"}],"about":[{"href":"https:\/\/visiones.uniandes.edu.co\/lparis\/wp-json\/wp\/v2\/types\/page"}],"author":[{"embeddable":true,"href":"https:\/\/visiones.uniandes.edu.co\/lparis\/wp-json\/wp\/v2\/users\/28"}],"replies":[{"embeddable":true,"href":"https:\/\/visiones.uniandes.edu.co\/lparis\/wp-json\/wp\/v2\/comments?post=10"}],"version-history":[{"count":81,"href":"https:\/\/visiones.uniandes.edu.co\/lparis\/wp-json\/wp\/v2\/pages\/10\/revisions"}],"predecessor-version":[{"id":198,"href":"https:\/\/visiones.uniandes.edu.co\/lparis\/wp-json\/wp\/v2\/pages\/10\/revisions\/198"}],"wp:attachment":[{"href":"https:\/\/visiones.uniandes.edu.co\/lparis\/wp-json\/wp\/v2\/media?parent=10"}],"curies":[{"name":"wp","href":"https:\/\/api.w.org\/{rel}","templated":true}]}}