{"id":36,"date":"2023-11-23T18:44:41","date_gmt":"2023-11-23T17:44:41","guid":{"rendered":"https:\/\/visiones.uniandes.edu.co\/juan-luna\/?page_id=36"},"modified":"2024-05-21T09:51:05","modified_gmt":"2024-05-21T07:51:05","slug":"los-hombres-del-lord-chamberlain-equipo-artistico","status":"publish","type":"page","link":"https:\/\/visiones.uniandes.edu.co\/juan-luna\/los-hombres-del-lord-chamberlain-equipo-artistico\/","title":{"rendered":"Los hombres del Lord Chamberlain &#8211; El equipo art\u00edstico"},"content":{"rendered":"\n<p><em>The Lord Chamberlain&#8217;s Men<\/em>&nbsp;fue la compa\u00f1\u00eda teatral para la que William Shakespeare escribi\u00f3 y actu\u00f3 durante la mayor parte de su carrera. Fue conformada durante el reinado de Isabel I en 1594, con el patrocinio de Henry Carey, Lord Chamberlain, quien estaba a cargo del esparcimiento de la corte. La compa\u00f1\u00eda se convirti\u00f3 en la <em>King&#8217;s Men<\/em> en 1603, cuando el rey James ascendi\u00f3 al trono y se convirti\u00f3 en el mecenas de la compa\u00f1\u00eda. <em>Los Hombres del Lord Chamberlain<\/em> estaba formada por un n\u00facleo de ocho participantes, que se repart\u00edan las ganancias y las deudas. Y las deudas&#8230; \u00c9ste es nuestro n\u00facleo: <\/p>\n\n\n\n<p><\/p>\n\n\n\n<figure class=\"wp-block-image size-full is-resized\"><img loading=\"lazy\" decoding=\"async\" width=\"640\" height=\"960\" src=\"https:\/\/visiones.uniandes.edu.co\/juan-luna\/wp-content\/uploads\/sites\/211\/2023\/11\/Luna-Direc.jpeg\" alt=\"\" class=\"wp-image-202\" style=\"width:306px;height:458px\" srcset=\"https:\/\/visiones.uniandes.edu.co\/juan-luna\/wp-content\/uploads\/sites\/211\/2023\/11\/Luna-Direc.jpeg 640w, https:\/\/visiones.uniandes.edu.co\/juan-luna\/wp-content\/uploads\/sites\/211\/2023\/11\/Luna-Direc-200x300.jpeg 200w\" sizes=\"auto, (max-width: 640px) 100vw, 640px\" \/><figcaption class=\"wp-element-caption\"><strong>Juan Luna<\/strong> <strong>&#8211; Director\/Performer<\/strong><\/figcaption><\/figure>\n\n\n\n<p>Juan Luna es director, actor y dramaturgo. Es egresado de la Universidad de Buenos Aires y se form\u00f3 con Augusto Fernandes y Ricardo Bart\u00eds, en Argentina, y en Colombia con Pedro Salazar. Ha dirigido y\/o escrito obras como <em>Cuando no haga falta el tiempo<\/em>, <em>La balsa, Laurita y las tetas <\/em>y<em> La gaviota<\/em>. Con ellas ha participado en festivales como el <em>CASA de Londres<\/em>, el <em>ESCENA<\/em> de Buenos Aires, el <em>FESTA<\/em>, el <em>Festival de Teatro y Circo de Bogot\u00e1<\/em> y la <em>Temporada de Teatro Colombiano del Teatro Col\u00f3n<\/em>. Ha actuado tambi\u00e9n en diversos montajes en Argentina y Colombia. Actualmente es docente y co-director del grupo de teatro de la Universidad de los Andes y lleva a cabo la Maestr\u00eda en Artes Pl\u00e1sticas, Electr\u00f3nicas y del Tiempo en la misma universidad.<\/p>\n\n\n\n<figure class=\"wp-block-image size-full\"><img loading=\"lazy\" decoding=\"async\" width=\"380\" height=\"330\" src=\"https:\/\/visiones.uniandes.edu.co\/juan-luna\/wp-content\/uploads\/sites\/211\/2023\/11\/Juanpa-Foto.jpeg\" alt=\"\" class=\"wp-image-204\" srcset=\"https:\/\/visiones.uniandes.edu.co\/juan-luna\/wp-content\/uploads\/sites\/211\/2023\/11\/Juanpa-Foto.jpeg 380w, https:\/\/visiones.uniandes.edu.co\/juan-luna\/wp-content\/uploads\/sites\/211\/2023\/11\/Juanpa-Foto-300x261.jpeg 300w\" sizes=\"auto, (max-width: 380px) 100vw, 380px\" \/><figcaption class=\"wp-element-caption\"><strong>Juan Pablo Acosta<\/strong> &#8211; <strong>Performer\/Actor<\/strong><\/figcaption><\/figure>\n\n\n\n<p>Actor, director y dramaturgo fundador de la compa\u00f1\u00eda de teatro Las 3:33 producciones. Curs\u00f3 sus estudios en la escuela de La Casa del Teatro Nacional. Form\u00f3 parte de la compa\u00f1\u00eda La Maldita Vanidad Teatro, en donde particip\u00f3 como actor en seis de sus montajes y en varias de sus giras nacionales e internacionales. Tambi\u00e9n ha trabajado como actor invitado en montajes de directores como: Johan Velandia, Carolina Vivas y Carlos Mois\u00e9s Ballesteros, entre otros. En 2018 dirigi\u00f3 su primera obra, <em>Historias para animales carn\u00edvoros<\/em>, adaptaci\u00f3n libre de <em>El beso de la mujer ara\u00f1a <\/em>de Manuel Puig; y en el 2019 escribi\u00f3 y dirigi\u00f3 la obra <em>Carta de un hombre sin padre<\/em> obra inspirada en la vida y obra de William Shakespeare. En el a\u00f1o 2022 estren\u00f3 su tercer montaje como director: <em>El madero blanco se perdi\u00f3<\/em>, adaptaci\u00f3n libre de la c\u00e9lebre obra de Tennesee Williams, <em>Un tranv\u00eda llamado deseo<\/em>.<\/p>\n\n\n\n<figure class=\"wp-block-image size-large is-resized\"><img loading=\"lazy\" decoding=\"async\" width=\"1024\" height=\"669\" src=\"https:\/\/visiones.uniandes.edu.co\/juan-luna\/wp-content\/uploads\/sites\/211\/2023\/11\/Foto-Diego-BN-1024x669.jpeg\" alt=\"\" class=\"wp-image-216\" style=\"width:443px;height:289px\" srcset=\"https:\/\/visiones.uniandes.edu.co\/juan-luna\/wp-content\/uploads\/sites\/211\/2023\/11\/Foto-Diego-BN-1024x669.jpeg 1024w, https:\/\/visiones.uniandes.edu.co\/juan-luna\/wp-content\/uploads\/sites\/211\/2023\/11\/Foto-Diego-BN-300x196.jpeg 300w, https:\/\/visiones.uniandes.edu.co\/juan-luna\/wp-content\/uploads\/sites\/211\/2023\/11\/Foto-Diego-BN-768x502.jpeg 768w, https:\/\/visiones.uniandes.edu.co\/juan-luna\/wp-content\/uploads\/sites\/211\/2023\/11\/Foto-Diego-BN.jpeg 1280w\" sizes=\"auto, (max-width: 1024px) 100vw, 1024px\" \/><figcaption class=\"wp-element-caption\"><strong>Diego Garc\u00eda Castro<\/strong> <strong>&#8211; M\u00fasico\/Actor<\/strong><\/figcaption><\/figure>\n\n\n\n<p>Docente de violonchelo de La Universidad Nacional de Colombia y Universidad de los Andes, sus intereses art\u00edsticos van desde la m\u00fasica cl\u00e1sica centroeuropea, hasta las propuestas m\u00e1s experimentales de compositores del siglo XXI, pasando eso s\u00ed, por m\u00fasicas caracter\u00edsticas de la tradici\u00f3n latinoamericana. Alterna su actividad pedag\u00f3gica con una intensa labor como m\u00fasico de c\u00e1mara con diversas agrupaciones tales como \u201cLa sociedad\u201d y el \u201cCuarteto Q-Arte\u00bb.<\/p>\n\n\n\n<figure class=\"wp-block-image size-full is-resized\"><img loading=\"lazy\" decoding=\"async\" width=\"199\" height=\"198\" src=\"https:\/\/visiones.uniandes.edu.co\/juan-luna\/wp-content\/uploads\/sites\/211\/2023\/11\/Herna\u0301n-Cabiativa-Foto.png\" alt=\"\" class=\"wp-image-55\" style=\"width:310px;height:309px\" srcset=\"https:\/\/visiones.uniandes.edu.co\/juan-luna\/wp-content\/uploads\/sites\/211\/2023\/11\/Herna\u0301n-Cabiativa-Foto.png 199w, https:\/\/visiones.uniandes.edu.co\/juan-luna\/wp-content\/uploads\/sites\/211\/2023\/11\/Herna\u0301n-Cabiativa-Foto-150x150.png 150w\" sizes=\"auto, (max-width: 199px) 100vw, 199px\" \/><figcaption class=\"wp-element-caption\"><strong>Hern\u00e1n Cabiativa &#8211; Actor<\/strong><\/figcaption><\/figure>\n\n\n\n<p>Actor de amplia formaci\u00f3n y trayectoria teatral. Director del Movimiento del <em>Laboratorio para Actores<\/em> de Victoria Hern\u00e1ndez y miembro fundador del <em>Teatro R-101<\/em>. Comunicador social de la Universidad Externado, estudi\u00f3 actuaci\u00f3n en la Escuela del Teatro Libre de Bogot\u00e1. Se ha destacado en montajes teatrales como <em>Macbeth<\/em> (2016), <em>Incendios<\/em> (2014) y <em>Notas de Cocina (<\/em>2013). En cine y televisi\u00f3n ha participado en varias producciones, entre ellas, <em>Roa<\/em> (2012), <em>Escobar el Patr\u00f3n del mal<\/em> (2012) y <em>Tres Ca\u00ednes<\/em> (2013). Miembro fundador de <em>El Teatro del Embuste<\/em> y actor de <em>La Secreta Obscenidad<\/em> (2014) y <em>Reb\u00fa<\/em> (2015).<\/p>\n\n\n\n<figure class=\"wp-block-image size-full is-resized\"><img loading=\"lazy\" decoding=\"async\" width=\"713\" height=\"1024\" src=\"https:\/\/visiones.uniandes.edu.co\/juan-luna\/wp-content\/uploads\/sites\/211\/2024\/05\/Foto-Sonia.jpeg\" alt=\"\" class=\"wp-image-564\" style=\"width:294px;height:auto\" srcset=\"https:\/\/visiones.uniandes.edu.co\/juan-luna\/wp-content\/uploads\/sites\/211\/2024\/05\/Foto-Sonia.jpeg 713w, https:\/\/visiones.uniandes.edu.co\/juan-luna\/wp-content\/uploads\/sites\/211\/2024\/05\/Foto-Sonia-209x300.jpeg 209w\" sizes=\"auto, (max-width: 713px) 100vw, 713px\" \/><figcaption class=\"wp-element-caption\"><strong>Sonia Rojas &#8211; Expositora<\/strong><\/figcaption><\/figure>\n\n\n\n<p>Artista que crea ficciones que se confunden con la realidad para poder sentir, m\u00e1s all\u00e1 de lo humano, el l\u00edmite entre lo bello y lo horroroso del paso del tiempo. El interludio entre la memoria y el olvido. El punto de no retorno entre la vida y la muerte. Su trabajo se ha expuesto en galer\u00edas y museos de Colombia, as\u00ed como en Francia, Venezuela y M\u00e9xico. Ha sido ganadora de un est\u00edmulo de creaci\u00f3n con el Museo de Arte Contempor\u00e1neo de Bogot\u00e1, una residencia art\u00edstica en Annecy en el marco del a\u00f1o Colombia-Francia, la convocatoria Artec\u00e1mara 2019 de ARTBO y la convocatoria En Blanco de la galer\u00eda Espacio El Dorado.<\/p>\n\n\n\n<figure class=\"wp-block-image size-full wp-duotone-grayscale\"><img loading=\"lazy\" decoding=\"async\" width=\"223\" height=\"246\" src=\"https:\/\/visiones.uniandes.edu.co\/juan-luna\/wp-content\/uploads\/sites\/211\/2024\/05\/Foto-Camilo-Rojas.png\" alt=\"\" class=\"wp-image-586\"\/><\/figure>\n\n\n\n<p>Director orquestal y coral. Obtuvo su t\u00edtulo de la Fundaci\u00f3n Universitaria Juan N Corpas grado \u2018Summa Cumme Laude\u2019. Como director ha estudiado bajo la tutor\u00eda de maestros como Jorge Salazar, Jorge Zorro, Markand Thakar, Antoni Ros Marba. Tambi\u00e9n ha colaborado como compositor, arreglista y director musical en proyectos de otros g\u00e9neros y con artistas como <em>Manos B\u00e1sico, Circuito Liquen y Masa Cr\u00edtica.<\/em> Ha dirigido las orquestas de la Fundaci\u00f3n Unim\u00fasica, Juliana Reinat Piano studio, Orquesta Sinf\u00f3nica de Caldas, Orquesta sinf\u00f3nica de San Cougat del Vall\u00e9s, y se ha desempe\u00f1ado como jurado y director del BMTG International Piano Competition en el Carnegie Hall de Nueva York. <a href=\"https:\/\/visiones.uniandes.edu.co\/juan-luna\/wp-admin\/edit.php?post_type=page\"><\/a><\/p>\n\n\n\n<figure class=\"wp-block-image size-large is-resized\"><img loading=\"lazy\" decoding=\"async\" width=\"1024\" height=\"768\" src=\"https:\/\/visiones.uniandes.edu.co\/juan-luna\/wp-content\/uploads\/sites\/211\/2024\/05\/Foto-Estefi-1024x768.jpeg\" alt=\"\" class=\"wp-image-584\" style=\"width:347px;height:auto\" srcset=\"https:\/\/visiones.uniandes.edu.co\/juan-luna\/wp-content\/uploads\/sites\/211\/2024\/05\/Foto-Estefi-1024x768.jpeg 1024w, https:\/\/visiones.uniandes.edu.co\/juan-luna\/wp-content\/uploads\/sites\/211\/2024\/05\/Foto-Estefi-300x225.jpeg 300w, https:\/\/visiones.uniandes.edu.co\/juan-luna\/wp-content\/uploads\/sites\/211\/2024\/05\/Foto-Estefi-768x576.jpeg 768w, https:\/\/visiones.uniandes.edu.co\/juan-luna\/wp-content\/uploads\/sites\/211\/2024\/05\/Foto-Estefi-1536x1152.jpeg 1536w, https:\/\/visiones.uniandes.edu.co\/juan-luna\/wp-content\/uploads\/sites\/211\/2024\/05\/Foto-Estefi-2048x1536.jpeg 2048w, https:\/\/visiones.uniandes.edu.co\/juan-luna\/wp-content\/uploads\/sites\/211\/2024\/05\/Foto-Estefi-1568x1176.jpeg 1568w\" sizes=\"auto, (max-width: 1024px) 100vw, 1024px\" \/><figcaption class=\"wp-element-caption\"><strong>Estefan\u00eda Guarquin &#8211; Asistente de montaje<\/strong><\/figcaption><\/figure>\n\n\n\n<p>Atista cuyo punto de partida es la relaci\u00f3n entre el movimiento, el espacio y la propiocepci\u00f3n del cuerpo humano. Le interesa investigar los procesos de construcci\u00f3n, las estructuras de las cosas y las formas en que los materiales y los cuerpos al juntarse se sostienen. Recientemente ha participado&nbsp;en la exposici\u00f3n Fragmentos M\u00f3viles (2023) en Plural Nodo Cultural y en Presentes m\u00faltiples, el habitar como resistencia (2023) en ARTBO Salas C\u00e1mara de Comercio de Bogot\u00e1 sede Chapinero.<\/p>\n\n\n\n<ul class=\"wp-block-list\">\n<li><a href=\"https:\/\/visiones.uniandes.edu.co\/juan-luna\/sobre-el-proyecto\/\" data-type=\"page\" data-id=\"91\"><strong>Sobre el proyecto<\/strong><\/a><\/li>\n\n\n\n<li><a href=\"https:\/\/visiones.uniandes.edu.co\/juan-luna\/la-ratonera-desarrollo-del-dispositivo-escenico-como-instalacion-teatral\/\" data-type=\"page\" data-id=\"32\"><strong>La Ratonera<\/strong> <\/a><strong><a href=\"https:\/\/visiones.uniandes.edu.co\/juan-luna\/la-ratonera-desarrollo-del-dispositivo-escenico-como-instalacion-teatral\/\" data-type=\"page\" data-id=\"32\">&#8211; Desarrollo del dispositivo esc\u00e9nico como instalaci\u00f3n teatral<\/a> <\/strong><\/li>\n\n\n\n<li><a href=\"https:\/\/visiones.uniandes.edu.co\/juan-luna\/galeria-de-imagenes\/\" data-type=\"page\" data-id=\"84\"><strong>Galer\u00eda de trabajo<\/strong><\/a><\/li>\n\n\n\n<li><strong><a href=\"https:\/\/visiones.uniandes.edu.co\/juan-luna\/bibliografia\/\" data-type=\"page\" data-id=\"594\">Bibliograf\u00eda<\/a><\/strong><\/li>\n\n\n\n<li><a href=\"https:\/\/visiones.uniandes.edu.co\/juan-luna\/\" data-type=\"page\" data-id=\"63\"><strong>Hamlet o c\u00f3mo decirle que no a un padre (muerto)<\/strong><\/a><\/li>\n<\/ul>\n","protected":false},"excerpt":{"rendered":"<p>The Lord Chamberlain&#8217;s Men&nbsp;fue la compa\u00f1\u00eda teatral para la que William Shakespeare escribi\u00f3 y actu\u00f3 durante la mayor parte de su carrera. Fue conformada durante el reinado de Isabel I en 1594, con el patrocinio de Henry Carey, Lord Chamberlain, quien estaba a cargo del esparcimiento de la corte. La compa\u00f1\u00eda se convirti\u00f3 en la&hellip; <a class=\"more-link\" href=\"https:\/\/visiones.uniandes.edu.co\/juan-luna\/los-hombres-del-lord-chamberlain-equipo-artistico\/\">Seguir leyendo <span class=\"screen-reader-text\">Los hombres del Lord Chamberlain &#8211; El equipo art\u00edstico<\/span><\/a><\/p>\n","protected":false},"author":204,"featured_media":0,"parent":0,"menu_order":0,"comment_status":"closed","ping_status":"closed","template":"","meta":{"_themeisle_gutenberg_block_has_review":false,"footnotes":""},"class_list":["post-36","page","type-page","status-publish","hentry","entry"],"_links":{"self":[{"href":"https:\/\/visiones.uniandes.edu.co\/juan-luna\/wp-json\/wp\/v2\/pages\/36","targetHints":{"allow":["GET"]}}],"collection":[{"href":"https:\/\/visiones.uniandes.edu.co\/juan-luna\/wp-json\/wp\/v2\/pages"}],"about":[{"href":"https:\/\/visiones.uniandes.edu.co\/juan-luna\/wp-json\/wp\/v2\/types\/page"}],"author":[{"embeddable":true,"href":"https:\/\/visiones.uniandes.edu.co\/juan-luna\/wp-json\/wp\/v2\/users\/204"}],"replies":[{"embeddable":true,"href":"https:\/\/visiones.uniandes.edu.co\/juan-luna\/wp-json\/wp\/v2\/comments?post=36"}],"version-history":[{"count":24,"href":"https:\/\/visiones.uniandes.edu.co\/juan-luna\/wp-json\/wp\/v2\/pages\/36\/revisions"}],"predecessor-version":[{"id":672,"href":"https:\/\/visiones.uniandes.edu.co\/juan-luna\/wp-json\/wp\/v2\/pages\/36\/revisions\/672"}],"wp:attachment":[{"href":"https:\/\/visiones.uniandes.edu.co\/juan-luna\/wp-json\/wp\/v2\/media?parent=36"}],"curies":[{"name":"wp","href":"https:\/\/api.w.org\/{rel}","templated":true}]}}