{"id":242,"date":"2023-11-26T01:14:38","date_gmt":"2023-11-26T00:14:38","guid":{"rendered":"https:\/\/visiones.uniandes.edu.co\/juan-luna\/?page_id=242"},"modified":"2024-05-21T07:41:55","modified_gmt":"2024-05-21T05:41:55","slug":"la-iluminacion","status":"publish","type":"page","link":"https:\/\/visiones.uniandes.edu.co\/juan-luna\/la-iluminacion\/","title":{"rendered":"La iluminaci\u00f3n"},"content":{"rendered":"\n<figure class=\"wp-block-image size-full is-resized\"><img loading=\"lazy\" decoding=\"async\" width=\"768\" height=\"1024\" src=\"https:\/\/visiones.uniandes.edu.co\/juan-luna\/wp-content\/uploads\/sites\/211\/2023\/11\/La-Iluminacio\u0301n.jpeg\" alt=\"\" class=\"wp-image-295\" style=\"width:449px;height:598px\" srcset=\"https:\/\/visiones.uniandes.edu.co\/juan-luna\/wp-content\/uploads\/sites\/211\/2023\/11\/La-Iluminacio\u0301n.jpeg 768w, https:\/\/visiones.uniandes.edu.co\/juan-luna\/wp-content\/uploads\/sites\/211\/2023\/11\/La-Iluminacio\u0301n-225x300.jpeg 225w\" sizes=\"auto, (max-width: 768px) 100vw, 768px\" \/><\/figure>\n\n\n\n<p><em>\u00ab\u00a1Luces, luces, luces!\u00bb <strong>Hamlet. Acto III, escena 2<\/strong>. <\/em><\/p>\n\n\n\n<p>La iluminaci\u00f3n en nuestro dispositivo esc\u00e9nico se trabaja desde tres puntos de vista: el de la iluminaci\u00f3n cercana al de una galer\u00edao museo; el de una iluminaci\u00f3n hecha para teatro; y el de la iluminaci\u00f3n de lo liminal, de lo que se encuentra en ese cruce galer\u00eda y teatro, de los cruces entre lo material y lo inmaterial. En un primer momento, el p\u00fablico recorrer\u00e1 un lugar cuyos espacios son iluminados a la manera de un espacio de arte, con una iluminaci\u00f3n sobria y puntual que permita apreciar los objetos y los videos expuestos en el espacio. Luego, esa iluminaci\u00f3n se ir\u00e1 transformando con el accionar de los actores\/m\u00fasicos\/performers, que requerir\u00e1 de ambientaciones propias del teatro, m\u00e1s ligadas con lo simb\u00f3lico, y que reclaman luces m\u00e1s expresivas, llegando a desembocar en el uso del color. El dise\u00f1o lum\u00ednico ser\u00e1 un gran aliado para crear atm\u00f3sferas de ambig\u00fcedad, de luz y sombra, de difuminaciones. Se puede pensar, desde otro \u00e1ngulo, que la luz hace un viaje de ida y vuelta entre un espacio objetivo (la galer\u00eda, el museo, el teatro) y uno subjetivo (la mente de Hamlet, la ficci\u00f3n, las conciencias expresadas del equipo art\u00edstico).<\/p>\n\n\n\n<div class=\"wp-block-columns is-layout-flex wp-container-core-columns-is-layout-9d6595d7 wp-block-columns-is-layout-flex\">\n<div class=\"wp-block-column is-layout-flow wp-block-column-is-layout-flow\">\n<iframe loading=\"lazy\" frameborder=\"0\" class=\"juxtapose\" width=\"800\" height=\"730\" src=\"https:\/\/cdn.knightlab.com\/libs\/juxtapose\/latest\/embed\/index.html?uid=8067f642-8cf8-11ee-9ddd-3f41531135b6\"><\/iframe>\n<\/div>\n<\/div>\n\n\n\n<p><strong><a href=\"https:\/\/visiones.uniandes.edu.co\/juan-luna\/words-words-words-el-trabajo-con-el-texto\/\" data-type=\"page\" data-id=\"34\">El trabajo con el texto<\/a> \/ <a href=\"https:\/\/visiones.uniandes.edu.co\/juan-luna\/el-espacio\/\" data-type=\"page\" data-id=\"224\">El espacio<\/a> \/ <a href=\"https:\/\/visiones.uniandes.edu.co\/juan-luna\/el-actor-performer\/\" data-type=\"page\" data-id=\"228\">El actor\/performer<\/a> \/ <a href=\"https:\/\/visiones.uniandes.edu.co\/juan-luna\/los-objetos\/\" data-type=\"page\" data-id=\"230\">Los objetos<\/a> \/ <a href=\"https:\/\/visiones.uniandes.edu.co\/juan-luna\/el-sonido\/\" data-type=\"page\" data-id=\"232\">El sonido<\/a> \/ <a href=\"https:\/\/visiones.uniandes.edu.co\/juan-luna\/la-imagen\/\" data-type=\"page\" data-id=\"234\">La imagen<\/a>\/ <a href=\"https:\/\/visiones.uniandes.edu.co\/juan-luna\/la-musica\/\" data-type=\"page\" data-id=\"236\">La m\u00fasica<\/a> \/ <a href=\"https:\/\/visiones.uniandes.edu.co\/juan-luna\/el-publico\/\" data-type=\"page\" data-id=\"240\">El p\u00fablico <\/a>\/<\/strong> <a href=\"https:\/\/visiones.uniandes.edu.co\/juan-luna\/la-produccion\/\" data-type=\"page\" data-id=\"238\"><strong>La producci\u00f3n<\/strong><\/a><\/p>\n\n\n\n<ul class=\"wp-block-list\">\n<li><strong><a href=\"https:\/\/visiones.uniandes.edu.co\/juan-luna\/la-ratonera-desarrollo-del-dispositivo-escenico-como-instalacion-teatral\/\" data-type=\"page\" data-id=\"32\">La Ratonera &#8211; Desarrollo del dispositivo esc\u00e9nico como instalaci\u00f3n teatral <\/a><\/strong><\/li>\n<\/ul>\n\n\n\n<ul class=\"wp-block-list\">\n<li><a href=\"https:\/\/visiones.uniandes.edu.co\/juan-luna\/sobre-el-proyecto\/\" data-type=\"page\" data-id=\"91\"><strong>Sobre el proyecto <\/strong><\/a><\/li>\n\n\n\n<li><strong><a href=\"https:\/\/visiones.uniandes.edu.co\/juan-luna\/los-hombres-del-lord-chamberlain-equipo-artistico\/\" data-type=\"page\" data-id=\"36\">Los hombres del Lord Chamberlain &#8211; El equipo art\u00edstico<\/a> <\/strong><\/li>\n\n\n\n<li><a href=\"https:\/\/visiones.uniandes.edu.co\/juan-luna\/galeria-de-imagenes\/\" data-type=\"page\" data-id=\"84\"><strong>Galer\u00eda de trabajo<\/strong><\/a><\/li>\n\n\n\n<li><strong><a href=\"https:\/\/visiones.uniandes.edu.co\/juan-luna\/\" data-type=\"page\" data-id=\"63\">Hamlet o c\u00f3mo decirle que no a un padre (muerto)<\/a><\/strong><\/li>\n<\/ul>\n","protected":false},"excerpt":{"rendered":"<p>\u00ab\u00a1Luces, luces, luces!\u00bb Hamlet. Acto III, escena 2. La iluminaci\u00f3n en nuestro dispositivo esc\u00e9nico se trabaja desde tres puntos de vista: el de la iluminaci\u00f3n cercana al de una galer\u00edao museo; el de una iluminaci\u00f3n hecha para teatro; y el de la iluminaci\u00f3n de lo liminal, de lo que se encuentra en ese cruce galer\u00eda&hellip; <a class=\"more-link\" href=\"https:\/\/visiones.uniandes.edu.co\/juan-luna\/la-iluminacion\/\">Seguir leyendo <span class=\"screen-reader-text\">La iluminaci\u00f3n<\/span><\/a><\/p>\n","protected":false},"author":204,"featured_media":0,"parent":0,"menu_order":0,"comment_status":"closed","ping_status":"closed","template":"","meta":{"_themeisle_gutenberg_block_has_review":false,"footnotes":""},"class_list":["post-242","page","type-page","status-publish","hentry","entry"],"_links":{"self":[{"href":"https:\/\/visiones.uniandes.edu.co\/juan-luna\/wp-json\/wp\/v2\/pages\/242","targetHints":{"allow":["GET"]}}],"collection":[{"href":"https:\/\/visiones.uniandes.edu.co\/juan-luna\/wp-json\/wp\/v2\/pages"}],"about":[{"href":"https:\/\/visiones.uniandes.edu.co\/juan-luna\/wp-json\/wp\/v2\/types\/page"}],"author":[{"embeddable":true,"href":"https:\/\/visiones.uniandes.edu.co\/juan-luna\/wp-json\/wp\/v2\/users\/204"}],"replies":[{"embeddable":true,"href":"https:\/\/visiones.uniandes.edu.co\/juan-luna\/wp-json\/wp\/v2\/comments?post=242"}],"version-history":[{"count":15,"href":"https:\/\/visiones.uniandes.edu.co\/juan-luna\/wp-json\/wp\/v2\/pages\/242\/revisions"}],"predecessor-version":[{"id":635,"href":"https:\/\/visiones.uniandes.edu.co\/juan-luna\/wp-json\/wp\/v2\/pages\/242\/revisions\/635"}],"wp:attachment":[{"href":"https:\/\/visiones.uniandes.edu.co\/juan-luna\/wp-json\/wp\/v2\/media?parent=242"}],"curies":[{"name":"wp","href":"https:\/\/api.w.org\/{rel}","templated":true}]}}