{"id":234,"date":"2023-11-26T01:11:36","date_gmt":"2023-11-26T00:11:36","guid":{"rendered":"https:\/\/visiones.uniandes.edu.co\/juan-luna\/?page_id=234"},"modified":"2024-05-23T07:57:37","modified_gmt":"2024-05-23T05:57:37","slug":"la-imagen","status":"publish","type":"page","link":"https:\/\/visiones.uniandes.edu.co\/juan-luna\/la-imagen\/","title":{"rendered":"La imagen"},"content":{"rendered":"\n<figure class=\"wp-block-image size-full is-resized\"><img loading=\"lazy\" decoding=\"async\" width=\"1024\" height=\"768\" src=\"https:\/\/visiones.uniandes.edu.co\/juan-luna\/wp-content\/uploads\/sites\/211\/2023\/11\/La-Imagen.jpeg\" alt=\"\" class=\"wp-image-284\" style=\"width:720px;height:540px\" srcset=\"https:\/\/visiones.uniandes.edu.co\/juan-luna\/wp-content\/uploads\/sites\/211\/2023\/11\/La-Imagen.jpeg 1024w, https:\/\/visiones.uniandes.edu.co\/juan-luna\/wp-content\/uploads\/sites\/211\/2023\/11\/La-Imagen-300x225.jpeg 300w, https:\/\/visiones.uniandes.edu.co\/juan-luna\/wp-content\/uploads\/sites\/211\/2023\/11\/La-Imagen-768x576.jpeg 768w\" sizes=\"auto, (max-width: 1024px) 100vw, 1024px\" \/><\/figure>\n\n\n\n<p><em>\u00abMira aqu\u00ed este cuadro, y este otro (&#8230;)\u00bb <strong>Hamlet. Acto III, escena 4<\/strong><\/em>.<\/p>\n\n\n\n<p>.<\/p>\n\n\n\n<p>Se integrar\u00e1 la proyecci\u00f3n de im\u00e1genes y videos como proyecci\u00f3n de la mente de Hamlet, o como cortes o transiciones o expansiones cinematogr\u00e1ficas de la obra, que invitan a recibir los textos y los temas de la obra de una manera distinta a la teatral.  Se entretejer\u00e1n im\u00e1genes de la vida de los actores\/performers con las dem\u00e1s im\u00e1genes de la obra, posibilitando as\u00ed que la memoria visual que carga el actor\/performer se integre en el espacio de la instalaci\u00f3n. Tambi\u00e9n se har\u00e1 uso de un alto grado de autoreferencialidad con la obra misma, lo cual se pondr\u00e1 de manifiesto, entre otras, con im\u00e1genes de archivo de otras puestas de <em>Hamlet<\/em>, pel\u00edculas y animaciones de la cultura general que han pasado por esta obra teatral<\/p>\n\n\n\n<p>Presentamos aqu\u00ed un video que realizamos a partir de im\u00e1genes archivadas que tomamos por las calles y cementerios de Buenos Aires hace m\u00e1s de diez a\u00f1os y que, hasta ahora, lograron encontrar su lugar. Es un corto entre documental y po\u00e9tico que tiene como fondo el mon\u00f3logo de \u00abTo be or not to be\u00bb con la interpretaci\u00f3n de Adrien Lester en la versi\u00f3n del <em>Hamlet<\/em> de Peter Brook. Este video se proyecta como una transici\u00f3n entre el n\u00facleo tem\u00e1tico\/esc\u00e9nico de la venganza para pasar al de la muerte y el ser. <\/p>\n\n\n\n<figure class=\"wp-block-embed is-type-video is-provider-youtube wp-block-embed-youtube wp-embed-aspect-16-9 wp-has-aspect-ratio\"><div class=\"wp-block-embed__wrapper\">\n<iframe loading=\"lazy\" title=\"No More\" width=\"750\" height=\"422\" src=\"https:\/\/www.youtube.com\/embed\/o5kb0Ucs1pQ?feature=oembed\" frameborder=\"0\" allow=\"accelerometer; autoplay; clipboard-write; encrypted-media; gyroscope; picture-in-picture; web-share\" referrerpolicy=\"strict-origin-when-cross-origin\" allowfullscreen><\/iframe>\n<\/div><\/figure>\n\n\n\n<p>El uso de material de archivo de charlas y conferencias de maestros y maestras espirituales muy importantes a nivel mundial se proyectar\u00e1 en momentos escogidos espec\u00edficamente para que dialoguen con las preguntas existenciales o espirituales que tiene Hamlet respecto a la muerte, el suicidio, la venganza, la existencia de otras vidas etc. Como parte de esta categor\u00eda de im\u00e1genes se llevar\u00e1 a cabo un conversatorio sobre pasajes de <em>Hamlet <\/em>entre la monja budista Tenzin Zunkar del centro budista Yamantak; el padre cat\u00f3lico Carlo Zardin, residente de la parroquia de Las aguas, y el fil\u00f3sofo y artista Juan Gabriel Ruiz, autor del libro <em>Frames of Reality<\/em>, donde hace un recorrido por los distintos marcos de realidad a partir de la historia de la filosof\u00eda occidental.<\/p>\n\n\n\n<figure class=\"wp-block-image size-large\"><img loading=\"lazy\" decoding=\"async\" width=\"1024\" height=\"485\" src=\"https:\/\/visiones.uniandes.edu.co\/juan-luna\/wp-content\/uploads\/sites\/211\/2024\/05\/20231202_164237-1024x485.jpg\" alt=\"\" class=\"wp-image-567\" srcset=\"https:\/\/visiones.uniandes.edu.co\/juan-luna\/wp-content\/uploads\/sites\/211\/2024\/05\/20231202_164237-1024x485.jpg 1024w, https:\/\/visiones.uniandes.edu.co\/juan-luna\/wp-content\/uploads\/sites\/211\/2024\/05\/20231202_164237-300x142.jpg 300w, https:\/\/visiones.uniandes.edu.co\/juan-luna\/wp-content\/uploads\/sites\/211\/2024\/05\/20231202_164237-768x363.jpg 768w, https:\/\/visiones.uniandes.edu.co\/juan-luna\/wp-content\/uploads\/sites\/211\/2024\/05\/20231202_164237-1536x727.jpg 1536w, https:\/\/visiones.uniandes.edu.co\/juan-luna\/wp-content\/uploads\/sites\/211\/2024\/05\/20231202_164237-2048x969.jpg 2048w, https:\/\/visiones.uniandes.edu.co\/juan-luna\/wp-content\/uploads\/sites\/211\/2024\/05\/20231202_164237-1568x742.jpg 1568w\" sizes=\"auto, (max-width: 1024px) 100vw, 1024px\" \/><\/figure>\n\n\n\n<figure class=\"wp-block-embed is-type-video is-provider-youtube wp-block-embed-youtube wp-embed-aspect-4-3 wp-has-aspect-ratio\"><div class=\"wp-block-embed__wrapper\">\n<iframe loading=\"lazy\" title=\"Why are we afraid of death? | J. Krishnamurti\" width=\"750\" height=\"563\" src=\"https:\/\/www.youtube.com\/embed\/fQKJWK7f7oc?feature=oembed\" frameborder=\"0\" allow=\"accelerometer; autoplay; clipboard-write; encrypted-media; gyroscope; picture-in-picture; web-share\" referrerpolicy=\"strict-origin-when-cross-origin\" allowfullscreen><\/iframe>\n<\/div><\/figure>\n\n\n\n<p>Tambi\u00e9n en pantallas peque\u00f1as y cercanas al modo en que hacemos la recepci\u00f3n de contenido mainstream, como lo puede ser ver un cap\u00edtulo de los Simpsons acostados en la cama con el computador en las piernas, interpelamos el imaginario y la cultura general que se ha construido alrededor de la figura de Hamlet y los dem\u00e1s personajes de la obra. Esto lo hacemos con el fin de generar esa sensaci\u00f3n de obra infinita tanto en su texto original, como en la historia cultural de occidente (en incluso de oriente) desde que Shakespeare la escribi\u00f3. <\/p>\n\n\n\n<figure class=\"wp-block-embed is-type-video is-provider-youtube wp-block-embed-youtube wp-embed-aspect-16-9 wp-has-aspect-ratio\"><div class=\"wp-block-embed__wrapper\">\n<iframe loading=\"lazy\" title=\"Hamlet por Los Simpson\" width=\"750\" height=\"422\" src=\"https:\/\/www.youtube.com\/embed\/vkfZvkbwXGo?feature=oembed\" frameborder=\"0\" allow=\"accelerometer; autoplay; clipboard-write; encrypted-media; gyroscope; picture-in-picture; web-share\" referrerpolicy=\"strict-origin-when-cross-origin\" allowfullscreen><\/iframe>\n<\/div><\/figure>\n\n\n\n<p>Y, por supuesto, la autroreferencialidad m\u00e1s exacerbada ser\u00eda el poner juntos, en escena, en imagen, a convivir y dialogar a los miles de Hamlets que ha habido y que se observan entre ellos y discuten con el estilo de nuestra propuesta. Aqu\u00ed un peque\u00f1o abrebocas de este intento de ir recopilando infinidad de Hamlets en imagen en movimiento. <\/p>\n\n\n\n<figure class=\"wp-block-embed is-type-video is-provider-youtube wp-block-embed-youtube wp-embed-aspect-4-3 wp-has-aspect-ratio\"><div class=\"wp-block-embed__wrapper\">\n<iframe loading=\"lazy\" title=\"To be or not to be - By nine Hamlets\" width=\"750\" height=\"563\" src=\"https:\/\/www.youtube.com\/embed\/qiC3oISKVhI?feature=oembed\" frameborder=\"0\" allow=\"accelerometer; autoplay; clipboard-write; encrypted-media; gyroscope; picture-in-picture; web-share\" referrerpolicy=\"strict-origin-when-cross-origin\" allowfullscreen><\/iframe>\n<\/div><\/figure>\n\n\n\n<p>.<\/p>\n\n\n\n<p><strong><a href=\"https:\/\/visiones.uniandes.edu.co\/juan-luna\/words-words-words-el-trabajo-con-el-texto\/\" data-type=\"page\" data-id=\"34\">El trabajo con el texto<\/a> \/ <a href=\"https:\/\/visiones.uniandes.edu.co\/juan-luna\/el-espacio\/\" data-type=\"page\" data-id=\"224\">El espacio<\/a> \/ <a href=\"https:\/\/visiones.uniandes.edu.co\/juan-luna\/el-actor-performer\/\" data-type=\"page\" data-id=\"228\">El actor\/performer<\/a> \/ <a href=\"https:\/\/visiones.uniandes.edu.co\/juan-luna\/los-objetos\/\" data-type=\"page\" data-id=\"230\">Los objetos<\/a> \/ <a href=\"https:\/\/visiones.uniandes.edu.co\/juan-luna\/el-sonido\/\" data-type=\"page\" data-id=\"232\">El sonido<\/a> \/ <a href=\"https:\/\/visiones.uniandes.edu.co\/juan-luna\/la-musica\/\" data-type=\"page\" data-id=\"236\">La m\u00fasica<\/a> \/ <a href=\"https:\/\/visiones.uniandes.edu.co\/juan-luna\/el-publico\/\" data-type=\"page\" data-id=\"240\">El p\u00fablico <\/a>\/  <a href=\"https:\/\/visiones.uniandes.edu.co\/juan-luna\/la-iluminacion\/\" data-type=\"page\" data-id=\"242\">La iluminaci\u00f3n<\/a> \/<\/strong> <a href=\"https:\/\/visiones.uniandes.edu.co\/juan-luna\/la-produccion\/\" data-type=\"page\" data-id=\"238\"><strong>La producci\u00f3n<\/strong><\/a><\/p>\n\n\n\n<p>.<\/p>\n\n\n\n<ul class=\"wp-block-list\">\n<li><strong><a href=\"https:\/\/visiones.uniandes.edu.co\/juan-luna\/la-ratonera-desarrollo-del-dispositivo-escenico-como-instalacion-teatral\/\" data-type=\"page\" data-id=\"32\">La Ratonera &#8211; Desarrollo del dispositivo esc\u00e9nico como instalaci\u00f3n teatral <\/a><\/strong><\/li>\n<\/ul>\n\n\n\n<ul class=\"wp-block-list\">\n<li><a href=\"https:\/\/visiones.uniandes.edu.co\/juan-luna\/sobre-el-proyecto\/\" data-type=\"page\" data-id=\"91\"><strong>Sobre el proyecto <\/strong><\/a><\/li>\n\n\n\n<li><strong><a href=\"https:\/\/visiones.uniandes.edu.co\/juan-luna\/los-hombres-del-lord-chamberlain-equipo-artistico\/\" data-type=\"page\" data-id=\"36\">Los hombres del Lord Chamberlain &#8211; El equipo art\u00edstico<\/a> <\/strong><\/li>\n\n\n\n<li><a href=\"https:\/\/visiones.uniandes.edu.co\/juan-luna\/galeria-de-imagenes\/\" data-type=\"page\" data-id=\"84\"><strong>Galer\u00eda de trabajo<\/strong><\/a><\/li>\n\n\n\n<li><strong><a href=\"https:\/\/visiones.uniandes.edu.co\/juan-luna\/\" data-type=\"page\" data-id=\"63\">Hamlet o c\u00f3mo decirle que no a un padre (muerto)<\/a><\/strong><\/li>\n<\/ul>\n","protected":false},"excerpt":{"rendered":"<p>\u00abMira aqu\u00ed este cuadro, y este otro (&#8230;)\u00bb Hamlet. Acto III, escena 4. . Se integrar\u00e1 la proyecci\u00f3n de im\u00e1genes y videos como proyecci\u00f3n de la mente de Hamlet, o como cortes o transiciones o expansiones cinematogr\u00e1ficas de la obra, que invitan a recibir los textos y los temas de la obra de una manera&hellip; <a class=\"more-link\" href=\"https:\/\/visiones.uniandes.edu.co\/juan-luna\/la-imagen\/\">Seguir leyendo <span class=\"screen-reader-text\">La imagen<\/span><\/a><\/p>\n","protected":false},"author":204,"featured_media":0,"parent":0,"menu_order":0,"comment_status":"closed","ping_status":"closed","template":"","meta":{"_themeisle_gutenberg_block_has_review":false,"footnotes":""},"class_list":["post-234","page","type-page","status-publish","hentry","entry"],"_links":{"self":[{"href":"https:\/\/visiones.uniandes.edu.co\/juan-luna\/wp-json\/wp\/v2\/pages\/234","targetHints":{"allow":["GET"]}}],"collection":[{"href":"https:\/\/visiones.uniandes.edu.co\/juan-luna\/wp-json\/wp\/v2\/pages"}],"about":[{"href":"https:\/\/visiones.uniandes.edu.co\/juan-luna\/wp-json\/wp\/v2\/types\/page"}],"author":[{"embeddable":true,"href":"https:\/\/visiones.uniandes.edu.co\/juan-luna\/wp-json\/wp\/v2\/users\/204"}],"replies":[{"embeddable":true,"href":"https:\/\/visiones.uniandes.edu.co\/juan-luna\/wp-json\/wp\/v2\/comments?post=234"}],"version-history":[{"count":13,"href":"https:\/\/visiones.uniandes.edu.co\/juan-luna\/wp-json\/wp\/v2\/pages\/234\/revisions"}],"predecessor-version":[{"id":711,"href":"https:\/\/visiones.uniandes.edu.co\/juan-luna\/wp-json\/wp\/v2\/pages\/234\/revisions\/711"}],"wp:attachment":[{"href":"https:\/\/visiones.uniandes.edu.co\/juan-luna\/wp-json\/wp\/v2\/media?parent=234"}],"curies":[{"name":"wp","href":"https:\/\/api.w.org\/{rel}","templated":true}]}}