{"id":92,"date":"2021-05-21T15:13:47","date_gmt":"2021-05-21T20:13:47","guid":{"rendered":"https:\/\/visiones.uniandes.edu.co\/jsforerof1\/?page_id=92"},"modified":"2021-05-21T15:13:47","modified_gmt":"2021-05-21T20:13:47","slug":"the-bridge","status":"publish","type":"page","link":"https:\/\/visiones.uniandes.edu.co\/jsforerof1\/the-bridge\/","title":{"rendered":"The Bridge"},"content":{"rendered":"\n<div class=\"wp-block-image\"><figure class=\"aligncenter size-large\"><img loading=\"lazy\" decoding=\"async\" width=\"320\" height=\"180\" src=\"https:\/\/visiones.uniandes.edu.co\/jsforerof1\/wp-content\/uploads\/sites\/74\/2021\/05\/The_bridge.jpg\" alt=\"\" class=\"wp-image-93\" srcset=\"https:\/\/visiones.uniandes.edu.co\/jsforerof1\/wp-content\/uploads\/sites\/74\/2021\/05\/The_bridge.jpg 320w, https:\/\/visiones.uniandes.edu.co\/jsforerof1\/wp-content\/uploads\/sites\/74\/2021\/05\/The_bridge-300x169.jpg 300w\" sizes=\"auto, (max-width: 320px) 100vw, 320px\" \/><figcaption>https:\/\/bridge.haverford.edu\/<\/figcaption><\/figure><\/div>\n\n\n\n<p><strong><em>The Bridge<\/em><\/strong> es un sitio web de la Universidad de Haverford que contiene distintas aplicaciones para apoyar la lectura de textos en Griego y en Lat\u00edn. En esta secci\u00f3n nos dedicaremos a explorar algunas de estas aplicaciones mostrando su potencial en los procesos de ense\u00f1anza &#8211; aprendizaje dentro y fuera de las aulas. <\/p>\n","protected":false},"excerpt":{"rendered":"<p>The Bridge es un sitio web de la Universidad de Haverford que contiene distintas aplicaciones para apoyar la lectura de textos en Griego y en Lat\u00edn. En esta secci\u00f3n nos dedicaremos a explorar algunas de estas aplicaciones mostrando su potencial en los procesos de ense\u00f1anza &#8211; aprendizaje dentro y fuera de las aulas.<\/p>\n","protected":false},"author":74,"featured_media":0,"parent":0,"menu_order":0,"comment_status":"closed","ping_status":"closed","template":"","meta":{"_themeisle_gutenberg_block_has_review":false,"footnotes":""},"class_list":["post-92","page","type-page","status-publish","hentry"],"_links":{"self":[{"href":"https:\/\/visiones.uniandes.edu.co\/jsforerof1\/wp-json\/wp\/v2\/pages\/92","targetHints":{"allow":["GET"]}}],"collection":[{"href":"https:\/\/visiones.uniandes.edu.co\/jsforerof1\/wp-json\/wp\/v2\/pages"}],"about":[{"href":"https:\/\/visiones.uniandes.edu.co\/jsforerof1\/wp-json\/wp\/v2\/types\/page"}],"author":[{"embeddable":true,"href":"https:\/\/visiones.uniandes.edu.co\/jsforerof1\/wp-json\/wp\/v2\/users\/74"}],"replies":[{"embeddable":true,"href":"https:\/\/visiones.uniandes.edu.co\/jsforerof1\/wp-json\/wp\/v2\/comments?post=92"}],"version-history":[{"count":1,"href":"https:\/\/visiones.uniandes.edu.co\/jsforerof1\/wp-json\/wp\/v2\/pages\/92\/revisions"}],"predecessor-version":[{"id":94,"href":"https:\/\/visiones.uniandes.edu.co\/jsforerof1\/wp-json\/wp\/v2\/pages\/92\/revisions\/94"}],"wp:attachment":[{"href":"https:\/\/visiones.uniandes.edu.co\/jsforerof1\/wp-json\/wp\/v2\/media?parent=92"}],"curies":[{"name":"wp","href":"https:\/\/api.w.org\/{rel}","templated":true}]}}