{"id":2,"date":"2020-09-05T13:45:13","date_gmt":"2020-09-05T13:45:13","guid":{"rendered":"https:\/\/visiones.uniandes.edu.co\/japardo11\/?page_id=2"},"modified":"2020-10-16T22:11:19","modified_gmt":"2020-10-16T22:11:19","slug":"pagina","status":"publish","type":"page","link":"https:\/\/visiones.uniandes.edu.co\/japardo11\/","title":{"rendered":"En el r\u00edo pasan ahogados todos los espejos del pasado"},"content":{"rendered":"\n<p><\/p>\n\n\n\n<figure class=\"wp-block-image alignfull size-large\"><img loading=\"lazy\" decoding=\"async\" width=\"1024\" height=\"633\" src=\"https:\/\/visiones.uniandes.edu.co\/japardo11\/wp-content\/uploads\/sites\/25\/2020\/10\/titulo-wordpres-1024x633.jpg\" alt=\"\" class=\"wp-image-163\" srcset=\"https:\/\/visiones.uniandes.edu.co\/japardo11\/wp-content\/uploads\/sites\/25\/2020\/10\/titulo-wordpres-1024x633.jpg 1024w, https:\/\/visiones.uniandes.edu.co\/japardo11\/wp-content\/uploads\/sites\/25\/2020\/10\/titulo-wordpres-300x185.jpg 300w, https:\/\/visiones.uniandes.edu.co\/japardo11\/wp-content\/uploads\/sites\/25\/2020\/10\/titulo-wordpres-768x474.jpg 768w, https:\/\/visiones.uniandes.edu.co\/japardo11\/wp-content\/uploads\/sites\/25\/2020\/10\/titulo-wordpres-1536x949.jpg 1536w, https:\/\/visiones.uniandes.edu.co\/japardo11\/wp-content\/uploads\/sites\/25\/2020\/10\/titulo-wordpres-1200x741.jpg 1200w, https:\/\/visiones.uniandes.edu.co\/japardo11\/wp-content\/uploads\/sites\/25\/2020\/10\/titulo-wordpres-1980x1223.jpg 1980w, https:\/\/visiones.uniandes.edu.co\/japardo11\/wp-content\/uploads\/sites\/25\/2020\/10\/titulo-wordpres.jpg 1988w\" sizes=\"auto, (max-width: 1024px) 100vw, 1024px\" \/><\/figure>\n\n\n\n<figure class=\"wp-block-audio\"><audio controls src=\"https:\/\/visiones.uniandes.edu.co\/japardo11\/wp-content\/uploads\/sites\/25\/2020\/10\/Alabado-del-pacifico-colombiano-Timbiqui-Ines-Granja.mp3\" autoplay loop preload=\"none\"><\/audio><figcaption>In\u00e9s Granja (2015). Alabado del pac\u00edfico colombiano.<\/figcaption><\/figure>\n\n\n\n<h2 class=\"has-text-align-center wp-block-heading\">\u00bfCu\u00e1l es mi proyecto?, \u00bfpor qu\u00e9 y para qu\u00e9 lo hago?<\/h2>\n\n\n\n<p class=\"has-text-align-center has-background\" id=\"yui_3_17_2_1_1602735532849_78\" style=\"background-color:#000000\">Mi propuesta mezcla tres factores:&nbsp;<em>1. Construcci\u00f3n simb\u00f3lica del espacio y su geograf\u00eda humana, 2. Estudios etnogr\u00e1ficos de la muerte<\/em>&nbsp;y&nbsp;<em>3. Creaci\u00f3n de un portal web como presentaci\u00f3n de un&nbsp;an\u00e1lisis geo-antropol\u00f3gico&nbsp;dentro de las humanidades espaciales<\/em>. Para ello, mi campo es la zona del r\u00edo Magdalena, en especial, sus trece puertos. El trabajo consiste en la compilaci\u00f3n, categorizaci\u00f3n y an\u00e1lisis de datos cualitativos sobre el tema&nbsp;\u201cR\u00edo y Muerte\u201d. La pregunta central de mi investigaci\u00f3n es:&nbsp;<em>\u00bfqu\u00e9 experiencias y testimonios sobre la muerte en relaci\u00f3n con el r\u00edo magdalena se entrecruzan con la producci\u00f3n de su narrativa?<\/em>&nbsp;(Por narrativa comprendo los discursos que constituyen al r\u00edo como un imaginario personal y colectivo). Busco, por una parte, vincular los relatos sobre el Magdalena y la construcci\u00f3n simb\u00f3lica del r\u00edo. Por otra, intento reflejar un cruce en las&nbsp;<em>\u201cexperiencias de muerte\u201d<\/em>&nbsp;de los distintos puertos como posibles expresiones de&nbsp;<em>luto<\/em>.<\/p>\n\n\n\n<p class=\"has-text-align-center has-background\" style=\"background-color:#000000\">Debo aclarar que el punto no radica en la sola comparaci\u00f3n de testimonios, sino en recoger la experiencia misma del campo: notas de campo, descripciones densas, fragmentos de entrevistas, fotograf\u00edas, audios, etc. De igual manera, la constituci\u00f3n del portal no busca la mera exposici\u00f3n del archivo, sino el tejido narrativo que es propio en el relato antropol\u00f3gico. Tal proyecto da cuenta de que, aunque el tema de lo \u201cdigital\u201d como fen\u00f3meno social es objeto usual en la investigaci\u00f3n antropol\u00f3gica, la labor del antrop\u00f3logo puede enriquecerse con el mismo uso de lo digital en un sentido expresivo y no solo como indagaci\u00f3n te\u00f3rica.<\/p>\n\n\n\n<p class=\"has-text-align-center has-background\" style=\"background-color:#000000\">A decir verdad, mis intereses investigativos giran en torno a las maneras en las que se presentan y se conforman las investigaciones en ciencias sociales dentro del ambiente digital. En antropolog\u00eda, por ejemplo, se han popularizado m\u00e9todos en el cruce de virtualidad y sociedad, este es el caso de la&nbsp;<em>\u201cetnograf\u00eda digital o virtual\u201d<\/em>&nbsp;(un tipo de indagaci\u00f3n online que aborda el estudio de comunidades mediadas por el uso de ordenadores). La utilidad de mi proyecto dentro del espectro de la investigaci\u00f3n antropol\u00f3gica radica en ir m\u00e1s all\u00e1 de una etnograf\u00eda sobre lo digital. Para ser m\u00e1s espec\u00edfico, mi inter\u00e9s se haya en la&nbsp;<em>\u201cetnograf\u00eda virtualizada\u201d<\/em>, la constituci\u00f3n de un archivo y una investigaci\u00f3n cualitativa ampliada por el uso de herramientas digitales. Este experimento digital busca mezclar herramientas investigativas del campo antropol\u00f3gico, geogr\u00e1fico, hist\u00f3rico y literario.<\/p>\n\n\n\n<figure class=\"wp-block-image size-large\"><img loading=\"lazy\" decoding=\"async\" width=\"880\" height=\"570\" src=\"https:\/\/visiones.uniandes.edu.co\/japardo11\/wp-content\/uploads\/sites\/25\/2020\/10\/barca.jpg\" alt=\"\" class=\"wp-image-15\" srcset=\"https:\/\/visiones.uniandes.edu.co\/japardo11\/wp-content\/uploads\/sites\/25\/2020\/10\/barca.jpg 880w, https:\/\/visiones.uniandes.edu.co\/japardo11\/wp-content\/uploads\/sites\/25\/2020\/10\/barca-300x194.jpg 300w, https:\/\/visiones.uniandes.edu.co\/japardo11\/wp-content\/uploads\/sites\/25\/2020\/10\/barca-768x497.jpg 768w\" sizes=\"auto, (max-width: 880px) 100vw, 880px\" \/><figcaption>Foto tomada por Alejandro Hern\u00e1ndez (2017) trabajo de campo<\/figcaption><\/figure>\n\n\n\n<p class=\"has-text-align-center\"><strong>Referencias<\/strong><\/p>\n\n\n\n<p>In\u00e9s Granja (2015). Alabado del pac\u00edfico colombiano [Audio]. DOI: https:\/\/www.youtube.com\/watch?v=uenxrgg1BPM<\/p>\n\n\n\n<p>Hernandez, A. (2017).&nbsp;<em>Trabajo de campo <\/em>[fotograf\u00eda]. <\/p>\n","protected":false},"excerpt":{"rendered":"<p>\u00bfCu\u00e1l es mi proyecto?, \u00bfpor qu\u00e9 y para qu\u00e9 lo hago? Mi propuesta mezcla tres factores:&nbsp;1. Construcci\u00f3n simb\u00f3lica del espacio y su geograf\u00eda humana, 2. Estudios etnogr\u00e1ficos de la muerte&nbsp;y&nbsp;3. Creaci\u00f3n de un portal web como presentaci\u00f3n de un&nbsp;an\u00e1lisis geo-antropol\u00f3gico&nbsp;dentro de las humanidades espaciales. Para ello, mi campo es la zona del r\u00edo Magdalena, en [&hellip;]<\/p>\n","protected":false},"author":25,"featured_media":0,"parent":0,"menu_order":0,"comment_status":"closed","ping_status":"closed","template":"","meta":{"_themeisle_gutenberg_block_has_review":false,"footnotes":""},"class_list":["post-2","page","type-page","status-publish","hentry"],"_links":{"self":[{"href":"https:\/\/visiones.uniandes.edu.co\/japardo11\/wp-json\/wp\/v2\/pages\/2","targetHints":{"allow":["GET"]}}],"collection":[{"href":"https:\/\/visiones.uniandes.edu.co\/japardo11\/wp-json\/wp\/v2\/pages"}],"about":[{"href":"https:\/\/visiones.uniandes.edu.co\/japardo11\/wp-json\/wp\/v2\/types\/page"}],"author":[{"embeddable":true,"href":"https:\/\/visiones.uniandes.edu.co\/japardo11\/wp-json\/wp\/v2\/users\/25"}],"replies":[{"embeddable":true,"href":"https:\/\/visiones.uniandes.edu.co\/japardo11\/wp-json\/wp\/v2\/comments?post=2"}],"version-history":[{"count":27,"href":"https:\/\/visiones.uniandes.edu.co\/japardo11\/wp-json\/wp\/v2\/pages\/2\/revisions"}],"predecessor-version":[{"id":255,"href":"https:\/\/visiones.uniandes.edu.co\/japardo11\/wp-json\/wp\/v2\/pages\/2\/revisions\/255"}],"wp:attachment":[{"href":"https:\/\/visiones.uniandes.edu.co\/japardo11\/wp-json\/wp\/v2\/media?parent=2"}],"curies":[{"name":"wp","href":"https:\/\/api.w.org\/{rel}","templated":true}]}}