{"id":124,"date":"2020-10-16T01:05:22","date_gmt":"2020-10-16T01:05:22","guid":{"rendered":"https:\/\/visiones.uniandes.edu.co\/japardo11\/?page_id=124"},"modified":"2020-10-16T13:03:58","modified_gmt":"2020-10-16T13:03:58","slug":"bibliografia-final","status":"publish","type":"page","link":"https:\/\/visiones.uniandes.edu.co\/japardo11\/bibliografia-final\/","title":{"rendered":"Bibliograf\u00eda final"},"content":{"rendered":"\n<div class=\"wp-block-cover alignfull has-background-dim-90 has-background-dim is-position-center-center\" style=\"background-image:url(https:\/\/visiones.uniandes.edu.co\/japardo11\/wp-content\/uploads\/sites\/25\/2020\/10\/libros-0010-kM0E-1200x630@abc.jpg);background-position:40% 26%;min-height:375px;aspect-ratio:unset;\"><div class=\"wp-block-cover__inner-container is-layout-flow wp-block-cover-is-layout-flow\">\n<p class=\"has-text-align-center has-text-color\" style=\"line-height:1.1;font-size:74px;color:#fffffa\">Referencias<\/p>\n<\/div><\/div>\n\n\n<!-- [if gte mso 9]&gt;-->\n \n  \n \n<!-- [if gte mso 9]&gt;-->\n \n  Normal\n  0\n  \n  \n  21\n  \n  \n  false\n  false\n  false\n  \n  ES-CO\n  X-NONE\n  X-NONE\n  \n   \n   \n   \n   \n   \n   \n   \n   \n   \n  \n  \n   \n   \n   \n   \n   \n   \n   \n   \n   \n   \n   \n  \n<!-- [if gte mso 9]&gt;-->\n \n  \n  \n  \n  \n  \n  \n  \n  \n  \n  \n  \n  \n  \n  \n  \n  \n  \n  \n  \n  \n  \n  \n  \n  \n  \n  \n  \n  \n  \n  \n  \n  \n  \n  \n  \n  \n  \n  \n  \n  \n  \n  \n  \n  \n  \n  \n  \n  \n  \n  \n  \n  \n  \n  \n  \n  \n  \n  \n  \n  \n  \n  \n  \n  \n  \n  \n  \n  \n  \n  \n  \n  \n  \n  \n  \n  \n  \n  \n  \n  \n  \n  \n  \n  \n  \n  \n  \n  \n  \n  \n  \n  \n  \n  \n  \n  \n  \n  \n  \n  \n  \n  \n  \n  \n  \n  \n  \n  \n  \n  \n  \n  \n  \n  \n  \n  \n  \n  \n  \n  \n  \n  \n  \n  \n  \n  \n  \n  \n  \n  \n  \n  \n  \n  \n  \n  \n  \n  \n  \n  \n  \n  \n  \n  \n  \n  \n  \n  \n  \n  \n  \n  \n  \n  \n  \n  \n  \n  \n  \n  \n  \n  \n  \n  \n  \n  \n  \n  \n  \n  \n  \n  \n  \n  \n  \n  \n  \n  \n  \n  \n  \n  \n  \n  \n  \n  \n  \n  \n  \n  \n  \n  \n  \n  \n  \n  \n  \n  \n  \n  \n  \n  \n  \n  \n  \n  \n  \n  \n  \n  \n  \n  \n  \n  \n  \n  \n  \n  \n  \n  \n  \n  \n  \n  \n  \n  \n  \n  \n  \n  \n  \n  \n  \n  \n  \n  \n  \n  \n  \n  \n  \n  \n  \n  \n  \n  \n  \n  \n  \n  \n  \n  \n  \n  \n  \n  \n  \n  \n  \n  \n  \n  \n  \n  \n  \n  \n  \n  \n  \n  \n  \n  \n  \n  \n  \n  \n  \n  \n  \n  \n  \n  \n  \n  \n  \n  \n  \n  \n  \n  \n  \n  \n  \n  \n  \n  \n  \n  \n  \n  \n  \n  \n  \n  \n  \n  \n  \n  \n  \n  \n  \n  \n  \n  \n  \n  \n  \n  \n  \n  \n  \n  \n  \n  \n  \n  \n  \n  \n  \n  \n  \n  \n  \n  \n  \n  \n  \n  \n  \n  \n  \n  \n  \n  \n  \n  \n  \n  \n  \n  \n  \n  \n  \n  \n  \n  \n  \n  \n  \n  \n  \n  \n  \n  \n  \n  \n  \n  \n  \n  \n  \n \n\n<p style=\"text-align: left\">Asesorias Virtuales [Nombre de usuario]. (9 oct. 2017). Antropolog\u00eda de la<br \/>Muerte\/ Mestr\u00eda en tanatologia\/Tlalpan\/S\u00e1bado\u00a0[Archivo de video].<br \/>Recuperado de https:\/\/www.youtube.com\/watch?v=1T9E_oaR2Ws<\/p>\n<p style=\"text-align: left\"><!-- \/wp:post-content --><!-- wp:paragraph --><\/p>\n<p style=\"text-align: left\">Banrepcultural (2020) HABLEMOS DEL R\u00cdO ES EL NUEVO ESPACIO DE REFLEXI\u00d3N Y PARTICIPACI\u00d3N<br \/>VIRTUAL DOI:<br \/>https:\/\/www.banrepcultural.org\/noticias\/hablemos-del-rio-es-un-nuevo-nuevo-espacio-de-reflexion-y-participacion-virtual<\/p>\n<p style=\"text-align: left\"><!-- \/wp:paragraph --><\/p>\n<p style=\"text-align: left\">Banrepcultural [Nombre de usuario]. (10 jul. 2020). \u00a0[Archivo de<br \/>video]. Conferencia | Conservaci\u00f3n y preservaci\u00f3n: Historias del R\u00edo Magdalena.<br \/>Recuperado de https:\/\/www.youtube.com\/watch?v=G_nq3BKsk4c<\/p>\n<p style=\"text-align: left\"><!-- \/wp:paragraph --><!-- wp:paragraph --><\/p>\n<p style=\"text-align: left\">Banrepcultural [Nombre de usuario]. (3 mar. 2020). Conferencia | El r\u00edo:<br \/>territorios posibles\u00a0[Archivo de video]. Recuperado de https:\/\/www.youtube.com\/watch?v=VJvVlKuBGRg<\/p>\n<p style=\"text-align: left\"><!-- \/wp:paragraph --><!-- wp:paragraph --><\/p>\n<p style=\"text-align: left\">Banrepcultural [Nombre de usuario]. (31 ene. 2019). \u00a0[Archivo de<br \/>video]. #HablemosDelR\u00edo\u00a0con Juan Dario Restrepo | La geograf\u00eda de los<br \/>r\u00edos. Recuperado de https:\/\/www.youtube.com\/watch?v=xGUYU3yR_y8<\/p>\n<p style=\"text-align: left\"><!-- \/wp:paragraph --><!-- wp:paragraph --><\/p>\n<p style=\"text-align: left\">Bindu, C.A. &amp; Mohamed, Abdul. (2016). Water Bodies as a Catalyst to<br \/>Growth and Development- The Case of Kodungallur Town, Kerala. Procedia<br \/>Technology. 24. 1790-1800. 10.1016\/j.protcy.2016.05.222.\u00a0<\/p>\n<p style=\"text-align: left\"><!-- \/wp:paragraph --><!-- wp:paragraph --><\/p>\n<p style=\"text-align: left\">Bustos, M. L. C. (2007). La muerte en la cultura occidental: antropolog\u00eda de<br \/>la muerte.\u00a0<em>Revista Colombiana de psiquiatr\u00eda<\/em>,\u00a0<em>36<\/em>(2),<br \/>332-339.<\/p>\n<p style=\"text-align: left\"><!-- \/wp:paragraph --><!-- wp:paragraph --><\/p>\n<p style=\"text-align: left\">Comisi\u00f3n de la verdad (2019) Todas las formas de violencia pasaron por el<br \/>rio Magdalena\u201d [informe]<\/p>\n<p style=\"text-align: left\">Di Nola (2006) la negra se\u00f1ora: antropolog\u00eda de la muerte y el luto. Madrid,<br \/>SL Editores<\/p>\n<p style=\"text-align: left\">Duke Center for Jewish Studies [Nombre de usuario]. (21 feb. 2012). Todd<br \/>Presner: &#8220;Thick Mapping in the Digital Humanities: From Berlin to Los<br \/>Angeles and Beyond.&#8221;\u00a0[Archivo de video]. Recuperado de<br \/>https:\/\/www.youtube.com\/watch?v=qtGdfiwrJSQ<\/p>\n<p style=\"text-align: left\"><!-- \/wp:paragraph --><!-- wp:paragraph --><\/p>\n<p style=\"text-align: left\">Enkel\u00e9 Voces y Tambores (2019). Canta tu penas R\u00edo Magdalena.<\/p>\n\n<p style=\"text-align: left\">. DOI: https:\/\/www.youtube.com\/watch?v=EGqb41SPdAg<\/p>\n<p style=\"text-align: left\"><!-- \/wp:paragraph --><!-- wp:paragraph --><\/p>\n<p style=\"text-align: left\">Facultad de Artes &#8211; UN [Nombre de usuario]. (6 jun. 2020). Miradas<br \/>documentales nacionales: Los abrazos del r\u00edo de Nicolas Rinc\u00f3n<br \/>Guille\u00a0[Archivo de video]. Recuperado de<br \/>https:\/\/www.youtube.com\/watch?v=vcM63RQJs7s<\/p>\n<p style=\"text-align: left\"><!-- \/wp:paragraph --><!-- wp:paragraph --><\/p>\n<p style=\"text-align: left\">FiloLab UTPL [Nombre de usuario]. (17 nov. 2018). Antropolog\u00eda \u2014 El dolor y<br \/>la muerte[Archivo de video]. Recuperado de<br \/>https:\/\/www.youtube.com\/watch?v=rZvxXriVhlY<\/p>\n<p style=\"text-align: left\"><!-- \/wp:paragraph --><!-- wp:paragraph --><\/p>\n<p style=\"text-align: left\">Hernandez, A. (2017).\u00a0<em>Trabajo de campo <\/em>[fotograf\u00eda].<\/p>\n<p style=\"text-align: left\"><!-- \/wp:paragraph --><\/p>\n<p style=\"text-align: left\"><em>HyperCities,<\/em> \u201cBiograf\u00edas de autores\u201d, 2013. DOI: <a href=\"http:\/\/www.hypercities.com\/?page_id=175\">http:\/\/www.hypercities.com\/?page_id=175<\/a><\/p>\n<p style=\"text-align: left\">In\u00e9s Granja (2015). Alabado del pac\u00edfico colombiano [Audio]. DOI:<br \/>https:\/\/www.youtube.com\/watch?v=uenxrgg1BPM<\/p>\n<p style=\"text-align: left\"><!-- \/wp:paragraph --><!-- wp:paragraph --><\/p>\n<p style=\"text-align: left\">IRIS Earthquake Science [Nombre de usuario]. (12 sept. 2017). IRIS<br \/>Earthquake Science\u00a0[Archivo de video]. Recuperado de<br \/>https:\/\/www.youtube.com\/watch?v=YDWYX0UM8-M<\/p>\n<p style=\"text-align: left\"><!-- \/wp:paragraph --><!-- wp:paragraph --><\/p>\n<p style=\"text-align: left\">Jordan P. Brasher (2017) Narrating Space\/Spatializing Narrative: Where<br \/>Narrative Theory and Geography Meet, The AAG Review of Books, 5:3, 180-182,<br \/>DOI: 10.1080\/2325548X.2017.1315251<\/p>\n<p style=\"text-align: left\">Joskot P. Review. Todd Presner, David Shepard and Yoh Kawano, HyperCities:<br \/>Thick Mapping in the Digital Humanities. Caa.reviews, 2015:<br \/>DOI:\u00a0\u00a0\u00a0\u00a0 <a href=\"http:\/\/www.caareviews.org\/reviews\/2537#.X4Ta32gzbIU\">http:\/\/www.caareviews.org\/reviews\/2537#.X4Ta32gzbIU<\/a><\/p>\n<p style=\"text-align: left\"><!-- \/wp:paragraph --><!-- wp:paragraph --><\/p>\n<p style=\"text-align: left\">Joyce Ip [Nombre de usuario]. (21 feb. 2012). Thick Mapping Video<br \/>MCJ\u00a0[Archivo de video]. Recuperado de https:\/\/www.youtube.com\/watch?v=b0k1pIk3TlU<\/p>\n<p style=\"text-align: left\"><!-- \/wp:paragraph --><!-- wp:paragraph --><\/p>\n<p style=\"text-align: left\">Ministerio de Cultura Cusco [Nombre de usuario]. (16 may. 2016).<br \/>ANTROPOLOGIA DE LA MUERTE\u00a0[Archivo de video]. Recuperado de <a href=\"https:\/\/www.youtube.com\/watch?v=jtfLGs9ldHE\">https:\/\/www.youtube.com\/watch?v=jtfLGs9ldHE<\/a><\/p>\n<p style=\"text-align: left\">Presner T., Shepard D., y Kawano Y. <em>HyperCities: Thick Mapping in the<br \/>Digital Humanities <\/em>Cambridge Harvard University Press, 2014. Impreso.<\/p>\n<p style=\"text-align: left\"><!-- \/wp:paragraph --><!-- wp:paragraph --><\/p>\n<p style=\"text-align: left\">Presner, T. (2014). Digital Humanities 2.0: a report on knowledge.<\/p>\n<p style=\"text-align: left\">Rinc\u00f3n Gille, (2017) Los abrazos del r\u00edo, DOI: <a href=\"https:\/\/www.retinalatina.org\/los-abrazos-del-rio-de-nicolas-rincon-gille\/\">https:\/\/www.retinalatina.org\/los-abrazos-del-rio-de-nicolas-rincon-gille\/<\/a><\/p>\n<p style=\"text-align: left\"><!-- \/wp:paragraph --><\/p>\n<p style=\"text-align: left\">Rutas del conflicto (2020) DOI: <a href=\"https:\/\/rutasdelconflicto.com\/\">https:\/\/rutasdelconflicto.com\/<\/a><\/p>\n<p style=\"text-align: left\">Rutas del conflicto [Nombre de usuario]. (14 de mayo del 2018). Ernestina<br \/>Guti\u00e9rrez\u00a0[Archivo de video]. Recuperado de https:\/\/vimeo.com\/269705639<\/p>\n<p style=\"text-align: left\"><!-- \/wp:paragraph --><!-- wp:paragraph --><\/p>\n<p style=\"text-align: left\">Rutas del conflicto [Nombre de usuario]. (7 de mayo del 2018).<br \/>MEMORIAPUERTOWRUTH1\u00a0[Archivo de video]. Recuperado de https:\/\/vimeo.com\/268510576<\/p>\n<p style=\"text-align: left\"><!-- \/wp:paragraph --><!-- wp:paragraph --><\/p>\n<p style=\"text-align: left\">Rutas del conflicto [Nombre de usuario]. (8 de mayo del 2018).<br \/>MEMORIA1\u00a0[Archivo de video]. Recuperado de <a href=\"https:\/\/vimeo.com\/268613482\">https:\/\/vimeo.com\/268613482<\/a><\/p>\n<p style=\"text-align: left\">S\u00e9bastien Caquard &amp; William Cartwright (2014) Narrative Cartography:<br \/>From Mapping Stories to the Narrative of Maps and Mapping, The Cartographic<br \/>Journal, 51:2, 101-106, DOI: 10.1179\/0008704114Z.000000000130<\/p>\n<p style=\"text-align: left\">Varjani, S. J. (2017). Bioresource Technology Microbial degradation of<br \/>petroleum hydrocarbons. Bioresource Technology, 223, 277\u2013286.\u00a0<a href=\"https:\/\/doi.org\/10.1016\/j.biortech.2016.10.037\">https:\/\/doi.org\/10.1016\/j.biortech.2016.10.037<\/a><\/p>","protected":false},"excerpt":{"rendered":"<p>Normal 0 21 false false false ES-CO X-NONE X-NONE Asesorias Virtuales [Nombre de usuario]. (9 oct. 2017). Antropolog\u00eda de laMuerte\/ Mestr\u00eda en tanatologia\/Tlalpan\/S\u00e1bado\u00a0[Archivo de video].Recuperado de https:\/\/www.youtube.com\/watch?v=1T9E_oaR2Ws Banrepcultural (2020) HABLEMOS DEL R\u00cdO ES EL NUEVO ESPACIO DE REFLEXI\u00d3N Y PARTICIPACI\u00d3NVIRTUAL DOI:https:\/\/www.banrepcultural.org\/noticias\/hablemos-del-rio-es-un-nuevo-nuevo-espacio-de-reflexion-y-participacion-virtual Banrepcultural [Nombre de usuario]. (10 jul. 2020). \u00a0[Archivo devideo]. Conferencia | Conservaci\u00f3n y preservaci\u00f3n: [&hellip;]<\/p>\n","protected":false},"author":25,"featured_media":0,"parent":0,"menu_order":0,"comment_status":"closed","ping_status":"closed","template":"","meta":{"_themeisle_gutenberg_block_has_review":false,"footnotes":""},"class_list":["post-124","page","type-page","status-publish","hentry"],"_links":{"self":[{"href":"https:\/\/visiones.uniandes.edu.co\/japardo11\/wp-json\/wp\/v2\/pages\/124","targetHints":{"allow":["GET"]}}],"collection":[{"href":"https:\/\/visiones.uniandes.edu.co\/japardo11\/wp-json\/wp\/v2\/pages"}],"about":[{"href":"https:\/\/visiones.uniandes.edu.co\/japardo11\/wp-json\/wp\/v2\/types\/page"}],"author":[{"embeddable":true,"href":"https:\/\/visiones.uniandes.edu.co\/japardo11\/wp-json\/wp\/v2\/users\/25"}],"replies":[{"embeddable":true,"href":"https:\/\/visiones.uniandes.edu.co\/japardo11\/wp-json\/wp\/v2\/comments?post=124"}],"version-history":[{"count":7,"href":"https:\/\/visiones.uniandes.edu.co\/japardo11\/wp-json\/wp\/v2\/pages\/124\/revisions"}],"predecessor-version":[{"id":243,"href":"https:\/\/visiones.uniandes.edu.co\/japardo11\/wp-json\/wp\/v2\/pages\/124\/revisions\/243"}],"wp:attachment":[{"href":"https:\/\/visiones.uniandes.edu.co\/japardo11\/wp-json\/wp\/v2\/media?parent=124"}],"curies":[{"name":"wp","href":"https:\/\/api.w.org\/{rel}","templated":true}]}}