{"id":2,"date":"2021-08-27T21:29:24","date_gmt":"2021-08-27T21:29:24","guid":{"rendered":"https:\/\/visiones.uniandes.edu.co\/dduplat10\/?page_id=2"},"modified":"2021-10-03T16:10:40","modified_gmt":"2021-10-03T21:10:40","slug":"pagina-ejemplo","status":"publish","type":"page","link":"https:\/\/visiones.uniandes.edu.co\/dduplat10\/","title":{"rendered":"Inicio"},"content":{"rendered":"\n<div class=\"wp-block-columns is-layout-flex wp-container-core-columns-is-layout-9d6595d7 wp-block-columns-is-layout-flex\">\n<div class=\"wp-block-column is-layout-flow wp-block-column-is-layout-flow\" style=\"flex-basis:100%\">\n<div class=\"wp-block-columns is-style-default is-layout-flex wp-container-core-columns-is-layout-9d6595d7 wp-block-columns-is-layout-flex\">\n<div class=\"wp-block-column is-layout-flow wp-block-column-is-layout-flow\" style=\"flex-basis:100%\"><\/div>\n<\/div>\n<\/div>\n<\/div>\n\n\n\n<p>Bienvenido a mi presentaci\u00f3n de mi proyecto de Maestr\u00eda: <em>Duplat al piano.<\/em> <\/p>\n\n\n\n<div class=\"wp-block-columns is-layout-flex wp-container-core-columns-is-layout-9d6595d7 wp-block-columns-is-layout-flex\">\n<div class=\"wp-block-column is-layout-flow wp-block-column-is-layout-flow\" style=\"flex-basis:66.66%\">\n<p class=\"has-text-align-right\">Mi nombre es Daniel Duplat, soy un pianista, m\u00fasico y productor egresado de la Universidad de los Andes. Tengo un profundo inter\u00e9s en la m\u00fasica, y sus diversas facetas. Mi inter\u00e9s es profundizar en m\u00fasica acad\u00e9mica, particularmente el repertorio pian\u00edstico comprendido entre el siglo XIX tard\u00edo y el siglo XX temprano, abarcando la obra de compositores como <em>Chopin, Liszt, Debussy, Prokofiev, Ravel, Villa-Lobos,&#8230;<\/em><\/p>\n<\/div>\n\n\n\n<div class=\"wp-block-column is-layout-flow wp-block-column-is-layout-flow\">\n<figure class=\"wp-block-image size-large\"><img loading=\"lazy\" decoding=\"async\" width=\"661\" height=\"1061\" src=\"https:\/\/visiones.uniandes.edu.co\/dduplat10\/wp-content\/uploads\/sites\/117\/2021\/10\/PHOTO-2021-09-17-17-05-42-1-edited.jpg\" alt=\"\" class=\"wp-image-24\" srcset=\"https:\/\/visiones.uniandes.edu.co\/dduplat10\/wp-content\/uploads\/sites\/117\/2021\/10\/PHOTO-2021-09-17-17-05-42-1-edited.jpg 661w, https:\/\/visiones.uniandes.edu.co\/dduplat10\/wp-content\/uploads\/sites\/117\/2021\/10\/PHOTO-2021-09-17-17-05-42-1-edited-187x300.jpg 187w, https:\/\/visiones.uniandes.edu.co\/dduplat10\/wp-content\/uploads\/sites\/117\/2021\/10\/PHOTO-2021-09-17-17-05-42-1-edited-638x1024.jpg 638w\" sizes=\"auto, (max-width: 661px) 100vw, 661px\" \/><figcaption><em>foto: Diego Tovar<\/em><\/figcaption><\/figure>\n<\/div>\n<\/div>\n\n\n\n<p>Adicionalmente me desempe\u00f1o como cantautor en mi propio proyecto musical de m\u00fasica <em>alternativa<\/em>, y como m\u00fasico de sesi\u00f3n en otros proyectos no acad\u00e9micos de <em>Pop, Rock, Electr\u00f3nica y Afrobeat<\/em>.<\/p>\n\n\n\n<p>En esta p\u00e1gina encontrar\u00e1 todo acerca de mi proyecto de maestr\u00eda: <em>Duplat al piano<\/em>, realizado bajo la tutela del Maestro Rondy Torres.<\/p>\n\n\n\n<p>Lo invito a navegar en el sitio utilizando los enlaces en el men\u00fa superior de la p\u00e1gina, o bien navegando en las entradas.<\/p>\n\n\n\n<p>Este sitio pretende mostrar todo el proyecto, desde sus fundamentos hasta sus resultados.<\/p>\n","protected":false},"excerpt":{"rendered":"<p>Bienvenido a mi presentaci\u00f3n de mi proyecto de Maestr\u00eda: Duplat al piano. Mi nombre es Daniel Duplat, soy un pianista, m\u00fasico y productor egresado de la Universidad de los Andes. Tengo un profundo inter\u00e9s en la m\u00fasica, y sus diversas facetas. Mi inter\u00e9s es profundizar en m\u00fasica acad\u00e9mica, particularmente el repertorio pian\u00edstico comprendido entre el&hellip; <a class=\"more-link\" href=\"https:\/\/visiones.uniandes.edu.co\/dduplat10\/\">Continue reading <span class=\"screen-reader-text\">Inicio<\/span><\/a><\/p>\n","protected":false},"author":116,"featured_media":0,"parent":0,"menu_order":0,"comment_status":"closed","ping_status":"open","template":"","meta":{"_themeisle_gutenberg_block_has_review":false,"footnotes":""},"class_list":["post-2","page","type-page","status-publish","hentry","entry"],"_links":{"self":[{"href":"https:\/\/visiones.uniandes.edu.co\/dduplat10\/wp-json\/wp\/v2\/pages\/2","targetHints":{"allow":["GET"]}}],"collection":[{"href":"https:\/\/visiones.uniandes.edu.co\/dduplat10\/wp-json\/wp\/v2\/pages"}],"about":[{"href":"https:\/\/visiones.uniandes.edu.co\/dduplat10\/wp-json\/wp\/v2\/types\/page"}],"author":[{"embeddable":true,"href":"https:\/\/visiones.uniandes.edu.co\/dduplat10\/wp-json\/wp\/v2\/users\/116"}],"replies":[{"embeddable":true,"href":"https:\/\/visiones.uniandes.edu.co\/dduplat10\/wp-json\/wp\/v2\/comments?post=2"}],"version-history":[{"count":3,"href":"https:\/\/visiones.uniandes.edu.co\/dduplat10\/wp-json\/wp\/v2\/pages\/2\/revisions"}],"predecessor-version":[{"id":25,"href":"https:\/\/visiones.uniandes.edu.co\/dduplat10\/wp-json\/wp\/v2\/pages\/2\/revisions\/25"}],"wp:attachment":[{"href":"https:\/\/visiones.uniandes.edu.co\/dduplat10\/wp-json\/wp\/v2\/media?parent=2"}],"curies":[{"name":"wp","href":"https:\/\/api.w.org\/{rel}","templated":true}]}}