{"id":4,"date":"2020-09-05T17:27:39","date_gmt":"2020-09-05T17:27:39","guid":{"rendered":"https:\/\/visiones.uniandes.edu.co\/daariza\/?page_id=4"},"modified":"2020-09-11T19:06:47","modified_gmt":"2020-09-11T19:06:47","slug":"sobre-lo-sublime","status":"publish","type":"page","link":"https:\/\/visiones.uniandes.edu.co\/daariza\/sobre-lo-sublime\/","title":{"rendered":"Inspiraci\u00f3n"},"content":{"rendered":"\n<p>Desde lo te\u00f3rico, el desarrollo de este proyecto se inspira en la puesta en di\u00e1logo de conceptos, teor\u00edas y expresiones que a pesar de provenir desde diferentes disciplinas,  se cuestionan alrededor de  la experiencia subjetiva humana (lo fenom\u00e9nico) y su relaci\u00f3n con aquello que, en un intento de comprensi\u00f3n, se ha denotado bajo conceptos como lo m\u00edstico, lo divino, lo sublime o lo psicod\u00e9lico.  <\/p>\n\n\n\n<p>As\u00ed mismo, pone dichos conceptos y teor\u00edas en relaci\u00f3n las condiciones sociales y materiales que impone el mundo contempor\u00e1neo al hombre, las cuales desembocan en un alejamiento de dicha experiencia y en un &#8220;problema espiritual&#8221;. Ejemplos de esto son la corriente continua de est\u00edmulos (digitales y materiales) que exigen ser atendidos, los ritmos de vida basados en el movimiento y af\u00e1n desenfrenados  y la continua exigencia que los individuos imponen a s\u00ed mismos en torno a la productividad, la transformaci\u00f3n para el acercamiento a ideales social y econ\u00f3micamente compartidos \/ impuestos.<\/p>\n\n\n\n<p>Paralelamente, desde la intuici\u00f3n \/sensaci\u00f3n se inspira en de una serie de experiencias personales en donde, de un modo u otro, la raz\u00f3n ha dejado de reinar la consciencia, dando lugar a una nueva comprensi\u00f3n de la realidad; una comprensi\u00f3n que emana la sensaci\u00f3n de certeza o verdad y paralelamente resulta congruente aquellos conceptos relatados desde los marcos de la espiritualidad y el misticismo.<\/p>\n\n\n\n<hr class=\"wp-block-separator is-style-wide\" \/>\n\n\n\n<p>La b\u00fasqueda emprendida podr\u00eda resumirse en la siguiente reflexi\u00f3n: <\/p>\n\n\n\n<p class=\"has-text-align-center has-normal-font-size\"><em> La experiencia de lo numinoso constituye uno de los arquetipos esenciales en la psique y, aunque se ha manifestado de diferentes formas, durante milenios ha sido esencial para el bienestar de su vida an\u00edmica. Mientras tanto, el mundo contempor\u00e1neo separa al individuo de aquella experiencia dadas las condiciones materiales y sociales que le impone. En este sentido \u00bfEs posible generar escenarios que promuevan un contacto del individuo con ella? \u00bfResulta el arte, a trav\u00e9s su influencia directa en la percepci\u00f3n, un medio id\u00f3neo para proveer experiencias numinosas<\/em>.<\/p>\n\n\n\n<hr class=\"wp-block-separator is-style-wide\" \/>\n\n\n\n<p>Aquellos conceptos y teor\u00edas provienen desde los campos de la psicolog\u00eda (tanto de corte anal\u00edtico como cognitivo), las tradiciones filos\u00f3ficas no occidentales (en especial el budismo), los estudios- relatos relcionados con lo psicod\u00e9lico, la fenomenolog\u00eda y algunas manifestaciones art\u00edsticas dentro de los campos del Light Art, el Op Art, el Psychedelic art, el romanticismo y el videoarte.<\/p>\n\n\n\n<p>Desde la psicolog\u00eda anal\u00edtica se postula la idea de que el ser humano no es \u00fanicamente heredero de una base biol\u00f3gica sino que a su vez hereda una serie de elementos mentales llamados Arquetipos, los cuales se formaron a trav\u00e9s de miles de a\u00f1os y que han acompa\u00f1ado a la especie hasta el d\u00eda de hoy.  Estos elementos han sido<em> representados simb\u00f3licamente<\/em> a trav\u00e9s de diferentes medios y el contacto con los mismos resulta de vital importancia para el bienestar de los individuos. <\/p>\n\n\n\n<p>En particular a lo largo de su historia el hombre ha buscado superar los l\u00edmites de s\u00ed mismo y contactar no con una fuerza que considera superior que abarca a la naturaleza y as\u00ed mismo y qu\u00e9 desprende sensaciones de asombro, enigma y reverencia. Para esto, ha realizado diversas actividades -rituales, uso de plantas, practicas medidativas- que alteran sus estados de consciencia habituales. De igual modo, han <em>representado <\/em>dichas experiencias a trav\u00e9s de expresiones culturales y art\u00edsticas.<\/p>\n\n\n\n<p><em>Sin embargo, la representaci\u00f3n simb\u00f3lica de esta fuerza  no es la misma en todas las \u00e9pocas ya que se ve modificada en funci\u00f3n de la sensibilidad y las condiciones de vida de los individuos en un momento determinado.<\/em><\/p>\n\n\n\n<figure class=\"wp-block-gallery columns-2 is-cropped wp-block-gallery-1 is-layout-flex wp-block-gallery-is-layout-flex\"><ul class=\"blocks-gallery-grid\"><li class=\"blocks-gallery-item\"><figure><img loading=\"lazy\" decoding=\"async\" width=\"1024\" height=\"683\" src=\"https:\/\/visiones.uniandes.edu.co\/daariza\/wp-content\/uploads\/sites\/21\/2020\/09\/Inside-the-Blue-Temple-in-Chiang-Rai-deartravallure-1024x683.jpg\" alt=\"\" data-id=\"143\" data-full-url=\"https:\/\/visiones.uniandes.edu.co\/daariza\/wp-content\/uploads\/sites\/21\/2020\/09\/Inside-the-Blue-Temple-in-Chiang-Rai-deartravallure.jpg\" data-link=\"https:\/\/visiones.uniandes.edu.co\/daariza\/sobre-lo-sublime\/inside-the-blue-temple-in-chiang-rai-deartravallure\/\" class=\"wp-image-143\" srcset=\"https:\/\/visiones.uniandes.edu.co\/daariza\/wp-content\/uploads\/sites\/21\/2020\/09\/Inside-the-Blue-Temple-in-Chiang-Rai-deartravallure-1024x683.jpg 1024w, https:\/\/visiones.uniandes.edu.co\/daariza\/wp-content\/uploads\/sites\/21\/2020\/09\/Inside-the-Blue-Temple-in-Chiang-Rai-deartravallure-300x200.jpg 300w, https:\/\/visiones.uniandes.edu.co\/daariza\/wp-content\/uploads\/sites\/21\/2020\/09\/Inside-the-Blue-Temple-in-Chiang-Rai-deartravallure-768x512.jpg 768w, https:\/\/visiones.uniandes.edu.co\/daariza\/wp-content\/uploads\/sites\/21\/2020\/09\/Inside-the-Blue-Temple-in-Chiang-Rai-deartravallure.jpg 1200w\" sizes=\"auto, (max-width: 1024px) 100vw, 1024px\" \/><\/figure><\/li><li class=\"blocks-gallery-item\"><figure><img loading=\"lazy\" decoding=\"async\" width=\"480\" height=\"343\" src=\"https:\/\/visiones.uniandes.edu.co\/daariza\/wp-content\/uploads\/sites\/21\/2020\/09\/james-turrell-bridgets-bardo.jpg\" alt=\"\" data-id=\"142\" data-link=\"https:\/\/visiones.uniandes.edu.co\/daariza\/sobre-lo-sublime\/james-turrell-bridgets-bardo\/\" class=\"wp-image-142\" srcset=\"https:\/\/visiones.uniandes.edu.co\/daariza\/wp-content\/uploads\/sites\/21\/2020\/09\/james-turrell-bridgets-bardo.jpg 480w, https:\/\/visiones.uniandes.edu.co\/daariza\/wp-content\/uploads\/sites\/21\/2020\/09\/james-turrell-bridgets-bardo-300x214.jpg 300w\" sizes=\"auto, (max-width: 480px) 100vw, 480px\" \/><\/figure><\/li><\/ul><\/figure>\n\n\n\n<p>En este sentido podemos evidenciar en la manifestaci\u00f3n art\u00edstica de diversas religiones o tradiciones espirituales la presencia de regularidades, bien sea en relaci\u00f3n a las configuraciones formales que adquieren o bien sea en relaci\u00f3n a los s\u00edmbolos qu\u00e9 utilizan para representar aquello de lo que quieren hablar. <\/p>\n\n\n\n<p><\/p>\n\n\n\n<p>Asimismo es posible evidenciar regularidades o puntos en com\u00fan en creaciones ind\u00edgenas, creaciones primitivas y expresiones de &#8220;enfermos mentales&#8221; o &#8220;m\u00edsticos&#8221; que realizan el acto de creaci\u00f3n de un modo compulsivo e inconsciente. <\/p>\n\n\n\n<figure class=\"wp-block-gallery columns-3 is-cropped wp-block-gallery-2 is-layout-flex wp-block-gallery-is-layout-flex\"><ul class=\"blocks-gallery-grid\"><li class=\"blocks-gallery-item\"><figure><img loading=\"lazy\" decoding=\"async\" width=\"800\" height=\"563\" src=\"https:\/\/visiones.uniandes.edu.co\/daariza\/wp-content\/uploads\/sites\/21\/2020\/09\/Aborigen-6.jpg\" alt=\"\" data-id=\"107\" data-full-url=\"https:\/\/visiones.uniandes.edu.co\/daariza\/wp-content\/uploads\/sites\/21\/2020\/09\/Aborigen-6.jpg\" data-link=\"https:\/\/visiones.uniandes.edu.co\/daariza\/sobre-lo-sublime\/aborigen-6\/\" class=\"wp-image-107\" srcset=\"https:\/\/visiones.uniandes.edu.co\/daariza\/wp-content\/uploads\/sites\/21\/2020\/09\/Aborigen-6.jpg 800w, https:\/\/visiones.uniandes.edu.co\/daariza\/wp-content\/uploads\/sites\/21\/2020\/09\/Aborigen-6-300x211.jpg 300w, https:\/\/visiones.uniandes.edu.co\/daariza\/wp-content\/uploads\/sites\/21\/2020\/09\/Aborigen-6-768x540.jpg 768w\" sizes=\"auto, (max-width: 800px) 100vw, 800px\" \/><\/figure><\/li><li class=\"blocks-gallery-item\"><figure><img loading=\"lazy\" decoding=\"async\" width=\"600\" height=\"350\" src=\"https:\/\/visiones.uniandes.edu.co\/daariza\/wp-content\/uploads\/sites\/21\/2020\/09\/BELSON-obit-articleLarge.jpg\" alt=\"\" data-id=\"108\" data-full-url=\"https:\/\/visiones.uniandes.edu.co\/daariza\/wp-content\/uploads\/sites\/21\/2020\/09\/BELSON-obit-articleLarge.jpg\" data-link=\"https:\/\/visiones.uniandes.edu.co\/daariza\/sobre-lo-sublime\/belson-obit-articlelarge\/\" class=\"wp-image-108\" srcset=\"https:\/\/visiones.uniandes.edu.co\/daariza\/wp-content\/uploads\/sites\/21\/2020\/09\/BELSON-obit-articleLarge.jpg 600w, https:\/\/visiones.uniandes.edu.co\/daariza\/wp-content\/uploads\/sites\/21\/2020\/09\/BELSON-obit-articleLarge-300x175.jpg 300w\" sizes=\"auto, (max-width: 600px) 100vw, 600px\" \/><\/figure><\/li><li class=\"blocks-gallery-item\"><figure><img loading=\"lazy\" decoding=\"async\" width=\"700\" height=\"600\" src=\"https:\/\/visiones.uniandes.edu.co\/daariza\/wp-content\/uploads\/sites\/21\/2020\/09\/kalachakrawheeltime11.jpg\" alt=\"\" data-id=\"109\" data-full-url=\"https:\/\/visiones.uniandes.edu.co\/daariza\/wp-content\/uploads\/sites\/21\/2020\/09\/kalachakrawheeltime11.jpg\" data-link=\"https:\/\/visiones.uniandes.edu.co\/daariza\/sobre-lo-sublime\/kalachakrawheeltime11\/\" class=\"wp-image-109\" srcset=\"https:\/\/visiones.uniandes.edu.co\/daariza\/wp-content\/uploads\/sites\/21\/2020\/09\/kalachakrawheeltime11.jpg 700w, https:\/\/visiones.uniandes.edu.co\/daariza\/wp-content\/uploads\/sites\/21\/2020\/09\/kalachakrawheeltime11-300x257.jpg 300w\" sizes=\"auto, (max-width: 700px) 100vw, 700px\" \/><\/figure><\/li><\/ul><\/figure>\n\n\n\n<figure class=\"wp-block-gallery columns-3 is-cropped wp-block-gallery-3 is-layout-flex wp-block-gallery-is-layout-flex\"><ul class=\"blocks-gallery-grid\"><li class=\"blocks-gallery-item\"><figure><img loading=\"lazy\" decoding=\"async\" width=\"1000\" height=\"590\" src=\"https:\/\/visiones.uniandes.edu.co\/daariza\/wp-content\/uploads\/sites\/21\/2020\/09\/Sawada01closegroot-Credit-image-Wellcome-Trust-1000x590-1.jpg\" alt=\"\" data-id=\"93\" data-full-url=\"https:\/\/visiones.uniandes.edu.co\/daariza\/wp-content\/uploads\/sites\/21\/2020\/09\/Sawada01closegroot-Credit-image-Wellcome-Trust-1000x590-1.jpg\" data-link=\"https:\/\/visiones.uniandes.edu.co\/daariza\/sobre-lo-sublime\/sawada01closegroot-credit-image-wellcome-trust-1000x590-1\/\" class=\"wp-image-93\" srcset=\"https:\/\/visiones.uniandes.edu.co\/daariza\/wp-content\/uploads\/sites\/21\/2020\/09\/Sawada01closegroot-Credit-image-Wellcome-Trust-1000x590-1.jpg 1000w, https:\/\/visiones.uniandes.edu.co\/daariza\/wp-content\/uploads\/sites\/21\/2020\/09\/Sawada01closegroot-Credit-image-Wellcome-Trust-1000x590-1-300x177.jpg 300w, https:\/\/visiones.uniandes.edu.co\/daariza\/wp-content\/uploads\/sites\/21\/2020\/09\/Sawada01closegroot-Credit-image-Wellcome-Trust-1000x590-1-768x453.jpg 768w\" sizes=\"auto, (max-width: 1000px) 100vw, 1000px\" \/><\/figure><\/li><li class=\"blocks-gallery-item\"><figure><img loading=\"lazy\" decoding=\"async\" width=\"640\" height=\"480\" src=\"https:\/\/visiones.uniandes.edu.co\/daariza\/wp-content\/uploads\/sites\/21\/2020\/09\/4e7d76eb3518.jpg\" alt=\"\" data-id=\"94\" data-full-url=\"https:\/\/visiones.uniandes.edu.co\/daariza\/wp-content\/uploads\/sites\/21\/2020\/09\/4e7d76eb3518.jpg\" data-link=\"https:\/\/visiones.uniandes.edu.co\/daariza\/sobre-lo-sublime\/4e7d76eb3518\/\" class=\"wp-image-94\" srcset=\"https:\/\/visiones.uniandes.edu.co\/daariza\/wp-content\/uploads\/sites\/21\/2020\/09\/4e7d76eb3518.jpg 640w, https:\/\/visiones.uniandes.edu.co\/daariza\/wp-content\/uploads\/sites\/21\/2020\/09\/4e7d76eb3518-300x225.jpg 300w\" sizes=\"auto, (max-width: 640px) 100vw, 640px\" \/><\/figure><\/li><li class=\"blocks-gallery-item\"><figure><img loading=\"lazy\" decoding=\"async\" width=\"556\" height=\"752\" src=\"https:\/\/visiones.uniandes.edu.co\/daariza\/wp-content\/uploads\/sites\/21\/2020\/09\/carl-jung-illustration-from-the-red-book-by-c-g-jung.jpg\" alt=\"\" data-id=\"95\" data-full-url=\"https:\/\/visiones.uniandes.edu.co\/daariza\/wp-content\/uploads\/sites\/21\/2020\/09\/carl-jung-illustration-from-the-red-book-by-c-g-jung.jpg\" data-link=\"https:\/\/visiones.uniandes.edu.co\/daariza\/sobre-lo-sublime\/carl-jung-illustration-from-the-red-book-by-c-g-jung\/\" class=\"wp-image-95\" srcset=\"https:\/\/visiones.uniandes.edu.co\/daariza\/wp-content\/uploads\/sites\/21\/2020\/09\/carl-jung-illustration-from-the-red-book-by-c-g-jung.jpg 556w, https:\/\/visiones.uniandes.edu.co\/daariza\/wp-content\/uploads\/sites\/21\/2020\/09\/carl-jung-illustration-from-the-red-book-by-c-g-jung-222x300.jpg 222w\" sizes=\"auto, (max-width: 556px) 100vw, 556px\" \/><\/figure><\/li><\/ul><\/figure>\n\n\n\n<p>Finalmente podemos encontrar que artistas de diferentes \u00e9pocas y a trav\u00e9s de distintos medios, no s\u00f3lo recogen de alg\u00fan modo los simbolismos representados en los otros \u00e1mbitos indicados, sino que de forma recurrente utilizan medios particulares para explorar aquello que denominan &#8220;experiencia sublime&#8221;.<\/p>\n\n\n\n<figure class=\"wp-block-gallery columns-3 is-cropped wp-block-gallery-4 is-layout-flex wp-block-gallery-is-layout-flex\"><ul class=\"blocks-gallery-grid\"><li class=\"blocks-gallery-item\"><figure><img loading=\"lazy\" decoding=\"async\" width=\"700\" height=\"502\" src=\"https:\/\/visiones.uniandes.edu.co\/daariza\/wp-content\/uploads\/sites\/21\/2020\/09\/2bbbbbbbbbbbbbb.jpg\" alt=\"\" data-id=\"96\" data-full-url=\"https:\/\/visiones.uniandes.edu.co\/daariza\/wp-content\/uploads\/sites\/21\/2020\/09\/2bbbbbbbbbbbbbb.jpg\" data-link=\"https:\/\/visiones.uniandes.edu.co\/daariza\/sobre-lo-sublime\/2bbbbbbbbbbbbbb\/\" class=\"wp-image-96\" srcset=\"https:\/\/visiones.uniandes.edu.co\/daariza\/wp-content\/uploads\/sites\/21\/2020\/09\/2bbbbbbbbbbbbbb.jpg 700w, https:\/\/visiones.uniandes.edu.co\/daariza\/wp-content\/uploads\/sites\/21\/2020\/09\/2bbbbbbbbbbbbbb-300x215.jpg 300w\" sizes=\"auto, (max-width: 700px) 100vw, 700px\" \/><\/figure><\/li><li class=\"blocks-gallery-item\"><figure><img loading=\"lazy\" decoding=\"async\" width=\"249\" height=\"200\" src=\"https:\/\/visiones.uniandes.edu.co\/daariza\/wp-content\/uploads\/sites\/21\/2020\/09\/336b6302e444f53e2cdb2856324f22fb.jpg\" alt=\"\" data-id=\"97\" data-full-url=\"https:\/\/visiones.uniandes.edu.co\/daariza\/wp-content\/uploads\/sites\/21\/2020\/09\/336b6302e444f53e2cdb2856324f22fb.jpg\" data-link=\"https:\/\/visiones.uniandes.edu.co\/daariza\/sobre-lo-sublime\/336b6302e444f53e2cdb2856324f22fb\/\" class=\"wp-image-97\" \/><\/figure><\/li><li class=\"blocks-gallery-item\"><figure><img loading=\"lazy\" decoding=\"async\" width=\"650\" height=\"1024\" src=\"https:\/\/visiones.uniandes.edu.co\/daariza\/wp-content\/uploads\/sites\/21\/2020\/09\/untitled_opus_161_comp_5-650x1024.jpg\" alt=\"\" data-id=\"98\" data-full-url=\"https:\/\/visiones.uniandes.edu.co\/daariza\/wp-content\/uploads\/sites\/21\/2020\/09\/untitled_opus_161_comp_5.jpg\" data-link=\"https:\/\/visiones.uniandes.edu.co\/daariza\/sobre-lo-sublime\/untitled_opus_161_comp_5\/\" class=\"wp-image-98\" srcset=\"https:\/\/visiones.uniandes.edu.co\/daariza\/wp-content\/uploads\/sites\/21\/2020\/09\/untitled_opus_161_comp_5-650x1024.jpg 650w, https:\/\/visiones.uniandes.edu.co\/daariza\/wp-content\/uploads\/sites\/21\/2020\/09\/untitled_opus_161_comp_5-191x300.jpg 191w, https:\/\/visiones.uniandes.edu.co\/daariza\/wp-content\/uploads\/sites\/21\/2020\/09\/untitled_opus_161_comp_5-768x1209.jpg 768w, https:\/\/visiones.uniandes.edu.co\/daariza\/wp-content\/uploads\/sites\/21\/2020\/09\/untitled_opus_161_comp_5-975x1536.jpg 975w, https:\/\/visiones.uniandes.edu.co\/daariza\/wp-content\/uploads\/sites\/21\/2020\/09\/untitled_opus_161_comp_5.jpg 1072w\" sizes=\"auto, (max-width: 650px) 100vw, 650px\" \/><\/figure><\/li><\/ul><\/figure>\n\n\n\n<figure class=\"wp-block-gallery columns-2 is-cropped wp-block-gallery-5 is-layout-flex wp-block-gallery-is-layout-flex\"><ul class=\"blocks-gallery-grid\"><li class=\"blocks-gallery-item\"><figure><img loading=\"lazy\" decoding=\"async\" width=\"900\" height=\"521\" src=\"https:\/\/visiones.uniandes.edu.co\/daariza\/wp-content\/uploads\/sites\/21\/2020\/09\/Culture-James-Turrell-Slider.jpg\" alt=\"\" data-id=\"112\" data-full-url=\"https:\/\/visiones.uniandes.edu.co\/daariza\/wp-content\/uploads\/sites\/21\/2020\/09\/Culture-James-Turrell-Slider.jpg\" data-link=\"https:\/\/visiones.uniandes.edu.co\/daariza\/sobre-lo-sublime\/culture-james-turrell-slider\/\" class=\"wp-image-112\" srcset=\"https:\/\/visiones.uniandes.edu.co\/daariza\/wp-content\/uploads\/sites\/21\/2020\/09\/Culture-James-Turrell-Slider.jpg 900w, https:\/\/visiones.uniandes.edu.co\/daariza\/wp-content\/uploads\/sites\/21\/2020\/09\/Culture-James-Turrell-Slider-300x174.jpg 300w, https:\/\/visiones.uniandes.edu.co\/daariza\/wp-content\/uploads\/sites\/21\/2020\/09\/Culture-James-Turrell-Slider-768x445.jpg 768w\" sizes=\"auto, (max-width: 900px) 100vw, 900px\" \/><\/figure><\/li><li class=\"blocks-gallery-item\"><figure><img loading=\"lazy\" decoding=\"async\" width=\"500\" height=\"333\" src=\"https:\/\/visiones.uniandes.edu.co\/daariza\/wp-content\/uploads\/sites\/21\/2020\/09\/unnamed-1.jpg\" alt=\"\" data-id=\"114\" data-full-url=\"https:\/\/visiones.uniandes.edu.co\/daariza\/wp-content\/uploads\/sites\/21\/2020\/09\/unnamed-1.jpg\" data-link=\"https:\/\/visiones.uniandes.edu.co\/daariza\/sobre-lo-sublime\/unnamed-1\/\" class=\"wp-image-114\" srcset=\"https:\/\/visiones.uniandes.edu.co\/daariza\/wp-content\/uploads\/sites\/21\/2020\/09\/unnamed-1.jpg 500w, https:\/\/visiones.uniandes.edu.co\/daariza\/wp-content\/uploads\/sites\/21\/2020\/09\/unnamed-1-300x200.jpg 300w\" sizes=\"auto, (max-width: 500px) 100vw, 500px\" \/><\/figure><\/li><\/ul><\/figure>\n\n\n\n<p>En el campo de la fenomenolog\u00eda autores como John Dewey conceptualizan la experiencia como un fen\u00f3meno que no ocurre de modo aislado en la mente o el pensamiento de los individuos sino que se ve afectado directamente por los est\u00edmulos sensoriales con los que entran en contacto.<\/p>\n\n\n\n<p>Es posible identificar por ejemplo que en las expresiones simb\u00f3licas nombradas anteriormente, son utilizados una serie de recursos como las ilusiones o enga\u00f1os perceptivos, la sobre estimulaci\u00f3n sensorial, la  repetici\u00f3n de patrones con frecuencias y distribuciones particulares y la utilizaci\u00f3n de materialidades espec\u00edficas.<\/p>\n\n\n\n<p>Este tipo de recursos, por su parte, han sido abordados desde la investigaci\u00f3n b\u00e1sica en psicolog\u00eda cognitiva y neurociencia, buscando explicar su influencia con base en el funcionamiento de los aparatos perceptivos y el cerebro humano;  a la par que se busca entenderlos formalmente a partir de modelos matem\u00e1ticos.<\/p>\n\n\n\n<figure class=\"wp-block-gallery columns-3 is-cropped wp-block-gallery-6 is-layout-flex wp-block-gallery-is-layout-flex\"><ul class=\"blocks-gallery-grid\"><li class=\"blocks-gallery-item\"><figure><img loading=\"lazy\" decoding=\"async\" width=\"512\" height=\"512\" src=\"https:\/\/visiones.uniandes.edu.co\/daariza\/wp-content\/uploads\/sites\/21\/2020\/09\/unnamed.jpg\" alt=\"\" data-id=\"103\" data-link=\"https:\/\/visiones.uniandes.edu.co\/daariza\/sobre-lo-sublime\/unnamed\/\" class=\"wp-image-103\" srcset=\"https:\/\/visiones.uniandes.edu.co\/daariza\/wp-content\/uploads\/sites\/21\/2020\/09\/unnamed.jpg 512w, https:\/\/visiones.uniandes.edu.co\/daariza\/wp-content\/uploads\/sites\/21\/2020\/09\/unnamed-300x300.jpg 300w, https:\/\/visiones.uniandes.edu.co\/daariza\/wp-content\/uploads\/sites\/21\/2020\/09\/unnamed-150x150.jpg 150w\" sizes=\"auto, (max-width: 512px) 100vw, 512px\" \/><\/figure><\/li><li class=\"blocks-gallery-item\"><figure><img loading=\"lazy\" decoding=\"async\" width=\"320\" height=\"320\" src=\"https:\/\/visiones.uniandes.edu.co\/daariza\/wp-content\/uploads\/sites\/21\/2020\/09\/FIGURA-1-Fuente-Luz-Helena-Ballestas-2007-La-serpiente-en-el-diseno-indigena_Q320.jpg\" alt=\"\" data-id=\"104\" data-link=\"https:\/\/visiones.uniandes.edu.co\/daariza\/sobre-lo-sublime\/figura-1-fuente-luz-helena-ballestas-2007-la-serpiente-en-el-diseno-indigena_q320\/\" class=\"wp-image-104\" srcset=\"https:\/\/visiones.uniandes.edu.co\/daariza\/wp-content\/uploads\/sites\/21\/2020\/09\/FIGURA-1-Fuente-Luz-Helena-Ballestas-2007-La-serpiente-en-el-diseno-indigena_Q320.jpg 320w, https:\/\/visiones.uniandes.edu.co\/daariza\/wp-content\/uploads\/sites\/21\/2020\/09\/FIGURA-1-Fuente-Luz-Helena-Ballestas-2007-La-serpiente-en-el-diseno-indigena_Q320-300x300.jpg 300w, https:\/\/visiones.uniandes.edu.co\/daariza\/wp-content\/uploads\/sites\/21\/2020\/09\/FIGURA-1-Fuente-Luz-Helena-Ballestas-2007-La-serpiente-en-el-diseno-indigena_Q320-150x150.jpg 150w\" sizes=\"auto, (max-width: 320px) 100vw, 320px\" \/><\/figure><\/li><li class=\"blocks-gallery-item\"><figure><img loading=\"lazy\" decoding=\"async\" width=\"800\" height=\"800\" src=\"https:\/\/visiones.uniandes.edu.co\/daariza\/wp-content\/uploads\/sites\/21\/2020\/09\/Jim-Stanford-Del-Mar-800x800-2.jpg\" alt=\"\" data-id=\"106\" data-full-url=\"https:\/\/visiones.uniandes.edu.co\/daariza\/wp-content\/uploads\/sites\/21\/2020\/09\/Jim-Stanford-Del-Mar-800x800-2.jpg\" data-link=\"https:\/\/visiones.uniandes.edu.co\/daariza\/sobre-lo-sublime\/jim-stanford-del-mar-800x800-2\/\" class=\"wp-image-106\" srcset=\"https:\/\/visiones.uniandes.edu.co\/daariza\/wp-content\/uploads\/sites\/21\/2020\/09\/Jim-Stanford-Del-Mar-800x800-2.jpg 800w, https:\/\/visiones.uniandes.edu.co\/daariza\/wp-content\/uploads\/sites\/21\/2020\/09\/Jim-Stanford-Del-Mar-800x800-2-300x300.jpg 300w, https:\/\/visiones.uniandes.edu.co\/daariza\/wp-content\/uploads\/sites\/21\/2020\/09\/Jim-Stanford-Del-Mar-800x800-2-150x150.jpg 150w, https:\/\/visiones.uniandes.edu.co\/daariza\/wp-content\/uploads\/sites\/21\/2020\/09\/Jim-Stanford-Del-Mar-800x800-2-768x768.jpg 768w\" sizes=\"auto, (max-width: 800px) 100vw, 800px\" \/><\/figure><\/li><\/ul><\/figure>\n\n\n\n<figure class=\"wp-block-gallery columns-2 is-cropped wp-block-gallery-7 is-layout-flex wp-block-gallery-is-layout-flex\"><ul class=\"blocks-gallery-grid\"><li class=\"blocks-gallery-item\"><figure><img loading=\"lazy\" decoding=\"async\" width=\"418\" height=\"456\" src=\"https:\/\/visiones.uniandes.edu.co\/daariza\/wp-content\/uploads\/sites\/21\/2020\/09\/Sin-titulo.png\" alt=\"\" data-id=\"164\" data-full-url=\"https:\/\/visiones.uniandes.edu.co\/daariza\/wp-content\/uploads\/sites\/21\/2020\/09\/Sin-titulo.png\" data-link=\"https:\/\/visiones.uniandes.edu.co\/daariza\/sobre-lo-sublime\/sin-titulo\/\" class=\"wp-image-164\" srcset=\"https:\/\/visiones.uniandes.edu.co\/daariza\/wp-content\/uploads\/sites\/21\/2020\/09\/Sin-titulo.png 418w, https:\/\/visiones.uniandes.edu.co\/daariza\/wp-content\/uploads\/sites\/21\/2020\/09\/Sin-titulo-275x300.png 275w\" sizes=\"auto, (max-width: 418px) 100vw, 418px\" \/><\/figure><\/li><li class=\"blocks-gallery-item\"><figure><img loading=\"lazy\" decoding=\"async\" width=\"500\" height=\"363\" src=\"https:\/\/visiones.uniandes.edu.co\/daariza\/wp-content\/uploads\/sites\/21\/2020\/09\/spaceFilling.jpg\" alt=\"\" data-id=\"138\" data-full-url=\"https:\/\/visiones.uniandes.edu.co\/daariza\/wp-content\/uploads\/sites\/21\/2020\/09\/spaceFilling.jpg\" data-link=\"https:\/\/visiones.uniandes.edu.co\/daariza\/sobre-lo-sublime\/spacefilling\/\" class=\"wp-image-138\" srcset=\"https:\/\/visiones.uniandes.edu.co\/daariza\/wp-content\/uploads\/sites\/21\/2020\/09\/spaceFilling.jpg 500w, https:\/\/visiones.uniandes.edu.co\/daariza\/wp-content\/uploads\/sites\/21\/2020\/09\/spaceFilling-300x218.jpg 300w\" sizes=\"auto, (max-width: 500px) 100vw, 500px\" \/><\/figure><\/li><\/ul><\/figure>\n\n\n\n<hr class=\"wp-block-separator is-style-wide\" \/>\n\n\n\n<p><\/p>\n","protected":false},"excerpt":{"rendered":"<p>Desde lo te\u00f3rico, el desarrollo de este proyecto se inspira en la puesta en di\u00e1logo de conceptos, teor\u00edas y expresiones que a pesar de provenir desde diferentes disciplinas, se cuestionan alrededor de la experiencia subjetiva humana (lo fenom\u00e9nico) y su relaci\u00f3n con aquello que, en un intento de comprensi\u00f3n, se ha denotado bajo conceptos como [&hellip;]<\/p>\n","protected":false},"author":21,"featured_media":0,"parent":0,"menu_order":0,"comment_status":"open","ping_status":"closed","template":"","meta":{"_themeisle_gutenberg_block_has_review":false,"footnotes":""},"class_list":["post-4","page","type-page","status-publish","hentry"],"_links":{"self":[{"href":"https:\/\/visiones.uniandes.edu.co\/daariza\/wp-json\/wp\/v2\/pages\/4","targetHints":{"allow":["GET"]}}],"collection":[{"href":"https:\/\/visiones.uniandes.edu.co\/daariza\/wp-json\/wp\/v2\/pages"}],"about":[{"href":"https:\/\/visiones.uniandes.edu.co\/daariza\/wp-json\/wp\/v2\/types\/page"}],"author":[{"embeddable":true,"href":"https:\/\/visiones.uniandes.edu.co\/daariza\/wp-json\/wp\/v2\/users\/21"}],"replies":[{"embeddable":true,"href":"https:\/\/visiones.uniandes.edu.co\/daariza\/wp-json\/wp\/v2\/comments?post=4"}],"version-history":[{"count":45,"href":"https:\/\/visiones.uniandes.edu.co\/daariza\/wp-json\/wp\/v2\/pages\/4\/revisions"}],"predecessor-version":[{"id":179,"href":"https:\/\/visiones.uniandes.edu.co\/daariza\/wp-json\/wp\/v2\/pages\/4\/revisions\/179"}],"wp:attachment":[{"href":"https:\/\/visiones.uniandes.edu.co\/daariza\/wp-json\/wp\/v2\/media?parent=4"}],"curies":[{"name":"wp","href":"https:\/\/api.w.org\/{rel}","templated":true}]}}