{"id":2,"date":"2020-09-05T13:47:54","date_gmt":"2020-09-05T13:47:54","guid":{"rendered":"https:\/\/visiones.uniandes.edu.co\/cmesa\/?page_id=2"},"modified":"2020-10-16T18:31:18","modified_gmt":"2020-10-16T18:31:18","slug":"imprenta-santaferena","status":"publish","type":"page","link":"https:\/\/visiones.uniandes.edu.co\/cmesa\/imprenta-santaferena\/","title":{"rendered":"\u00bfCu\u00e1l fue el alcance de la primera imprenta santafere\u00f1a?"},"content":{"rendered":"\n<div class=\"wp-block-image is-style-default\"><figure class=\"aligncenter size-large\"><img loading=\"lazy\" decoding=\"async\" width=\"465\" height=\"480\" src=\"https:\/\/visiones.uniandes.edu.co\/cmesa\/wp-content\/uploads\/sites\/35\/2020\/10\/Imprenta.jpg\" alt=\"\" class=\"wp-image-74\" srcset=\"https:\/\/visiones.uniandes.edu.co\/cmesa\/wp-content\/uploads\/sites\/35\/2020\/10\/Imprenta.jpg 465w, https:\/\/visiones.uniandes.edu.co\/cmesa\/wp-content\/uploads\/sites\/35\/2020\/10\/Imprenta-291x300.jpg 291w\" sizes=\"auto, (max-width: 465px) 100vw, 465px\" \/><\/figure><\/div>\n\n\n\n<p>En el siglo XVIII, la primera imprenta neogranadina y, as\u00ed mismo, santafere\u00f1a surgi\u00f3 gracias a los miembros de la Compa\u00f1\u00eda de Jes\u00fas. Los primeros textos impresos fueron de car\u00e1cter religioso, como novenarios, septenarios y hojas sueltas, los cuales datan desde 1738. Diversos autores consideran que la actividad de esta imprenta fue escasa debido al aspecto discontinuo de su funcionamiento y a la falta de materiales para este trabajo. Sin embargo, si bien pudieron existir contratiempos en esta labor, considero que su actividad no fue escasa porque existe un n\u00famero significativo de estos impresos, cuya constituci\u00f3n tambi\u00e9n refleja t\u00e9cnicas sofisticadas. As\u00ed mismo, considero que estaban dirigidos a diferentes contextos de la sociedad neogranadina debido a sus diversos temas. Por un lado, encontramos impresos en el idioma lat\u00edn, los cuales seguramente estaban dirigidos a los miembros <em>de los <\/em><em>centros religiosos<\/em>. Por otro lado, tambi\u00e9n poseemos registros que evidencian el inter\u00e9s de personas doctas, pertenecientes a la \u00e9lite de la \u00e9poca, por conocer estas producciones. Este grupo se enmarca dentro de lo que podemos denominar <em>c\u00edrculos literarios<\/em>. Por \u00faltimo, encontramos impresos de novenarios, septenarios y dem\u00e1s textos que funcionaban como manuales de <em>peticiones <\/em>y perd\u00f3n de pecados, cuya devoci\u00f3n estaba encaminada, principalmente, al Sagrado Coraz\u00f3n de Jes\u00fas y al Coraz\u00f3n doloroso de Mar\u00eda. Estos impresos estaban dirigidos al <em>p\u00fablico general<\/em>, a aquellos necesitados de una vida espiritual.<\/p>\n\n\n\n<p>Por lo anterior, considero que el alcance de la primera imprenta santafere\u00f1a y, as\u00ed mismo, neogranadina consisti\u00f3 en que sus producciones se inmiscuyeron en los centros religiosos, los c\u00edrculos literarios y el p\u00fablico general, configurando el pensamiento de quienes participaban en estos. Esta configuraci\u00f3n consisti\u00f3 en crear una <em>percepci\u00f3n<\/em> singular sobre el <em>libro impreso <\/em>y generar s\u00edmbolos caracter\u00edsticos de las creencias religiosas de este territorio. De esta manera, aquella imprenta adquiere caracter\u00edsticas singulares en donde la producci\u00f3n impresa no solo circul\u00f3 en un p\u00fablico especializado, como ocurri\u00f3 en otros territorios, sino en un p\u00fablico m\u00e1s amplio, configurando las percepciones de los lectores.<\/p>\n\n\n\n<ul class=\"wp-block-list\"><li>En <em>Historia y Cat\u00e1logo descriptivo de la imprenta en Colombia (1738-1810)<\/em>, \u00c1lvaro Garz\u00f3n Marth\u00e1 hace evidente que el tema de este trabajo es un problema al afirmar que \u201cuna investigaci\u00f3n sostenida que busque demostrar el verdadero alcance de la primera imprenta santafere\u00f1a no se ha realizado hasta ahora\u201d (2008, p. 30).<\/li><\/ul>\n\n\n\n<h4 class=\"has-text-align-center wp-block-heading\">Existen tres procesos fundamental para determinar este alcance<\/h4>\n\n\n\n<figure class=\"wp-block-image size-large is-style-default\"><img loading=\"lazy\" decoding=\"async\" width=\"717\" height=\"403\" src=\"https:\/\/visiones.uniandes.edu.co\/cmesa\/wp-content\/uploads\/sites\/35\/2020\/10\/Proceso.jpg\" alt=\"\" class=\"wp-image-76\" srcset=\"https:\/\/visiones.uniandes.edu.co\/cmesa\/wp-content\/uploads\/sites\/35\/2020\/10\/Proceso.jpg 717w, https:\/\/visiones.uniandes.edu.co\/cmesa\/wp-content\/uploads\/sites\/35\/2020\/10\/Proceso-300x169.jpg 300w\" sizes=\"auto, (max-width: 717px) 100vw, 717px\" \/><\/figure>\n\n\n\n<p><strong>Producci\u00f3n:<\/strong> Hace referencia al lugar de impresi\u00f3n, al n\u00famero y los temas de los textos impresos y a la parte f\u00edsica de estos.<\/p>\n\n\n\n<p><strong>Circulaci\u00f3n:<\/strong> Hace referencia a los diferentes contextos (personas, instituciones, bibliotecas) en el que circularon los textos impresos. <\/p>\n\n\n\n<p><strong>Recepci\u00f3n:<\/strong>  Hace referencia a la culminaci\u00f3n del proceso de circulaci\u00f3n. <\/p>\n\n\n\n<blockquote class=\"wp-block-quote is-style-large is-layout-flow wp-block-quote-is-layout-flow\"><p><span class=\"has-inline-color has-primary-color\">Para realizar un primer acercamiento a este campo de estudio, haga clic<a href=\"https:\/\/www.banrepcultural.org\/coleccion-bibliografica\/especiales\/primeros-libros-impresos-en-colombia\"> aqu\u00ed. <\/a><\/span><\/p><\/blockquote>\n\n\n\n<h2 class=\"wp-block-heading\">Observe el siguiente video:<\/h2>\n\n\n\n<blockquote class=\"wp-block-quote is-layout-flow wp-block-quote-is-layout-flow\"><p><\/p><\/blockquote>\n\n\n\n<figure class=\"wp-block-embed-youtube wp-block-embed is-type-video is-provider-youtube wp-embed-aspect-16-9 wp-has-aspect-ratio\"><div class=\"wp-block-embed__wrapper\">\n<iframe loading=\"lazy\" title=\"Los primeros libros en Colombia - Por Gemma Bernad\u00f3\" width=\"580\" height=\"326\" src=\"https:\/\/www.youtube.com\/embed\/9HO5Z13ygyI?feature=oembed\" frameborder=\"0\" allow=\"accelerometer; autoplay; clipboard-write; encrypted-media; gyroscope; picture-in-picture; web-share\" referrerpolicy=\"strict-origin-when-cross-origin\" allowfullscreen><\/iframe>\n<\/div><\/figure>\n","protected":false},"excerpt":{"rendered":"<p>En el siglo XVIII, la primera imprenta neogranadina y, as\u00ed mismo, santafere\u00f1a surgi\u00f3 gracias a los miembros de la Compa\u00f1\u00eda de Jes\u00fas. Los primeros textos impresos fueron de car\u00e1cter religioso, como novenarios, septenarios y hojas sueltas, los cuales datan desde 1738. Diversos autores consideran que la actividad de esta imprenta fue escasa debido al aspecto [&hellip;]<\/p>\n","protected":false},"author":35,"featured_media":0,"parent":0,"menu_order":0,"comment_status":"closed","ping_status":"open","template":"","meta":{"_themeisle_gutenberg_block_has_review":false,"footnotes":""},"class_list":["post-2","page","type-page","status-publish","hentry"],"_links":{"self":[{"href":"https:\/\/visiones.uniandes.edu.co\/cmesa\/wp-json\/wp\/v2\/pages\/2","targetHints":{"allow":["GET"]}}],"collection":[{"href":"https:\/\/visiones.uniandes.edu.co\/cmesa\/wp-json\/wp\/v2\/pages"}],"about":[{"href":"https:\/\/visiones.uniandes.edu.co\/cmesa\/wp-json\/wp\/v2\/types\/page"}],"author":[{"embeddable":true,"href":"https:\/\/visiones.uniandes.edu.co\/cmesa\/wp-json\/wp\/v2\/users\/35"}],"replies":[{"embeddable":true,"href":"https:\/\/visiones.uniandes.edu.co\/cmesa\/wp-json\/wp\/v2\/comments?post=2"}],"version-history":[{"count":14,"href":"https:\/\/visiones.uniandes.edu.co\/cmesa\/wp-json\/wp\/v2\/pages\/2\/revisions"}],"predecessor-version":[{"id":87,"href":"https:\/\/visiones.uniandes.edu.co\/cmesa\/wp-json\/wp\/v2\/pages\/2\/revisions\/87"}],"wp:attachment":[{"href":"https:\/\/visiones.uniandes.edu.co\/cmesa\/wp-json\/wp\/v2\/media?parent=2"}],"curies":[{"name":"wp","href":"https:\/\/api.w.org\/{rel}","templated":true}]}}