{"id":2,"date":"2020-02-15T11:53:40","date_gmt":"2020-02-15T11:53:40","guid":{"rendered":"https:\/\/visiones.uniandes.edu.co\/cfamezquita\/?page_id=2"},"modified":"2020-02-25T05:59:50","modified_gmt":"2020-02-25T05:59:50","slug":"sample-page","status":"publish","type":"page","link":"https:\/\/visiones.uniandes.edu.co\/cfamezquita\/","title":{"rendered":"Evoluci\u00f3n Urbana a trav\u00e9s de las din\u00e1micas hist\u00f3ricas"},"content":{"rendered":"\n<p>La Bogot\u00e1 de 500 mil habitantes en 1938, se encontraba inmersa en una din\u00e1mica de una ciudad est\u00e1tica que venia de una profunda tradici\u00f3n rural. La ciudad con sombrero (NI\u00d1O, MURCIA, Carlos, <em>Levantar la ciudad moderna sobre los escombros del pasado, El Saqueo de una Ilusi\u00f3n, 1998).<\/em><\/p>\n\n\n\n<figure class=\"wp-block-image size-large\"><img loading=\"lazy\" decoding=\"async\" width=\"599\" height=\"425\" src=\"https:\/\/visiones.uniandes.edu.co\/cfamezquita\/wp-content\/uploads\/sites\/15\/2020\/02\/BOGOTA-1940.jpg\" alt=\"\" class=\"wp-image-5\" srcset=\"https:\/\/visiones.uniandes.edu.co\/cfamezquita\/wp-content\/uploads\/sites\/15\/2020\/02\/BOGOTA-1940.jpg 599w, https:\/\/visiones.uniandes.edu.co\/cfamezquita\/wp-content\/uploads\/sites\/15\/2020\/02\/BOGOTA-1940-300x213.jpg 300w\" sizes=\"auto, (max-width: 599px) 100vw, 599px\" \/><\/figure>\n\n\n\n<blockquote class=\"wp-block-quote is-layout-flow wp-block-quote-is-layout-flow\"><p>Fuente: <em>Bogot\u00e1 A\u00f1os 40.<\/em> Editorial N\u00famero. 1998.  Foto: Sady Gonz\u00e1lez. <\/p><\/blockquote>\n\n\n\n<p> Con el fin de delimitar la idea de mi proyecto de investigaci\u00f3n, destaco la intenci\u00f3n de abordar desde una perspectiva hist\u00f3rica las trasformaciones de la ciudad a trav\u00e9s de los elementos que la componen, destacando el car\u00e1cter p\u00fablico de los espacios abiertos como contenedores de monumentos conmemorativos y esculturas que representan la memoria de la ciudad y sus trasformaciones. <\/p>\n\n\n\n<figure class=\"wp-block-image size-large\"><img loading=\"lazy\" decoding=\"async\" width=\"1024\" height=\"937\" src=\"https:\/\/visiones.uniandes.edu.co\/cfamezquita\/wp-content\/uploads\/sites\/15\/2020\/02\/66-9-de-abril-en-fotos-tranvia-y-san-francisco-1024x937.jpg\" alt=\"\" class=\"wp-image-19\" srcset=\"https:\/\/visiones.uniandes.edu.co\/cfamezquita\/wp-content\/uploads\/sites\/15\/2020\/02\/66-9-de-abril-en-fotos-tranvia-y-san-francisco-1024x937.jpg 1024w, https:\/\/visiones.uniandes.edu.co\/cfamezquita\/wp-content\/uploads\/sites\/15\/2020\/02\/66-9-de-abril-en-fotos-tranvia-y-san-francisco-300x274.jpg 300w, https:\/\/visiones.uniandes.edu.co\/cfamezquita\/wp-content\/uploads\/sites\/15\/2020\/02\/66-9-de-abril-en-fotos-tranvia-y-san-francisco-768x702.jpg 768w, https:\/\/visiones.uniandes.edu.co\/cfamezquita\/wp-content\/uploads\/sites\/15\/2020\/02\/66-9-de-abril-en-fotos-tranvia-y-san-francisco-1200x1098.jpg 1200w, https:\/\/visiones.uniandes.edu.co\/cfamezquita\/wp-content\/uploads\/sites\/15\/2020\/02\/66-9-de-abril-en-fotos-tranvia-y-san-francisco.jpg 1288w\" sizes=\"auto, (max-width: 1024px) 100vw, 1024px\" \/><\/figure>\n\n\n\n<blockquote class=\"wp-block-quote is-layout-flow wp-block-quote-is-layout-flow\"><p>Fuente:<em> 9 de Abril en Fotos<\/em>. Foto: Manuel H.<\/p><\/blockquote>\n\n\n\n<p>La idea de presentar una coyuntura hist\u00f3rica como hecho de mutaci\u00f3n urbana, permite trazar un l\u00edmite entre el antes y despu\u00e9s del hecho en s\u00ed mismo y las trasformaciones que de este se derivan.<\/p>\n\n\n\n<figure class=\"wp-block-embed-youtube wp-block-embed is-type-video is-provider-youtube wp-embed-aspect-4-3 wp-has-aspect-ratio\"><div class=\"wp-block-embed__wrapper\">\n<iframe loading=\"lazy\" title=\"ESPECIALES VINTAGE El Bogotazo Primera Parte ( IM\u00c1GENES IN\u00c9DITAS)\" width=\"580\" height=\"435\" src=\"https:\/\/www.youtube.com\/embed\/ZCFTHKjSplg?feature=oembed\" frameborder=\"0\" allow=\"accelerometer; autoplay; clipboard-write; encrypted-media; gyroscope; picture-in-picture; web-share\" referrerpolicy=\"strict-origin-when-cross-origin\" allowfullscreen><\/iframe>\n<\/div><\/figure>\n\n\n\n<p>Se hace interesante entonces, plantear como objeto de an\u00e1lisis la avanzada de la modernidad y como este evento evolutivo se presenta en el mundo en contexto del t\u00e9rmino de la Segunda Guerra Mundial y en el contexto colombiano por la coyuntura que representa el hecho hist\u00f3rico denominado <em>El Bogotazo.<\/em><\/p>\n\n\n\n<figure class=\"wp-block-audio\"><audio controls src=\"https:\/\/s3.amazonaws.com\/rtvc-assets-senalmemoria.gov.co\/s3fs-public\/audios-para-el-body\/audio_2_-_mataron_a_gaitan_-_radio_nacional_-_1948.mp3\"><\/audio><\/figure>\n\n\n\n<p>El 9 de abril de 1948, cuando se ocasion\u00f3 en el centro de Bogot\u00e1 un caos de violencia a causa del asesinato del l\u00edder pol\u00edtico Jorge Eli\u00e9cer Gait\u00e1n, que deriv\u00f3 en posteriores disturbios y revueltas populares, que generaron notables transformaciones en los espacios y la memoria urbana, caracterizados por la destrucci\u00f3n de algunos espacios y edificios representativos para la vida p\u00fablica, el poder pol\u00edtico, civil, eclesi\u00e1stico y econ\u00f3mico de la ciudad, generando a su vez el surgimiento de futuros espacios p\u00fablicos y el traslado de diferentes monumentos y esculturas, transmutando el car\u00e1cter de los lugares y generando din\u00e1micas de desarrollo en los sitios y espacios en que fueron implantadas, las que fueron implantadas. <\/p>\n\n\n\n<figure class=\"wp-block-image size-large\"><img loading=\"lazy\" decoding=\"async\" width=\"937\" height=\"659\" src=\"https:\/\/visiones.uniandes.edu.co\/cfamezquita\/wp-content\/uploads\/sites\/15\/2020\/02\/parque-de-la-independencia-1930s-1.jpg\" alt=\"\" class=\"wp-image-28\" srcset=\"https:\/\/visiones.uniandes.edu.co\/cfamezquita\/wp-content\/uploads\/sites\/15\/2020\/02\/parque-de-la-independencia-1930s-1.jpg 937w, https:\/\/visiones.uniandes.edu.co\/cfamezquita\/wp-content\/uploads\/sites\/15\/2020\/02\/parque-de-la-independencia-1930s-1-300x211.jpg 300w, https:\/\/visiones.uniandes.edu.co\/cfamezquita\/wp-content\/uploads\/sites\/15\/2020\/02\/parque-de-la-independencia-1930s-1-768x540.jpg 768w\" sizes=\"auto, (max-width: 937px) 100vw, 937px\" \/><\/figure>\n\n\n\n<blockquote class=\"wp-block-quote is-layout-flow wp-block-quote-is-layout-flow\"><p>Fuente: DELGADILLO, Hugo. <em>El Parque Centenario en Bogot\u00e1. <\/em>Universidad Nacional de Colombia. 2019.<\/p><\/blockquote>\n\n\n\n<p>As\u00ed, se fue gestando la evoluci\u00f3n del monumento\nconmemorativo republicano a expresiones del arte moderno, as\u00ed, se fue gestando la\nevoluci\u00f3n de la Bogot\u00e1 de la primera mitad del siglo XX a <em>la ciudad sin\nsombrero<\/em><em>.<\/em><em> <a href=\"#_ftn1\"><strong>[1]<\/strong><\/a><\/em> <br><\/p>\n\n\n\n<hr class=\"wp-block-separator\" \/>\n\n\n\n<p><a href=\"#_ftnref1\">[1]<\/a> &nbsp;NI\u00d1O MURCIA, Carlos. <em>Levantar la Ciudad Moderna Sobre los Escombros del Pasado<\/em>. En: <em>El Saqueo de una Ilusi\u00f3n<\/em>. Ediciones\nN\u00famero. Bogot\u00e1. 1997. P.161.<\/p>\n\n\n\n<p>.<\/p>\n","protected":false},"excerpt":{"rendered":"<p>La Bogot\u00e1 de 500 mil habitantes en 1938, se encontraba inmersa en una din\u00e1mica de una ciudad est\u00e1tica que venia de una profunda tradici\u00f3n rural. La ciudad con sombrero (NI\u00d1O, MURCIA, Carlos, Levantar la ciudad moderna sobre los escombros del pasado, El Saqueo de una Ilusi\u00f3n, 1998). Fuente: Bogot\u00e1 A\u00f1os 40. Editorial N\u00famero. 1998. Foto: [&hellip;]<\/p>\n","protected":false},"author":15,"featured_media":0,"parent":0,"menu_order":0,"comment_status":"closed","ping_status":"open","template":"","meta":{"_themeisle_gutenberg_block_has_review":false,"footnotes":""},"class_list":["post-2","page","type-page","status-publish","hentry"],"_links":{"self":[{"href":"https:\/\/visiones.uniandes.edu.co\/cfamezquita\/wp-json\/wp\/v2\/pages\/2","targetHints":{"allow":["GET"]}}],"collection":[{"href":"https:\/\/visiones.uniandes.edu.co\/cfamezquita\/wp-json\/wp\/v2\/pages"}],"about":[{"href":"https:\/\/visiones.uniandes.edu.co\/cfamezquita\/wp-json\/wp\/v2\/types\/page"}],"author":[{"embeddable":true,"href":"https:\/\/visiones.uniandes.edu.co\/cfamezquita\/wp-json\/wp\/v2\/users\/15"}],"replies":[{"embeddable":true,"href":"https:\/\/visiones.uniandes.edu.co\/cfamezquita\/wp-json\/wp\/v2\/comments?post=2"}],"version-history":[{"count":8,"href":"https:\/\/visiones.uniandes.edu.co\/cfamezquita\/wp-json\/wp\/v2\/pages\/2\/revisions"}],"predecessor-version":[{"id":29,"href":"https:\/\/visiones.uniandes.edu.co\/cfamezquita\/wp-json\/wp\/v2\/pages\/2\/revisions\/29"}],"wp:attachment":[{"href":"https:\/\/visiones.uniandes.edu.co\/cfamezquita\/wp-json\/wp\/v2\/media?parent=2"}],"curies":[{"name":"wp","href":"https:\/\/api.w.org\/{rel}","templated":true}]}}