{"id":2,"date":"2022-03-19T14:48:23","date_gmt":"2022-03-19T14:48:23","guid":{"rendered":"https:\/\/visiones.uniandes.edu.co\/cdreinach\/?page_id=2"},"modified":"2026-04-01T20:10:27","modified_gmt":"2026-04-01T20:10:27","slug":"acerca-de","status":"publish","type":"page","link":"https:\/\/visiones.uniandes.edu.co\/cdreinach\/acerca-de\/","title":{"rendered":"Acerca de m\u00ed"},"content":{"rendered":"<div class=\"wp-block-image\">\n<figure class=\"alignright size-large\"><img loading=\"lazy\" decoding=\"async\" width=\"1024\" height=\"1024\" src=\"https:\/\/visiones.uniandes.edu.co\/cdreinach\/wp-content\/uploads\/sites\/136\/2025\/01\/IMG_3979-1024x1024.jpg\" alt=\"\" class=\"wp-image-322\" srcset=\"https:\/\/visiones.uniandes.edu.co\/cdreinach\/wp-content\/uploads\/sites\/136\/2025\/01\/IMG_3979-1024x1024.jpg 1024w, https:\/\/visiones.uniandes.edu.co\/cdreinach\/wp-content\/uploads\/sites\/136\/2025\/01\/IMG_3979-300x300.jpg 300w, https:\/\/visiones.uniandes.edu.co\/cdreinach\/wp-content\/uploads\/sites\/136\/2025\/01\/IMG_3979-150x150.jpg 150w, https:\/\/visiones.uniandes.edu.co\/cdreinach\/wp-content\/uploads\/sites\/136\/2025\/01\/IMG_3979-768x768.jpg 768w, https:\/\/visiones.uniandes.edu.co\/cdreinach\/wp-content\/uploads\/sites\/136\/2025\/01\/IMG_3979-1536x1536.jpg 1536w, https:\/\/visiones.uniandes.edu.co\/cdreinach\/wp-content\/uploads\/sites\/136\/2025\/01\/IMG_3979-2048x2048.jpg 2048w, https:\/\/visiones.uniandes.edu.co\/cdreinach\/wp-content\/uploads\/sites\/136\/2025\/01\/IMG_3979-1568x1568.jpg 1568w\" sizes=\"auto, (max-width: 1024px) 100vw, 1024px\" \/><\/figure>\n<\/div>\n\n\n<p class=\"has-small-font-size\">Soy Christian David Reinach, mag\u00edster en Historia del Arte por la Universidad de los Andes (Bogot\u00e1, Colombia), y matem\u00e1tico con \u00e9nfasis en filosof\u00eda de la misma universidad.<\/p>\n\n\n\n<p class=\"has-small-font-size\">Profesionalmente poseo experiencia en los sectores educativo y cultural. En particular, he laborado en instituciones culturales o de ense\u00f1anza como profesor, promotor de lectura, gestor cultural, corrector de estilo, desarrollador instruccional, profesional de investigaci\u00f3n y divulgaci\u00f3n.<\/p>\n\n\n\n<p class=\"has-small-font-size\">Mis intereses acad\u00e9micos son m\u00faltiples. Desde las humanidades me apasiona el estudio del patrimonio cultural y el valor del arte como agente en procesos de reconciliaci\u00f3n, tramitaci\u00f3n del duelo y del dolor. He participado de ejercicios de valoraci\u00f3n cuantitativa de colecciones y en proyectos que integran el estudio del patrimonio cultural con la construcci\u00f3n de memoria hist\u00f3rica, su relaci\u00f3n con la identidad cultural y su agencia en la reparaci\u00f3n del tejido social. Mi enfoque radica en la divulgaci\u00f3n y promoci\u00f3n de la apropiaci\u00f3n social del patrimonio desde las comunidades como sus poseedoras y transformadoras. Desde las matem\u00e1ticas, me interesa el estudio de los procesos estoc\u00e1sticos, los modelos gr\u00e1ficos probabil\u00edsticos, la teor\u00eda de medida e integraci\u00f3n y el pensamiento matem\u00e1tico como pedagog\u00eda del pensamiento abstracto.<\/p>\n","protected":false},"excerpt":{"rendered":"<p>Soy Christian David Reinach, mag\u00edster en Historia del Arte por la Universidad de los Andes (Bogot\u00e1, Colombia), y matem\u00e1tico con \u00e9nfasis en filosof\u00eda de la misma universidad. Profesionalmente poseo experiencia en los sectores educativo y cultural. En particular, he laborado en instituciones culturales o de ense\u00f1anza como profesor, promotor de lectura, gestor cultural, corrector de&hellip; <a class=\"more-link\" href=\"https:\/\/visiones.uniandes.edu.co\/cdreinach\/acerca-de\/\">Seguir leyendo <span class=\"screen-reader-text\">Acerca de m\u00ed<\/span><\/a><\/p>\n","protected":false},"author":135,"featured_media":0,"parent":0,"menu_order":0,"comment_status":"closed","ping_status":"closed","template":"","meta":{"_themeisle_gutenberg_block_has_review":false,"footnotes":""},"class_list":["post-2","page","type-page","status-publish","hentry","entry"],"_links":{"self":[{"href":"https:\/\/visiones.uniandes.edu.co\/cdreinach\/wp-json\/wp\/v2\/pages\/2","targetHints":{"allow":["GET"]}}],"collection":[{"href":"https:\/\/visiones.uniandes.edu.co\/cdreinach\/wp-json\/wp\/v2\/pages"}],"about":[{"href":"https:\/\/visiones.uniandes.edu.co\/cdreinach\/wp-json\/wp\/v2\/types\/page"}],"author":[{"embeddable":true,"href":"https:\/\/visiones.uniandes.edu.co\/cdreinach\/wp-json\/wp\/v2\/users\/135"}],"replies":[{"embeddable":true,"href":"https:\/\/visiones.uniandes.edu.co\/cdreinach\/wp-json\/wp\/v2\/comments?post=2"}],"version-history":[{"count":37,"href":"https:\/\/visiones.uniandes.edu.co\/cdreinach\/wp-json\/wp\/v2\/pages\/2\/revisions"}],"predecessor-version":[{"id":344,"href":"https:\/\/visiones.uniandes.edu.co\/cdreinach\/wp-json\/wp\/v2\/pages\/2\/revisions\/344"}],"wp:attachment":[{"href":"https:\/\/visiones.uniandes.edu.co\/cdreinach\/wp-json\/wp\/v2\/media?parent=2"}],"curies":[{"name":"wp","href":"https:\/\/api.w.org\/{rel}","templated":true}]}}